{"id":11194,"date":"2025-11-03T11:11:16","date_gmt":"2025-11-03T11:11:16","guid":{"rendered":"https:\/\/care4birds.bg\/product\/herbal-care\/"},"modified":"2026-03-31T09:53:03","modified_gmt":"2026-03-31T09:53:03","slug":"herbal-care","status":"publish","type":"product","link":"https:\/\/care4birds.bg\/ro\/produs\/herbal-care\/","title":{"rendered":"Herbal Care"},"content":{"rendered":"<p>Tinctur\u0103 vegetal\u0103 cu acizi organici ad\u0103uga\u021bi, vitamine, minerale \u0219i oligoelemente.<br \/>\nHerbal Care este un produs complet natural care ofer\u0103 o baz\u0103 solid\u0103 at\u00e2t \u00een sezonul de zbor, c\u00e2t \u0219i \u00een afara acestuia. Produsul este o tinctur\u0103 vegetal\u0103 cu acizi organici suplimentari \u0219i este bogat \u00een vitamine, minerale \u0219i oligoelemente, foarte eficiente \u00eempotriva problemelor gastro-intestinale. Herbal Care \u00eembun\u0103t\u0103\u021be\u0219te condi\u021bia porumbeilor, cre\u0219te rezisten\u021ba \u0219i favorizeaz\u0103 o recuperare mai rapid\u0103 dup\u0103 efort. Herbal Care stimuleaz\u0103 fertilitatea \u0219i face porumbeii tineri mai rezisten\u021bi.<\/p>\n<h6>Dozaj<\/h6>\n<p> 10 ml Herbal Care la 1 litru de ap\u0103 de b\u0103ut &#8211; \u00cen perioada de n\u0103p\u00e2rlire: o dat\u0103 sau de dou\u0103 ori pe s\u0103pt\u0103m\u00e2n\u0103 &#8211; \u00cen sezonul de curse: o dat\u0103 sau de dou\u0103 ori pe s\u0103pt\u0103m\u00e2n\u0103 &#8211; Pui: de trei p\u00e2n\u0103 la patru ori pe s\u0103pt\u0103m\u00e2n\u0103 &#8211; Perioada de reproducere: de dou\u0103 ori pe s\u0103pt\u0103m\u00e2n\u0103 Agita\u021bi bine \u00eenainte de utilizare! <\/p>\n<h6>Sfaturi<\/h6>\n<p> \u00cenainte de \u00eenceperea sezonului de curse, administrare preventiv\u0103 timp de 7-10 zile. <\/p>\n<h6>Compozi\u021bie:<\/h6>\n<p> Tinctur\u0103 vegetal\u0103 din r\u0103d\u0103cin\u0103 de ginseng, echinacea, centaur\u0103 mic\u0103, frunz\u0103 de vaccinium myrtillus, scoar\u021b\u0103 de salcie, alge marine, r\u0103d\u0103cin\u0103 de \u021belin\u0103 s\u0103lbatic\u0103, satureja hortensis, scor\u021bi\u0219oar\u0103, crocus sativus; concentrat de sambucus nigra; concentrat de vaccinium myrtillus; acid citric; o\u021bet de mere; glucoz\u0103<\/p>\n","protected":false},"excerpt":{"rendered":"<p>Tinctur\u0103 vegetal\u0103 cu acizi organici ad\u0103uga\u021bi, vitamine, minerale \u0219i oligoelemente. Herbal Care este un produs complet natural care ofer\u0103 o baz\u0103 solid\u0103&hellip;<\/p>\n","protected":false},"featured_media":9538,"template":"","meta":[],"product_cat":[243,254],"product_tag":[],"class_list":{"0":"post-11194","1":"product","2":"type-product","3":"status-publish","4":"has-post-thumbnail","6":"product_cat-suplimente-pentru-pasari","7":"product_cat-suplimente-pentru-porumbei","9":"first","10":"instock","11":"shipping-taxable","12":"product-type-simple"},"_links":{"self":[{"href":"https:\/\/care4birds.bg\/ro\/wp-json\/wp\/v2\/product\/11194","targetHints":{"allow":["GET"]}}],"collection":[{"href":"https:\/\/care4birds.bg\/ro\/wp-json\/wp\/v2\/product"}],"about":[{"href":"https:\/\/care4birds.bg\/ro\/wp-json\/wp\/v2\/types\/product"}],"wp:featuredmedia":[{"embeddable":true,"href":"https:\/\/care4birds.bg\/ro\/wp-json\/wp\/v2\/media\/9538"}],"wp:attachment":[{"href":"https:\/\/care4birds.bg\/ro\/wp-json\/wp\/v2\/media?parent=11194"}],"wp:term":[{"taxonomy":"product_cat","embeddable":true,"href":"https:\/\/care4birds.bg\/ro\/wp-json\/wp\/v2\/product_cat?post=11194"},{"taxonomy":"product_tag","embeddable":true,"href":"https:\/\/care4birds.bg\/ro\/wp-json\/wp\/v2\/product_tag?post=11194"}],"curies":[{"name":"wp","href":"https:\/\/api.w.org\/{rel}","templated":true}]}}