{"id":11204,"date":"2025-11-03T11:10:18","date_gmt":"2025-11-03T11:10:18","guid":{"rendered":"https:\/\/care4birds.bg\/product\/caresol\/"},"modified":"2026-03-31T10:01:02","modified_gmt":"2026-03-31T10:01:02","slug":"caresol","status":"publish","type":"product","link":"https:\/\/care4birds.bg\/ro\/produs\/caresol\/","title":{"rendered":"Caresol"},"content":{"rendered":"<h6>Indica\u021bie:<\/h6>\n<p> Combina\u021bia unic\u0103 de electroli\u021bi \u0219i minerale (potasiu, sodiu, magneziu) pe baza purt\u0103torului de energie glucoz\u0103 ajut\u0103 la accelerarea procesului de recuperare. Hidrataz\u0103 \u0219i sprijin\u0103 p\u0103s\u0103rile \u00een perioadele de temperaturi extreme, \u00een timpul transportului sau la expozi\u021bii. Ofer\u0103 energie \u0219i electroli\u021bi pentru a ajuta p\u0103s\u0103rile s\u0103 se recupereze dup\u0103 boal\u0103, stres \u0219i efort mare. Cre\u0219te vigoarea \u0219i vitalitatea p\u0103s\u0103rilor la expozi\u021bii sau la v\u00e2nzare. Solu\u021bia preparat\u0103 poate fi administrat\u0103 direct \u00een situa\u021bii de urgen\u021b\u0103 pentru a oferi energie cu efect rapid. <\/p>\n<h6>Dozaj \u0219i mod de utilizare:<\/h6>\n<div>\n<div>DOZA SEZON DE REPRODUCERE: pentru pui puternici \u0219i \u00een cre\u0219tere s\u0103n\u0103toas\u0103: aprox. 25 ml \u00een 1 litru de ap\u0103 timp de 5 zile consecutive, \u00eencep\u00e2nd c\u00e2nd puii au aproximativ 1 s\u0103pt\u0103m\u00e2n\u0103.<\/div>\n<div>DOZA SEZON DE CURSE: 2-3 ori pe s\u0103pt\u0103m\u00e2n\u0103 15 ml per 1 litru de ap\u0103.<\/div>\n<div>DUP\u0102 MARE EFORT (sezonul de curse): dup\u0103 ce porumbeii se \u00eentorc acas\u0103, oferi\u021bi-le mai \u00eent\u00e2i ap\u0103 curat\u0103, apoi ad\u0103uga\u021bi CARESOL \u00een apa de b\u0103ut. 15 ml (1\/2 capac de m\u0103surare) per litru ap\u0103 de b\u0103ut.<\/div>\n<\/p><\/div>\n<h6>Note:<\/h6>\n<div>\n<div>\u2022 Agita\u021bi bine \u00eenainte de utilizare!<\/div>\n<div>\u2022 A se p\u0103stra ferit de copii.<\/div>\n<div>\u2022 Doar pentru administrare oral\u0103 la animale care nu sunt destinate consumului uman.<\/div>\n<div>\u2022 A se p\u0103stra \u00eentr-un loc uscat, ferit de lumina direct\u0103 a soarelui \u0219i \u00eentre 0-30 \u00b0C.<\/div>\n<div>\u2022 Termen de valabilitate: vezi ambalajul.<\/div>\n<div>\u2022 Con\u021binut: 500 ml supliment alimentar pentru porumbei<\/div>\n<\/p><\/div>\n","protected":false},"excerpt":{"rendered":"<p>Indica\u021bie: Combina\u021bia unic\u0103 de electroli\u021bi \u0219i minerale (potasiu, sodiu, magneziu) pe baza purt\u0103torului de energie glucoz\u0103 ajut\u0103 la accelerarea procesului de recuperare.&hellip;<\/p>\n","protected":false},"featured_media":9546,"template":"","meta":[],"product_cat":[243,254],"product_tag":[],"class_list":{"0":"post-11204","1":"product","2":"type-product","3":"status-publish","4":"has-post-thumbnail","6":"product_cat-suplimente-pentru-pasari","7":"product_cat-suplimente-pentru-porumbei","9":"first","10":"instock","11":"shipping-taxable","12":"product-type-simple"},"_links":{"self":[{"href":"https:\/\/care4birds.bg\/ro\/wp-json\/wp\/v2\/product\/11204","targetHints":{"allow":["GET"]}}],"collection":[{"href":"https:\/\/care4birds.bg\/ro\/wp-json\/wp\/v2\/product"}],"about":[{"href":"https:\/\/care4birds.bg\/ro\/wp-json\/wp\/v2\/types\/product"}],"wp:featuredmedia":[{"embeddable":true,"href":"https:\/\/care4birds.bg\/ro\/wp-json\/wp\/v2\/media\/9546"}],"wp:attachment":[{"href":"https:\/\/care4birds.bg\/ro\/wp-json\/wp\/v2\/media?parent=11204"}],"wp:term":[{"taxonomy":"product_cat","embeddable":true,"href":"https:\/\/care4birds.bg\/ro\/wp-json\/wp\/v2\/product_cat?post=11204"},{"taxonomy":"product_tag","embeddable":true,"href":"https:\/\/care4birds.bg\/ro\/wp-json\/wp\/v2\/product_tag?post=11204"}],"curies":[{"name":"wp","href":"https:\/\/api.w.org\/{rel}","templated":true}]}}