{"id":11214,"date":"2025-11-03T11:08:49","date_gmt":"2025-11-03T11:08:49","guid":{"rendered":"https:\/\/care4birds.bg\/product\/fly-forma-drops\/"},"modified":"2026-03-31T10:10:23","modified_gmt":"2026-03-31T10:10:23","slug":"fly-forma-drops","status":"publish","type":"product","link":"https:\/\/care4birds.bg\/ro\/produs\/fly-forma-drops\/","title":{"rendered":"Fly forma drops"},"content":{"rendered":"<h6>Indica\u021bii:<\/h6>\n<div>Pentru cur\u0103\u021barea ochilor. Irita\u021bia ochilor \u0219i a canalelor lacrimale poate afecta orientarea \u0219i performan\u021ba la zbor.<\/div>\n<div>Rezult\u00e2nd \u00eentr-o performan\u021b\u0103 dezam\u0103gitoare.<\/div>\n<h6>FORMUL\u0102:<\/h6>\n<div>Extracte din plante (Melilotus officinalis, Euphrasia, Plantago lanceolata) \u0219i Argenti proteinas.<\/div>\n<h6>Con\u021bine:<\/h6>\n<div>Produs de tratament de 30 ml pentru porumbei de curse \u0219i ornamentali<\/div>\n<h6>DOZAJ \u0219i INSTRUC\u021aIUNI DE UTILIZARE:<\/h6>\n<div>Folosi\u021bi 1\u20132 pic\u0103turi pe ochi. Agita\u021bi \u00eenainte de utilizare!<\/div>\n<h6>CUM S\u0102-L UTILIZA\u021aI:<\/h6>\n<div>Porumbei de curse: O pic\u0103tur\u0103 \u00een fiecare ochi \u0219i n\u0103ri \u00eenainte \u0219i dup\u0103 zbor.<\/div>\n<div>Dac\u0103 porumbeii sunt \u00een stare bun\u0103, pic\u0103tura va disp\u0103rea aproape imediat.<\/div>\n","protected":false},"excerpt":{"rendered":"<p>Indica\u021bii: Pentru cur\u0103\u021barea ochilor. Irita\u021bia ochilor \u0219i a canalelor lacrimale poate afecta orientarea \u0219i performan\u021ba la zbor. Rezult\u00e2nd \u00eentr-o performan\u021b\u0103 dezam\u0103gitoare. FORMUL\u0102:&hellip;<\/p>\n","protected":false},"featured_media":9542,"template":"","meta":[],"product_cat":[254],"product_tag":[],"class_list":{"0":"post-11214","1":"product","2":"type-product","3":"status-publish","4":"has-post-thumbnail","6":"product_cat-suplimente-pentru-porumbei","8":"first","9":"instock","10":"shipping-taxable","11":"product-type-simple"},"_links":{"self":[{"href":"https:\/\/care4birds.bg\/ro\/wp-json\/wp\/v2\/product\/11214","targetHints":{"allow":["GET"]}}],"collection":[{"href":"https:\/\/care4birds.bg\/ro\/wp-json\/wp\/v2\/product"}],"about":[{"href":"https:\/\/care4birds.bg\/ro\/wp-json\/wp\/v2\/types\/product"}],"wp:featuredmedia":[{"embeddable":true,"href":"https:\/\/care4birds.bg\/ro\/wp-json\/wp\/v2\/media\/9542"}],"wp:attachment":[{"href":"https:\/\/care4birds.bg\/ro\/wp-json\/wp\/v2\/media?parent=11214"}],"wp:term":[{"taxonomy":"product_cat","embeddable":true,"href":"https:\/\/care4birds.bg\/ro\/wp-json\/wp\/v2\/product_cat?post=11214"},{"taxonomy":"product_tag","embeddable":true,"href":"https:\/\/care4birds.bg\/ro\/wp-json\/wp\/v2\/product_tag?post=11214"}],"curies":[{"name":"wp","href":"https:\/\/api.w.org\/{rel}","templated":true}]}}