{"id":11223,"date":"2025-11-03T11:08:27","date_gmt":"2025-11-03T11:08:27","guid":{"rendered":"https:\/\/care4birds.bg\/product\/carechol\/"},"modified":"2026-04-01T07:31:41","modified_gmt":"2026-04-01T07:31:41","slug":"carechol","status":"publish","type":"product","link":"https:\/\/care4birds.bg\/ro\/produs\/carechol\/","title":{"rendered":"Carechol"},"content":{"rendered":"<h6>Indica\u021bie:<\/h6>\n<p>Metionina \u0219i colina sunt aminoacizi esen\u021biali sulfura\u021bi care protejeaz\u0103 ficatul \u0219i rinichii, combat degenerarea gras\u0103 a ficatului \u0219i asigur\u0103 transportul gr\u0103similor c\u0103tre celule, esen\u021bial pentru buna func\u021bionare a sistemului nervos. Contribuie la cre\u0219terea optim\u0103 a porumbeilor tineri \u0219i sunt foarte importante \u00een perioada de n\u0103p\u00e2rlire. Toate acestea fac din Carechol un produs care poate fi administrat pe tot parcursul anului.<\/p>\n<h6>Dozaj:<\/h6>\n<p>\u00cen timpul n\u0103p\u00e2rlirii:<br \/>\n10 ml la 1 l de ap\u0103 de b\u0103ut sau la 1 kg de hran\u0103, de dou\u0103 ori pe s\u0103pt\u0103m\u00e2n\u0103<\/p>\n<p>\u00cen sezonul de zbor:<br \/>\n10 ml la 1 l de ap\u0103 de b\u0103ut sau la 1 kg de hran\u0103, o dat\u0103 pe s\u0103pt\u0103m\u00e2n\u0103<\/p>\n<p>Ca tratament:<br \/>\n10 ml la 1 l de ap\u0103 de b\u0103ut sau la 1 kg de hran\u0103, timp de 5 zile consecutive<\/p>\n<h6>Ambalaj:<\/h6>\n<p>1000 ml lichid oral pentru tratamentul porumbeilor \u0219i p\u0103s\u0103rilor de colivie cu greutatea \u00eentre 300 \u0219i 3000 g.<\/p>\n<h6>Compozi\u021bie:<\/h6>\n<p>Metionin\u0103: 1 % ; Colin\u0103: 15 % ; Glucoz\u0103: 60 % ; Ingrediente inactive p\u00e2n\u0103 la 100 %<\/p>\n","protected":false},"excerpt":{"rendered":"<p>Indica\u021bie: Metionina \u0219i colina sunt aminoacizi esen\u021biali sulfura\u021bi care protejeaz\u0103 ficatul \u0219i rinichii, combat degenerarea gras\u0103 a ficatului \u0219i asigur\u0103 transportul gr\u0103similor&hellip;<\/p>\n","protected":false},"featured_media":9539,"template":"","meta":[],"product_cat":[243,254],"product_tag":[],"class_list":{"0":"post-11223","1":"product","2":"type-product","3":"status-publish","4":"has-post-thumbnail","6":"product_cat-suplimente-pentru-pasari","7":"product_cat-suplimente-pentru-porumbei","9":"first","10":"instock","11":"shipping-taxable","12":"product-type-simple"},"_links":{"self":[{"href":"https:\/\/care4birds.bg\/ro\/wp-json\/wp\/v2\/product\/11223","targetHints":{"allow":["GET"]}}],"collection":[{"href":"https:\/\/care4birds.bg\/ro\/wp-json\/wp\/v2\/product"}],"about":[{"href":"https:\/\/care4birds.bg\/ro\/wp-json\/wp\/v2\/types\/product"}],"wp:featuredmedia":[{"embeddable":true,"href":"https:\/\/care4birds.bg\/ro\/wp-json\/wp\/v2\/media\/9539"}],"wp:attachment":[{"href":"https:\/\/care4birds.bg\/ro\/wp-json\/wp\/v2\/media?parent=11223"}],"wp:term":[{"taxonomy":"product_cat","embeddable":true,"href":"https:\/\/care4birds.bg\/ro\/wp-json\/wp\/v2\/product_cat?post=11223"},{"taxonomy":"product_tag","embeddable":true,"href":"https:\/\/care4birds.bg\/ro\/wp-json\/wp\/v2\/product_tag?post=11223"}],"curies":[{"name":"wp","href":"https:\/\/api.w.org\/{rel}","templated":true}]}}