{"id":11232,"date":"2025-11-03T11:07:01","date_gmt":"2025-11-03T11:07:01","guid":{"rendered":"https:\/\/care4birds.bg\/product\/caremin\/"},"modified":"2026-04-01T07:36:43","modified_gmt":"2026-04-01T07:36:43","slug":"caremin","status":"publish","type":"product","link":"https:\/\/care4birds.bg\/ro\/produs\/caremin\/","title":{"rendered":"Caremin"},"content":{"rendered":"<h6>Indica\u021bie:<\/h6>\n<p>CAREMIN contribuie la o stare bun\u0103 de s\u0103n\u0103tate \u0219i ajut\u0103 la \u00eent\u0103rirea sistemului imunitar la porumbeii tineri \u0219i adul\u021bi. Poate fi administrat pe tot parcursul anului, dar este indispensabil \u00een perioadele solicitante precum reproducerea, sezonul de zbor, n\u0103p\u00e2rlirea \u0219i dup\u0103 tratamente cu antibiotice sau vaccinare.<br \/>\nPoate fi administrat \u00een apa de b\u0103ut sau peste hran\u0103.<\/p>\n<h6><b><\/b>Dozaj<\/h6>\n<p>10 ml la 1 litru de ap\u0103 de b\u0103ut sau 15 ml pe kg de hran\u0103. De 2 ori pe s\u0103pt\u0103m\u00e2n\u0103.<br \/>\nAgita\u021bi \u00eenainte de utilizare!<\/p>\n<h6>Ambalaj<\/h6>\n<p>1000 ml lichid oral pentru tratamentul porumbeilor \u0219i p\u0103s\u0103rilor de colivie de la 300 la 3000 g greutate vie<\/p>\n<p>Composition<b><\/b><i><\/i><u><\/u><br \/>\nVitamina A        6250.000 UI<br \/>\nVitamina D3      1250.000 UI<br \/>\nVitamina B1                375 mg<br \/>\nVitamina B 2               313 mg<br \/>\nVitamina B 6               500 mg<br \/>\nVitamina B        125.000   mcg<br \/>\nVitamina B 3             5.000 mg<br \/>\nVitamina C                5.000 mg<br \/>\nVitamina E                2.500 mg<br \/>\nVitamina K3                750 mg<br \/>\nAcid folic                     13 mg<br \/>\nCalciumpantothena1.625 mg<br \/>\nL-Arginin\u0103                 400 mg<br \/>\nAcid L-aspartic      1.800 mg<br \/>\nGlicin\u0103                      340 mg<br \/>\nLeucin\u0103                   1.700 mg<br \/>\nLizin\u0103                     1.560 mg<br \/>\nMetionin\u0103                 360 mg<br \/>\nTirozin\u0103                     520 mg<br \/>\nValin\u0103                        960 mg<br \/>\nIngrediente inactive p\u00e2n\u0103 la 1.000 ml<\/p>\n<p>A nu se l\u0103sa la \u00eendem\u00e2na copiilor.<br \/>\nNumai pentru administrare oral\u0103 la animale care nu sunt destinate consumului uman.<br \/>\nA se p\u0103stra \u00eentr-un loc uscat, ferit de lumina direct\u0103 a soarelui \u0219i \u00eentre 0\u201330\u02daC.<br \/>\nA se consuma de preferin\u021b\u0103 \u00eenainte de: vezi ambalaj.<\/p>\n","protected":false},"excerpt":{"rendered":"<p>Indica\u021bie: CAREMIN contribuie la o stare bun\u0103 de s\u0103n\u0103tate \u0219i ajut\u0103 la \u00eent\u0103rirea sistemului imunitar la porumbeii tineri \u0219i adul\u021bi. Poate fi&hellip;<\/p>\n","protected":false},"featured_media":9541,"template":"","meta":[],"product_cat":[243,254],"product_tag":[],"class_list":{"0":"post-11232","1":"product","2":"type-product","3":"status-publish","4":"has-post-thumbnail","6":"product_cat-suplimente-pentru-pasari","7":"product_cat-suplimente-pentru-porumbei","9":"first","10":"instock","11":"shipping-taxable","12":"product-type-simple"},"_links":{"self":[{"href":"https:\/\/care4birds.bg\/ro\/wp-json\/wp\/v2\/product\/11232","targetHints":{"allow":["GET"]}}],"collection":[{"href":"https:\/\/care4birds.bg\/ro\/wp-json\/wp\/v2\/product"}],"about":[{"href":"https:\/\/care4birds.bg\/ro\/wp-json\/wp\/v2\/types\/product"}],"wp:featuredmedia":[{"embeddable":true,"href":"https:\/\/care4birds.bg\/ro\/wp-json\/wp\/v2\/media\/9541"}],"wp:attachment":[{"href":"https:\/\/care4birds.bg\/ro\/wp-json\/wp\/v2\/media?parent=11232"}],"wp:term":[{"taxonomy":"product_cat","embeddable":true,"href":"https:\/\/care4birds.bg\/ro\/wp-json\/wp\/v2\/product_cat?post=11232"},{"taxonomy":"product_tag","embeddable":true,"href":"https:\/\/care4birds.bg\/ro\/wp-json\/wp\/v2\/product_tag?post=11232"}],"curies":[{"name":"wp","href":"https:\/\/api.w.org\/{rel}","templated":true}]}}