{"id":11241,"date":"2025-11-03T11:06:31","date_gmt":"2025-11-03T11:06:31","guid":{"rendered":"https:\/\/care4birds.bg\/product\/bathsalt\/"},"modified":"2026-04-01T07:41:25","modified_gmt":"2026-04-01T07:41:25","slug":"bathsalt","status":"publish","type":"product","link":"https:\/\/care4birds.bg\/ro\/produs\/bathsalt\/","title":{"rendered":"Bathsalt"},"content":{"rendered":"<p><i>S\u0103ruri de baie ideale pentru porumbei<\/i><\/p>\n<p>Recomandat pentru toate anotimpurile \u0219i \u00een special \u00een perioada de n\u0103p\u00e2rlire.<\/p>\n<ul>\n<li>Face penele mai flexibile<\/li>\n<li>Stimuleaz\u0103 n\u0103p\u00e2rlirea pufului \u0219i \u00eendep\u0103rteaz\u0103 scuamele pielii<\/li>\n<li>Pene mai puternice<\/li>\n<li>Relaxeaz\u0103 mu\u0219chii<\/li>\n<li>\u00cendep\u0103rteaz\u0103 scuamele pielii f\u0103r\u0103 a afecta starea porumbeilor.<\/li>\n<\/ul>\n<h6>Dozaj<\/h6>\n<p>1 lingur\u0103 de m\u0103surare plin\u0103 (20 g) la 10 l de ap\u0103, o dat\u0103 sau de dou\u0103 ori pe s\u0103pt\u0103m\u00e2n\u0103.<br \/>\n\u00cen special \u00een perioada de n\u0103p\u00e2rlire: 2 b\u0103i pe s\u0103pt\u0103m\u00e2n\u0103.<\/p>\n","protected":false},"excerpt":{"rendered":"<p>S\u0103ruri de baie ideale pentru porumbei Recomandat pentru toate anotimpurile \u0219i \u00een special \u00een perioada de n\u0103p\u00e2rlire. Face penele mai flexibile Stimuleaz\u0103&hellip;<\/p>\n","protected":false},"featured_media":9543,"template":"","meta":[],"product_cat":[254],"product_tag":[],"class_list":{"0":"post-11241","1":"product","2":"type-product","3":"status-publish","4":"has-post-thumbnail","6":"product_cat-suplimente-pentru-porumbei","8":"first","9":"instock","10":"shipping-taxable","11":"product-type-simple"},"_links":{"self":[{"href":"https:\/\/care4birds.bg\/ro\/wp-json\/wp\/v2\/product\/11241","targetHints":{"allow":["GET"]}}],"collection":[{"href":"https:\/\/care4birds.bg\/ro\/wp-json\/wp\/v2\/product"}],"about":[{"href":"https:\/\/care4birds.bg\/ro\/wp-json\/wp\/v2\/types\/product"}],"wp:featuredmedia":[{"embeddable":true,"href":"https:\/\/care4birds.bg\/ro\/wp-json\/wp\/v2\/media\/9543"}],"wp:attachment":[{"href":"https:\/\/care4birds.bg\/ro\/wp-json\/wp\/v2\/media?parent=11241"}],"wp:term":[{"taxonomy":"product_cat","embeddable":true,"href":"https:\/\/care4birds.bg\/ro\/wp-json\/wp\/v2\/product_cat?post=11241"},{"taxonomy":"product_tag","embeddable":true,"href":"https:\/\/care4birds.bg\/ro\/wp-json\/wp\/v2\/product_tag?post=11241"}],"curies":[{"name":"wp","href":"https:\/\/api.w.org\/{rel}","templated":true}]}}