{"id":11255,"date":"2025-11-03T11:03:01","date_gmt":"2025-11-03T11:03:01","guid":{"rendered":"https:\/\/care4birds.bg\/product\/orni-super-mix\/"},"modified":"2026-04-01T07:45:19","modified_gmt":"2026-04-01T07:45:19","slug":"orni-super-mix","status":"publish","type":"product","link":"https:\/\/care4birds.bg\/ro\/produs\/orni-super-mix\/","title":{"rendered":"Orni Super Mix"},"content":{"rendered":"<div>\n<h6>Indica\u021bie:<\/h6>\n<p>Ornitoz\u0103, Micoplasmoz\u0103, probleme respiratorii \u0219i Trichomoniaz\u0103.<\/p>\n<\/div>\n<h6>Simptome:<\/h6>\n<div>Smulgerea penelor, sc\u0103rpinarea capului, g\u00e2t ro\u0219u, c\u0103scat, a treia pleoap\u0103 inflamat\u0103 (mai ales la porumbeii tineri), n\u0103ri murdare, carne alb\u0103struie, capete umflate, r\u0103ceal\u0103 la un ochi, ochi umezi, mucus.<\/div>\n<h6>Dozaj:<\/h6>\n<div><i>ORNI SUPER MIX POWDER<\/i><br \/>\nPreven\u021bie: 1 lingur\u0103 dozatoare (=5g) la 2 litri de ap\u0103 de b\u0103ut timp de 1-2 zile la fiecare 2 s\u0103pt\u0103m\u00e2ni,<\/div>\n<div>de preferat \u00eencep\u00e2nd cu ziua de dup\u0103 curs\u0103.<\/div>\n<div>Tratament: 1 lingur\u0103 dozatoare (=5g) la 2 litri de ap\u0103 de b\u0103ut timp de 5-7 zile consecutive.<\/div>\n<div>Acest tratament poate fi repetat dac\u0103 este necesar dup\u0103 c\u00e2teva zile.<\/div>\n<div>Amesteca\u021bi bine \u00eenainte de utilizare!<\/div>\n<div>Orni Super Mix este o pulbere solubil\u0103 \u00een ap\u0103 care poate fi administrat\u0103 \u0219i peste hran\u0103.<\/div>\n<div>\n<p>Lingur\u0103 dozatoare 1+5 g inclus\u0103.<\/p>\n<p><i>ORNI SUPER MIX TABS<\/i><br \/>\nPreventiv: 1 tablet\u0103 per porumbel (400-500 g greutate corporal\u0103) timp de 1-2 zile consecutive.<br \/>\nCurativ: 1 tablet\u0103 per porumbel (400-500 g greutate corporal\u0103) timp de 3-5 zile consecutive sau conform prescrip\u021biei medicului veterinar.<\/p>\n<\/div>\n<h6>Con\u021bine:<\/h6>\n<p><i>ORNI SUPER MIX POWDER<\/i><br \/>\nDoxiciclin\u0103 hiclat 6%, Spiramicin\u0103 adipat 10%, Metronidazol 10%, Bromhexin\u0103 HCl 2%, Ingrediente inactive p\u00e2n\u0103 la 100 g.<\/p>\n<p><i>ORNI SUPER MIX TABS<\/i><br \/>\n<i>Doxiciclin\u0103 hiclat <\/i><i>102 mg\/g; Spiramicin\u0103 adipat <\/i><i>80 mg\/g; Metronidazol <\/i><i>100 mg\/g; Bromhexin\u0103 HCl <\/i><i>20 mg\/g<\/i><\/p>\n","protected":false},"excerpt":{"rendered":"<p>Indica\u021bie: Ornitoz\u0103, Micoplasmoz\u0103, probleme respiratorii \u0219i Trichomoniaz\u0103. Simptome: Smulgerea penelor, sc\u0103rpinarea capului, g\u00e2t ro\u0219u, c\u0103scat, a treia pleoap\u0103 inflamat\u0103 (mai ales la&hellip;<\/p>\n","protected":false},"featured_media":11256,"template":"","meta":[],"product_cat":[225],"product_tag":[],"class_list":{"0":"post-11255","1":"product","2":"type-product","3":"status-publish","4":"has-post-thumbnail","6":"product_cat-medicamente-pentru-porumbei","8":"first","9":"instock","10":"shipping-taxable","11":"product-type-simple"},"_links":{"self":[{"href":"https:\/\/care4birds.bg\/ro\/wp-json\/wp\/v2\/product\/11255","targetHints":{"allow":["GET"]}}],"collection":[{"href":"https:\/\/care4birds.bg\/ro\/wp-json\/wp\/v2\/product"}],"about":[{"href":"https:\/\/care4birds.bg\/ro\/wp-json\/wp\/v2\/types\/product"}],"wp:featuredmedia":[{"embeddable":true,"href":"https:\/\/care4birds.bg\/ro\/wp-json\/wp\/v2\/media\/11256"}],"wp:attachment":[{"href":"https:\/\/care4birds.bg\/ro\/wp-json\/wp\/v2\/media?parent=11255"}],"wp:term":[{"taxonomy":"product_cat","embeddable":true,"href":"https:\/\/care4birds.bg\/ro\/wp-json\/wp\/v2\/product_cat?post=11255"},{"taxonomy":"product_tag","embeddable":true,"href":"https:\/\/care4birds.bg\/ro\/wp-json\/wp\/v2\/product_tag?post=11255"}],"curies":[{"name":"wp","href":"https:\/\/api.w.org\/{rel}","templated":true}]}}