{"id":11272,"date":"2025-11-03T11:00:43","date_gmt":"2025-11-03T11:00:43","guid":{"rendered":"https:\/\/care4birds.bg\/product\/respiratory-broncho-mix\/"},"modified":"2026-04-01T07:52:25","modified_gmt":"2026-04-01T07:52:25","slug":"respiratory-broncho-mix","status":"publish","type":"product","link":"https:\/\/care4birds.bg\/ro\/produs\/respiratory-broncho-mix\/","title":{"rendered":"Respiratory Broncho Mix"},"content":{"rendered":"<div>\n<h6>Indica\u021bie:<\/h6>\n<\/div>\n<div>Sistemul respirator poate fi infectat de Chlamydia, Micoplasma, bacterii (\u00een special E. coli), fungi \u0219i virusuri. De aceea acest amestec con\u021bine mai multe substan\u021be active.<\/div>\n<h6>Simptome:<\/h6>\n<div>Str\u0103nut, sc\u0103derea activit\u0103\u021bii de zbor, pierderi la curse, secre\u021bii oculare \u0219i nazale, cear\u0103 \u0219i sinusuri umflate, \u00eentinderea g\u00e2tului \u0219i \u00eenghi\u021bire, c\u0103scat, excremente verzi v\u00e2scoase.<\/div>\n<h6>Dozaj:<\/h6>\n<div><i>RESPIRATORY BRONCHO MIX POWDER<\/i><\/div>\n<div>Preven\u021bie: 1 lingur\u0103 dozatoare (=5g) la 2 litri de ap\u0103 de b\u0103ut timp de 1-2 zile la fiecare 2 s\u0103pt\u0103m\u00e2ni,<\/div>\n<div>de preferat \u00eencep\u00e2nd cu ziua de dup\u0103 curs\u0103.<\/div>\n<div>Tratament: 1 lingur\u0103 dozatoare (=5g) la 2 litri de ap\u0103 de b\u0103ut timp de 5-7 zile consecutive.<\/div>\n<div>Acest tratament poate fi repetat dac\u0103 este necesar dup\u0103 c\u00e2teva zile.<\/div>\n<div>Amesteca\u021bi bine \u00eenainte de utilizare!<\/div>\n<div>Respiratory Broncho Mix este o pulbere solubil\u0103 \u00een ap\u0103 care poate fi administrat\u0103 \u0219i peste hran\u0103.<\/div>\n<div>\n<p>Lingur\u0103 dozatoare 1+5 g inclus\u0103.<\/p>\n<p><i>RESPIRATORY BRONCHO TABS<\/i><\/p>\n<\/div>\n<p>Preventiv: 1 tablet\u0103 per porumbel (400-500 g greutate corporal\u0103) timp de 1-2 zile consecutive.<br \/>\nCurativ: 1 tablet\u0103 per porumbel (400-500 g greutate corporal\u0103) timp de 3-5 zile consecutive sau conform prescrip\u021biei medicului veterinar.<\/p>\n<h6>Con\u021bine:<\/h6>\n<p><i>RESPIRATORY BRONCHO MIX POWDER<\/i><br \/>\nEritromicin\u0103 Thioc 3.5%, Neomicin\u0103 sulfat 1.0%, Streptomicin\u0103 sulfat 3.5%, Futaltadon HCl 6.0%, Oxitetraciclin\u0103 HCl 5.0%, Vitamine,<br \/>\nIngrediente inactive p\u00e2n\u0103 la 100 g.<\/p>\n<p><i>RESPIRATORY BRONCHO TABS<\/i><br \/>\nLincomicin\u0103 250 mg\/g ; Spectinomicin\u0103 75 mg\/g<\/p>\n","protected":false},"excerpt":{"rendered":"<p>Indica\u021bie: Sistemul respirator poate fi infectat de Chlamydia, Micoplasma, bacterii (\u00een special E. coli), fungi \u0219i virusuri. De aceea acest amestec con\u021bine&hellip;<\/p>\n","protected":false},"featured_media":11273,"template":"","meta":[],"product_cat":[225],"product_tag":[],"class_list":{"0":"post-11272","1":"product","2":"type-product","3":"status-publish","4":"has-post-thumbnail","6":"product_cat-medicamente-pentru-porumbei","8":"first","9":"instock","10":"shipping-taxable","11":"product-type-simple"},"_links":{"self":[{"href":"https:\/\/care4birds.bg\/ro\/wp-json\/wp\/v2\/product\/11272","targetHints":{"allow":["GET"]}}],"collection":[{"href":"https:\/\/care4birds.bg\/ro\/wp-json\/wp\/v2\/product"}],"about":[{"href":"https:\/\/care4birds.bg\/ro\/wp-json\/wp\/v2\/types\/product"}],"wp:featuredmedia":[{"embeddable":true,"href":"https:\/\/care4birds.bg\/ro\/wp-json\/wp\/v2\/media\/11273"}],"wp:attachment":[{"href":"https:\/\/care4birds.bg\/ro\/wp-json\/wp\/v2\/media?parent=11272"}],"wp:term":[{"taxonomy":"product_cat","embeddable":true,"href":"https:\/\/care4birds.bg\/ro\/wp-json\/wp\/v2\/product_cat?post=11272"},{"taxonomy":"product_tag","embeddable":true,"href":"https:\/\/care4birds.bg\/ro\/wp-json\/wp\/v2\/product_tag?post=11272"}],"curies":[{"name":"wp","href":"https:\/\/api.w.org\/{rel}","templated":true}]}}