{"id":11289,"date":"2025-11-03T11:00:07","date_gmt":"2025-11-03T11:00:07","guid":{"rendered":"https:\/\/care4birds.bg\/product\/worm-care\/"},"modified":"2026-04-01T07:58:26","modified_gmt":"2026-04-01T07:58:26","slug":"worm-care","status":"publish","type":"product","link":"https:\/\/care4birds.bg\/ro\/produs\/worm-care\/","title":{"rendered":"Worm Care"},"content":{"rendered":"<div>\n<h6>Indica\u021bie:<\/h6>\n<p>Infest\u0103ri cu viermi capilari \u0219i rotunzi la porumbei<br \/>\n(Capilarias spp \u0219i Ascaridia spp)<\/p>\n<\/div>\n<h6>Simptome:<\/h6>\n<div>P\u0103s\u0103rile pierd \u00een greutate. Porumbeii puternic infesta\u021bi prezint\u0103 o stare general\u0103 afectat\u0103, sunt apatici, cu penaj tern \u0219i zburlit \u0219i excremente de consisten\u021b\u0103 variabil\u0103.<\/div>\n<h6>Dozaj:<\/h6>\n<div><i>WORM CARE POWDER<\/i><br \/>\n5 g la 2 L ap\u0103 de b\u0103ut (40 porumbei), timp de 1 sau 2 zile. Porumbeii nu trebuie deparazita\u021bi \u00een timpul cre\u0219terii puilor sau \u00een perioada principal\u0103 de n\u0103p\u00e2rlire. Repeta\u021bi tratamentul dup\u0103 10-12 zile.<br \/>\nWorm Care este o pulbere solubil\u0103 \u00een ap\u0103 care poate fi administrat\u0103 \u0219i peste hran\u0103.<\/div>\n<div><i>WORM CARE TABS<\/i><br \/>\n1 tablet\u0103 per porumbel (400-500 g greutate corporal\u0103) timp de 1 zi. Repeta\u021bi tratamentul dup\u0103 10-12 zile.<\/div>\n<h6>Con\u021bine:<\/h6>\n<p><i>WORM CARE POWDER<\/i><br \/>\nLevamisol HCl 16%, Ingrediente inactive p\u00e2n\u0103 la 100 g.<\/p>\n<p><i>WORM CARE TABS<\/i><br \/>\nFlubendazol 66,7 mg\/g<\/p>\n","protected":false},"excerpt":{"rendered":"<p>Indica\u021bie: Infest\u0103ri cu viermi capilari \u0219i rotunzi la porumbei (Capilarias spp \u0219i Ascaridia spp) Simptome: P\u0103s\u0103rile pierd \u00een greutate. Porumbeii puternic infesta\u021bi&hellip;<\/p>\n","protected":false},"featured_media":11290,"template":"","meta":[],"product_cat":[225],"product_tag":[],"class_list":{"0":"post-11289","1":"product","2":"type-product","3":"status-publish","4":"has-post-thumbnail","6":"product_cat-medicamente-pentru-porumbei","8":"first","9":"instock","10":"shipping-taxable","11":"product-type-simple"},"_links":{"self":[{"href":"https:\/\/care4birds.bg\/ro\/wp-json\/wp\/v2\/product\/11289","targetHints":{"allow":["GET"]}}],"collection":[{"href":"https:\/\/care4birds.bg\/ro\/wp-json\/wp\/v2\/product"}],"about":[{"href":"https:\/\/care4birds.bg\/ro\/wp-json\/wp\/v2\/types\/product"}],"wp:featuredmedia":[{"embeddable":true,"href":"https:\/\/care4birds.bg\/ro\/wp-json\/wp\/v2\/media\/11290"}],"wp:attachment":[{"href":"https:\/\/care4birds.bg\/ro\/wp-json\/wp\/v2\/media?parent=11289"}],"wp:term":[{"taxonomy":"product_cat","embeddable":true,"href":"https:\/\/care4birds.bg\/ro\/wp-json\/wp\/v2\/product_cat?post=11289"},{"taxonomy":"product_tag","embeddable":true,"href":"https:\/\/care4birds.bg\/ro\/wp-json\/wp\/v2\/product_tag?post=11289"}],"curies":[{"name":"wp","href":"https:\/\/api.w.org\/{rel}","templated":true}]}}