{"id":11306,"date":"2025-11-03T10:59:27","date_gmt":"2025-11-03T10:59:27","guid":{"rendered":"https:\/\/care4birds.bg\/product\/ronidazole\/"},"modified":"2026-03-31T09:59:36","modified_gmt":"2026-03-31T09:59:36","slug":"ronidazole","status":"publish","type":"product","link":"https:\/\/care4birds.bg\/ro\/produs\/ronidazole\/","title":{"rendered":"Ronidazole"},"content":{"rendered":"<div>\n<h6>Indica\u021bii:<\/h6>\n<p>Canker (Trichomoniaz\u0103, Hexamitoz\u0103). Ronidazol 10% este un produs foarte eficient \u00eempotriva infec\u021biilor cauzate de trichomonade \u0219i hexamite la porumbei. \u00cen timpul sezonului de concurs sunt necesare tratamente regulate. P\u0103s\u0103rile tinere cu infec\u021bii intestinale severe cauzate de hexamite sunt mai sensibile la infec\u021bia cu E-coli. Marja de siguran\u021b\u0103 este mare inclusiv pentru p\u0103s\u0103rile tinere.\n<\/p><\/div>\n<h6>Simptome:<\/h6>\n<div>Pierdere de condi\u021bie, digestie slab\u0103, fecale anormale, inflama\u021bia mucoasei gu\u0219ii, complica\u021bii cu ornitoz\u0103, zone mici albicioase p\u00e2n\u0103 la g\u0103lbui \u00een cavitatea bucal\u0103<\/div>\n<h6>Dozaj:<\/h6>\n<div><i>PULBERE RONIDAZOL 10%<\/i><br \/>\nPreven\u021bie: 2 linguri dozatoare (=2g) \/ 1 litru ap\u0103 timp de 1-2 zile, la fiecare 2 s\u0103pt\u0103m\u00e2ni,<\/div>\n<div>de preferat dup\u0103 concurs.<\/div>\n<div>Tratament \u00een sezonul de concurs: 2 linguri dozatoare (=2g) \/ 1 litru ap\u0103 timp de<\/div>\n<div>5-7 zile consecutive. Cura poate fi repetat\u0103 dac\u0103 este necesar. Amesteca\u021bi bine \u00eenainte de utilizare!<\/div>\n<div>Ronidazol este o pulbere solubil\u0103 \u00een ap\u0103 \u0219i poate fi administrat\u0103 \u0219i \u00een hran\u0103.<\/div>\n<div>\nLingur\u0103 dozatoare inclus\u0103.<\/p>\n<p><i>COMPRIMATE RONI 15%<\/i><br \/>\nPreventiv: 1 comprimat per porumbel (400-500 g) timp de 1-2 zile.<br \/>\nCurativ: 1 comprimat per porumbel (400-500 g) timp de 3-5 zile sau conform medicului veterinar.\n<\/div>\n<h6>Compozi\u021bie:<\/h6>\n<div><i>PULBERE RONIDAZOL 10%<\/i><br \/>\nRonidazol 10%, excipien\u021bi p\u00e2n\u0103 la 100 g.<i>COMPRIMATE RONI 15%<\/i><br \/>\nRonidazol 150 mg\/g\n<\/div>\n","protected":false},"excerpt":{"rendered":"<p>Indica\u021bii: Canker (Trichomoniaz\u0103, Hexamitoz\u0103). Ronidazol 10% este un produs foarte eficient \u00eempotriva infec\u021biilor cauzate de trichomonade \u0219i hexamite la porumbei. \u00cen timpul&hellip;<\/p>\n","protected":false},"featured_media":11307,"template":"","meta":[],"product_cat":[225],"product_tag":[],"class_list":{"0":"post-11306","1":"product","2":"type-product","3":"status-publish","4":"has-post-thumbnail","6":"product_cat-medicamente-pentru-porumbei","8":"first","9":"instock","10":"shipping-taxable","11":"product-type-simple"},"_links":{"self":[{"href":"https:\/\/care4birds.bg\/ro\/wp-json\/wp\/v2\/product\/11306","targetHints":{"allow":["GET"]}}],"collection":[{"href":"https:\/\/care4birds.bg\/ro\/wp-json\/wp\/v2\/product"}],"about":[{"href":"https:\/\/care4birds.bg\/ro\/wp-json\/wp\/v2\/types\/product"}],"wp:featuredmedia":[{"embeddable":true,"href":"https:\/\/care4birds.bg\/ro\/wp-json\/wp\/v2\/media\/11307"}],"wp:attachment":[{"href":"https:\/\/care4birds.bg\/ro\/wp-json\/wp\/v2\/media?parent=11306"}],"wp:term":[{"taxonomy":"product_cat","embeddable":true,"href":"https:\/\/care4birds.bg\/ro\/wp-json\/wp\/v2\/product_cat?post=11306"},{"taxonomy":"product_tag","embeddable":true,"href":"https:\/\/care4birds.bg\/ro\/wp-json\/wp\/v2\/product_tag?post=11306"}],"curies":[{"name":"wp","href":"https:\/\/api.w.org\/{rel}","templated":true}]}}