{"id":11323,"date":"2025-11-03T10:58:02","date_gmt":"2025-11-03T10:58:02","guid":{"rendered":"https:\/\/care4birds.bg\/product\/caremycin\/"},"modified":"2026-03-31T09:55:00","modified_gmt":"2026-03-31T09:55:00","slug":"caremycin","status":"publish","type":"product","link":"https:\/\/care4birds.bg\/ro\/produs\/caremycin\/","title":{"rendered":"Caremycin"},"content":{"rendered":"<h6>Indica\u021bii:<\/h6>\n<p>Salmoneloz\u0103 (Paratifos), E-coli, infec\u021bii bacteriene \u00een general<\/p>\n<h6>Dozaj<\/h6>\n<p>Preven\u021bie: 5 g Caremycin la 5 litri de ap\u0103 de b\u0103ut sau 1 plic la 25 litri de ap\u0103 de b\u0103ut timp de 4-5 zile consecutive.<\/p>\n<p>Tratament: 5 g Caremycin la 2,5 litri de ap\u0103 de b\u0103ut sau 1 plic la 12,5 litri de ap\u0103 de b\u0103ut timp de 4-5 zile consecutive. \u00cen timpul sezonului de concurs: ziua \u00eentoarcerii: 5 g Cefamycin la 2,5 litri de ap\u0103 de b\u0103ut sau 1 plic la 12,5 litri de ap\u0103 de b\u0103ut timp de 1-2 zile consecutive.<\/p>\n<p>&nbsp;<\/p>\n<h6>Interac\u021biuni: nu sunt cunoscute<\/h6>\n<h6>Contraindica\u021bii: administrarea cu bromhexin\u0103 \u0219i supradozaj<\/h6>\n<h6>Sfaturi pentru utilizare:<\/h6>\n<ul>\n<li>Pune\u021bi animalele bolnave \u00een carantin\u0103<\/li>\n<li>Trata\u021bi toate animalele, nu doar pe cele bolnave.<\/li>\n<li>Amesteca\u021bi doza recomandat\u0103 \u00een apa de b\u0103ut<\/li>\n<li>Asigura\u021bi-v\u0103 c\u0103 nu exist\u0103 alt\u0103 ap\u0103 disponibil\u0103 \u00een timpul tratamentului<\/li>\n<li>Dup\u0103 tratament, administra\u021bi Care 4 Birds MULTIVIT MIX (a doua zi dup\u0103 ultima zi de tratament)<\/li>\n<li>Dezinfecta\u021bi ad\u0103posturile cu Care 4 Birds LOFT CLEANER<\/li>\n<li>Nu administra\u021bi \u00een ziua transportului.<\/li>\n<li>\u00cen caz de \u00eendoial\u0103 sau probleme persistente, consulta\u021bi un expert<\/li>\n<\/ul>\n<h6>NOTE: CITI\u021aI INSTRUC\u021aIUNILE \u00ceNAINTE DE UTILIZARE.<\/h6>\n<ul>\n<li>Con\u021bine 25 g medicament veterinar pentru p\u0103s\u0103ri<\/li>\n<li>A se p\u0103stra la loc uscat, ferit de lumina direct\u0103 a soarelui, \u00eentre 0-30 \u00b0C<\/li>\n<li>Perioad\u0103 de p\u0103strare limitat\u0103 dup\u0103 deschidere<\/li>\n<li>A nu se l\u0103sa la \u00eendem\u00e2na copiilor.<\/li>\n<li>Doar pentru tratamentul animalelor. Nu pentru animale destinate consumului uman<\/li>\n<li>Evita\u021bi contactul medicamentului cu m\u00e2inile<\/li>\n<li>Medicamentul veterinar este comercializat conform schemei de excep\u021bie pentru animale mici<\/li>\n<\/ul>\n<h6>Con\u021bine per 25 g:<\/h6>\n<p>Clortetraciclin\u0103 HCl 3.125 g ; Furaltadon HCl 3.125 g ; Cloramfenicol 2.000 g<\/p>\n","protected":false},"excerpt":{"rendered":"<p>Indica\u021bii: Salmoneloz\u0103 (Paratifos), E-coli, infec\u021bii bacteriene \u00een general Dozaj Preven\u021bie: 5 g Caremycin la 5 litri de ap\u0103 de b\u0103ut sau 1&hellip;<\/p>\n","protected":false},"featured_media":11324,"template":"","meta":[],"product_cat":[225],"product_tag":[],"class_list":{"0":"post-11323","1":"product","2":"type-product","3":"status-publish","4":"has-post-thumbnail","6":"product_cat-medicamente-pentru-porumbei","8":"first","9":"instock","10":"shipping-taxable","11":"product-type-simple"},"_links":{"self":[{"href":"https:\/\/care4birds.bg\/ro\/wp-json\/wp\/v2\/product\/11323","targetHints":{"allow":["GET"]}}],"collection":[{"href":"https:\/\/care4birds.bg\/ro\/wp-json\/wp\/v2\/product"}],"about":[{"href":"https:\/\/care4birds.bg\/ro\/wp-json\/wp\/v2\/types\/product"}],"wp:featuredmedia":[{"embeddable":true,"href":"https:\/\/care4birds.bg\/ro\/wp-json\/wp\/v2\/media\/11324"}],"wp:attachment":[{"href":"https:\/\/care4birds.bg\/ro\/wp-json\/wp\/v2\/media?parent=11323"}],"wp:term":[{"taxonomy":"product_cat","embeddable":true,"href":"https:\/\/care4birds.bg\/ro\/wp-json\/wp\/v2\/product_cat?post=11323"},{"taxonomy":"product_tag","embeddable":true,"href":"https:\/\/care4birds.bg\/ro\/wp-json\/wp\/v2\/product_tag?post=11323"}],"curies":[{"name":"wp","href":"https:\/\/api.w.org\/{rel}","templated":true}]}}