{"id":11341,"date":"2025-11-03T10:57:19","date_gmt":"2025-11-03T10:57:19","guid":{"rendered":"https:\/\/care4birds.bg\/product\/tricho-magic\/"},"modified":"2026-03-31T09:44:03","modified_gmt":"2026-03-31T09:44:03","slug":"tricho-magic","status":"publish","type":"product","link":"https:\/\/care4birds.bg\/ro\/produs\/tricho-magic\/","title":{"rendered":"Tricho Magic"},"content":{"rendered":"<div>\n<h6>Indica\u021bii:<\/h6>\n<p>Canker (Trichomoniaz\u0103, Hexamitoz\u0103). Tricho Magic este un produs foarte eficient \u00eempotriva infec\u021biilor cauzate de trichomonade \u0219i hexamite la porumbei. \u00cen timpul sezonului de concurs sunt necesare tratamente regulate pentru aceste infec\u021bii. P\u0103s\u0103rile tinere cu infec\u021bii intestinale severe cauzate de hexamite sunt mai sensibile la infec\u021bia cu E-coli. Marja de siguran\u021b\u0103 este considerabil\u0103\n<\/p><\/div>\n<div>inclusiv pentru p\u0103s\u0103rile tinere.<\/div>\n<h6>Simptome:<\/h6>\n<div>Condi\u021bie slab\u0103, rezultate slabe la concursuri, substan\u021b\u0103 galben\u0103 \u00een g\u00e2t \u0219i cioc, mai mult mucus dec\u00e2t normal, g\u00e2t ro\u0219u, consum crescut de ap\u0103 (&#8222;cuiburi umede&#8221;).<\/div>\n<h6>Dozaj:<\/h6>\n<div><i>PULBERE TRICHO MAGIC<\/i><br \/>\nPreven\u021bie: 2 linguri dozatoare (=2g) \/ 1 litru ap\u0103 timp de 1-2 zile, la fiecare 2 s\u0103pt\u0103m\u00e2ni, de preferat dup\u0103 concurs.<\/div>\n<div>Tratament \u00een timpul sezonului de concurs: 2 linguri dozatoare (=2g) \/ 1 litru ap\u0103 timp de<\/div>\n<div>5-7 zile consecutive. Cura poate fi repetat\u0103 dac\u0103 este necesar. Amesteca\u021bi bine \u00eenainte de utilizare!<\/div>\n<div>Este o pulbere solubil\u0103 \u00een ap\u0103 \u0219i poate fi administrat\u0103 \u0219i \u00een hran\u0103.<\/div>\n<div>\nLingur\u0103 dozatoare inclus\u0103.<\/p>\n<p><i>COMPRIMATE TRICHO MAGIC<\/i><br \/>\nPreventiv: 1 comprimat per porumbel (400-500 g) timp de 1-2 zile.<br \/>\nCurativ: 1 comprimat per porumbel (400-500 g) timp de 3-5 zile sau conform medicului veterinar.\n<\/div>\n<h6>Compozi\u021bie:<\/h6>\n<div><i>PULBERE TRICHO MAGIC<\/i><br \/>\nRonidazol 8%, Metronidazol 10%, excipien\u021bi p\u00e2n\u0103 la 100 g.<i>COMPRIMATE TRICHO MAGIC<\/i><br \/>\nCarnidazol 40 mg\/g<\/div>\n","protected":false},"excerpt":{"rendered":"<p>Indica\u021bii: Canker (Trichomoniaz\u0103, Hexamitoz\u0103). Tricho Magic este un produs foarte eficient \u00eempotriva infec\u021biilor cauzate de trichomonade \u0219i hexamite la porumbei. \u00cen timpul&hellip;<\/p>\n","protected":false},"featured_media":11342,"template":"","meta":[],"product_cat":[225],"product_tag":[],"class_list":{"0":"post-11341","1":"product","2":"type-product","3":"status-publish","4":"has-post-thumbnail","6":"product_cat-medicamente-pentru-porumbei","8":"first","9":"instock","10":"shipping-taxable","11":"product-type-simple"},"_links":{"self":[{"href":"https:\/\/care4birds.bg\/ro\/wp-json\/wp\/v2\/product\/11341","targetHints":{"allow":["GET"]}}],"collection":[{"href":"https:\/\/care4birds.bg\/ro\/wp-json\/wp\/v2\/product"}],"about":[{"href":"https:\/\/care4birds.bg\/ro\/wp-json\/wp\/v2\/types\/product"}],"wp:featuredmedia":[{"embeddable":true,"href":"https:\/\/care4birds.bg\/ro\/wp-json\/wp\/v2\/media\/11342"}],"wp:attachment":[{"href":"https:\/\/care4birds.bg\/ro\/wp-json\/wp\/v2\/media?parent=11341"}],"wp:term":[{"taxonomy":"product_cat","embeddable":true,"href":"https:\/\/care4birds.bg\/ro\/wp-json\/wp\/v2\/product_cat?post=11341"},{"taxonomy":"product_tag","embeddable":true,"href":"https:\/\/care4birds.bg\/ro\/wp-json\/wp\/v2\/product_tag?post=11341"}],"curies":[{"name":"wp","href":"https:\/\/api.w.org\/{rel}","templated":true}]}}