{"id":11358,"date":"2025-11-03T10:55:55","date_gmt":"2025-11-03T10:55:55","guid":{"rendered":"https:\/\/care4birds.bg\/product\/fungi-stop\/"},"modified":"2026-03-31T09:31:37","modified_gmt":"2026-03-31T09:31:37","slug":"fungi-stop","status":"publish","type":"product","link":"https:\/\/care4birds.bg\/ro\/produs\/fungi-stop\/","title":{"rendered":"Fungi Stop"},"content":{"rendered":"<div>\n<h6>Indica\u021bii:<\/h6>\n<p>Pentru cresc\u0103torii de porumbei este important de \u0219tiut c\u0103 unele tipuri de ciuperci cresc pe cereale. Igiena slab\u0103 poate r\u0103sp\u00e2ndi \u0219i drojdii. Majoritatea p\u0103s\u0103rilor s\u0103n\u0103toase nu sunt afectate, dar p\u0103s\u0103rile b\u0103tr\u00e2ne, bolnave sau stresate dezvolt\u0103 adesea infec\u021bii cu drojdii. Aceste infec\u021bii secundare pun presiune pe sistemul imunitar deja sl\u0103bit \u0219i interfereaz\u0103 cu procesul de vindecare.\n<\/p><\/div>\n<h6>Simptome:<\/h6>\n<div>Pene zburlite, apetit sc\u0103zut, v\u0103rs\u0103turi, gu\u0219\u0103 umflat\u0103, dificult\u0103\u021bi de respira\u021bie, adesea combinate cu diaree<\/div>\n<h6>Dozaj:<\/h6>\n<div><i>PULBERE FUNGI STOP<\/i><br \/>\nDoz\u0103 \u00een hran\u0103: p\u0103s\u0103ri \u00een general: 5 g \/ 500 g hran\u0103, de dou\u0103 ori pe zi, timp de 5-7 zile.<\/div>\n<div>Doz\u0103 \u00een ap\u0103: p\u0103s\u0103ri \u00een general: 5 g \/ 1 L ap\u0103 de b\u0103ut, de dou\u0103 ori pe zi, timp de 5-7 zile.<\/div>\n<div>Amesteca\u021bi bine \u00eenainte de utilizare!<\/div>\n<div>Pentru preven\u021bie administra\u021bi acid citric 5 ml la 1 litru de ap\u0103 zilnic.<\/div>\n<div>\nLingur\u0103 dozatoare 1+5 g inclus\u0103.<\/p>\n<p><i>COMPRIMATE FUNGI STOP<\/i><br \/>\nCurativ: 1 comprimat per porumbel (400-500 g) timp de 3-5 zile sau conform medicului veterinar.\n<\/div>\n<h6>Compozi\u021bie:<\/h6>\n<p><i>PULBERE FUNGI STOP<\/i><br \/>\n200.000 UI Nistatin\u0103 per gram. Excipien\u021bi p\u00e2n\u0103 la 100 g.<\/p>\n<p><i>COMPRIMATE FUNGI STOP<\/i><br \/>\nKetoconazol 75 mg\/g<\/p>\n","protected":false},"excerpt":{"rendered":"<p>Indica\u021bii: Pentru cresc\u0103torii de porumbei este important de \u0219tiut c\u0103 unele tipuri de ciuperci cresc pe cereale. Igiena slab\u0103 poate r\u0103sp\u00e2ndi \u0219i&hellip;<\/p>\n","protected":false},"featured_media":11359,"template":"","meta":[],"product_cat":[225],"product_tag":[],"class_list":{"0":"post-11358","1":"product","2":"type-product","3":"status-publish","4":"has-post-thumbnail","6":"product_cat-medicamente-pentru-porumbei","8":"first","9":"instock","10":"shipping-taxable","11":"product-type-simple"},"_links":{"self":[{"href":"https:\/\/care4birds.bg\/ro\/wp-json\/wp\/v2\/product\/11358","targetHints":{"allow":["GET"]}}],"collection":[{"href":"https:\/\/care4birds.bg\/ro\/wp-json\/wp\/v2\/product"}],"about":[{"href":"https:\/\/care4birds.bg\/ro\/wp-json\/wp\/v2\/types\/product"}],"wp:featuredmedia":[{"embeddable":true,"href":"https:\/\/care4birds.bg\/ro\/wp-json\/wp\/v2\/media\/11359"}],"wp:attachment":[{"href":"https:\/\/care4birds.bg\/ro\/wp-json\/wp\/v2\/media?parent=11358"}],"wp:term":[{"taxonomy":"product_cat","embeddable":true,"href":"https:\/\/care4birds.bg\/ro\/wp-json\/wp\/v2\/product_cat?post=11358"},{"taxonomy":"product_tag","embeddable":true,"href":"https:\/\/care4birds.bg\/ro\/wp-json\/wp\/v2\/product_tag?post=11358"}],"curies":[{"name":"wp","href":"https:\/\/api.w.org\/{rel}","templated":true}]}}