{"id":11375,"date":"2025-11-03T10:54:21","date_gmt":"2025-11-03T10:54:21","guid":{"rendered":"https:\/\/care4birds.bg\/product\/combi-mix\/"},"modified":"2026-03-31T09:02:23","modified_gmt":"2026-03-31T09:02:23","slug":"combi-mix","status":"publish","type":"product","link":"https:\/\/care4birds.bg\/ro\/produs\/combi-mix\/","title":{"rendered":"Combi Mix"},"content":{"rendered":"<div>\n<h6>Indica\u021bii:<\/h6>\n<p>Combi mix 4 in 1 este foarte potrivit pentru tratamentul trichomonadelor, hexamitelor, coccidiozei \u0219i mucusului din g\u00e2t. \u00cen timpul sezonului de concurs este important ca p\u0103s\u0103rile s\u0103 fie \u00een condi\u021bie optim\u0103 pentru a performa bine. Combi mix 4 in 1 ajut\u0103 la acest lucru \u0219i poate fi administrat at\u00e2t preventiv, c\u00e2t \u0219i curativ.\n<\/p><\/div>\n<h6>Simptome:<\/h6>\n<div>Condi\u021bie slab\u0103, digestie perturbat\u0103, fecale apoase. G\u00e2tul porumbeilor con\u021bine mai mult mucus dec\u00e2t normal \u0219i are o culoare ro\u0219iatic\u0103, zone mici albicioase p\u00e2n\u0103 la g\u0103lbui \u00een cavitatea bucal\u0103, probleme respiratorii.<\/div>\n<h6>Dozaj:<\/h6>\n<div><i>PULBERE COMBI MIX 4 IN 1<\/i><br \/>\nPreven\u021bie: 1 lingur\u0103 dozatoare (=5g) la 2 litri de ap\u0103 timp de 1-2 zile la fiecare 2 s\u0103pt\u0103m\u00e2ni, de preferat dup\u0103 curs\u0103. Amesteca\u021bi bine \u00eenainte de utilizare!<\/div>\n<div>Tratament: 1 lingur\u0103 dozatoare (=5g) la 2 litri de ap\u0103 timp de 5-7 zile consecutive.<\/div>\n<div>Se poate repeta dup\u0103 c\u00e2teva zile dac\u0103 este necesar.<\/div>\n<div>Este o pulbere solubil\u0103 \u00een ap\u0103 \u0219i poate fi administrat\u0103 \u0219i \u00een hran\u0103.<\/div>\n<div>\nLingur\u0103 dozatoare 1+5 g inclus\u0103.<\/p>\n<p><i>COMPRIMATE COMBI<\/i><br \/>\nPreventiv: 1 comprimat per porumbel (400-500 g) timp de 1-2 zile.<br \/>\nCurativ: 1 comprimat per porumbel (400-500 g) timp de 3-5 zile sau conform medicului veterinar.\n<\/div>\n<h6>Compozi\u021bie:<\/h6>\n<p><i>PULBERE COMBI MIX:<\/i><br \/>\nAmprolium 10%, Secnidazol 15%, excipien\u021bi p\u00e2n\u0103 la 100 g.<\/p>\n<p><i>COMPRIMATE COMBI<\/i><br \/>\nAmprolium HCl 96 mg\/g; Dimetridazol HCl 50 mg\/g<\/p>\n","protected":false},"excerpt":{"rendered":"<p>Indica\u021bii: Combi mix 4 in 1 este foarte potrivit pentru tratamentul trichomonadelor, hexamitelor, coccidiozei \u0219i mucusului din g\u00e2t. \u00cen timpul sezonului de&hellip;<\/p>\n","protected":false},"featured_media":11376,"template":"","meta":[],"product_cat":[225],"product_tag":[],"class_list":{"0":"post-11375","1":"product","2":"type-product","3":"status-publish","4":"has-post-thumbnail","6":"product_cat-medicamente-pentru-porumbei","8":"first","9":"instock","10":"shipping-taxable","11":"product-type-simple"},"_links":{"self":[{"href":"https:\/\/care4birds.bg\/ro\/wp-json\/wp\/v2\/product\/11375","targetHints":{"allow":["GET"]}}],"collection":[{"href":"https:\/\/care4birds.bg\/ro\/wp-json\/wp\/v2\/product"}],"about":[{"href":"https:\/\/care4birds.bg\/ro\/wp-json\/wp\/v2\/types\/product"}],"wp:featuredmedia":[{"embeddable":true,"href":"https:\/\/care4birds.bg\/ro\/wp-json\/wp\/v2\/media\/11376"}],"wp:attachment":[{"href":"https:\/\/care4birds.bg\/ro\/wp-json\/wp\/v2\/media?parent=11375"}],"wp:term":[{"taxonomy":"product_cat","embeddable":true,"href":"https:\/\/care4birds.bg\/ro\/wp-json\/wp\/v2\/product_cat?post=11375"},{"taxonomy":"product_tag","embeddable":true,"href":"https:\/\/care4birds.bg\/ro\/wp-json\/wp\/v2\/product_tag?post=11375"}],"curies":[{"name":"wp","href":"https:\/\/api.w.org\/{rel}","templated":true}]}}