{"id":11392,"date":"2025-11-03T10:52:56","date_gmt":"2025-11-03T10:52:56","guid":{"rendered":"https:\/\/care4birds.bg\/product\/intestinal\/"},"modified":"2026-03-30T09:35:50","modified_gmt":"2026-03-30T09:35:50","slug":"intestinal","status":"publish","type":"product","link":"https:\/\/care4birds.bg\/ro\/produs\/intestinal\/","title":{"rendered":"Intestinal"},"content":{"rendered":"<div>\n<h6>Indica\u021bii:<\/h6>\n<p>Sindrom Adeno-Coli, Coccidioz\u0103, Canker \u0219i infec\u021bii bacteriene \u00een general. Acest amestec con\u021bine o combina\u021bie de componente active eficiente \u00eempotriva sindromului Adeno\/E-coli \u0219i Coccidiozei. Sindromul Adeno\/E-coli este o problem\u0103 \u00eent\u00e2lnit\u0103 la porumbeii tineri \u0219i poate fi foarte d\u0103un\u0103tor. Tratamentul precoce este important.\n<\/p><\/div>\n<h6>Simptome:<\/h6>\n<div>Pierdere \u00een greutate \u0219i stare general\u0103, v\u0103rs\u0103turi, fecale mucoase \u0219i verzi, moarte.<\/div>\n<h6>Dozaj:<\/h6>\n<div><i>PULBERE INTESTINAL\u0102<\/i><br \/>\nPreven\u021bie: 1 lingur\u0103 dozatoare (=5g) la 2 litri ap\u0103 de b\u0103ut timp de 1 sau 2 zile la fiecare 2 s\u0103pt\u0103m\u00e2ni,<\/div>\n<div>de preferat \u00eencep\u00e2nd a doua zi dup\u0103 concurs.<\/div>\n<div>Ca tratament: 1 lingur\u0103 dozatoare (=5g) la 2 litri ap\u0103 timp de 5-7 zile consecutive.<\/div>\n<div>Se amestec\u0103 bine \u00eenainte de utilizare!<\/div>\n<div>Se poate repeta cura dac\u0103 este necesar dup\u0103 c\u00e2teva zile.<\/div>\n<div>Produsul este pulbere solubil\u0103 \u00een ap\u0103 \u0219i poate fi administrat \u0219i \u00een furaj.<\/div>\n<div>\nLingur\u0103 dozatoare 1+5 g inclus\u0103.<\/p>\n<p><i>COMPRIMATE INTESTINALE<\/i><br \/>\nPreventiv: 1 comprimat per porumbel (400-500 g) timp de 1-2 zile consecutive.<br \/>\nCurativ: 1 comprimat per porumbel (400-500 g) timp de 3-5 zile sau conform recomand\u0103rii medicului veterinar.\n<\/div>\n<h6>Compozi\u021bie:<\/h6>\n<p><i>PULBERE INTESTINAL\u0102<\/i><br \/>\nTrimetoprim 2,5%, Sulfadiazin\u0103 sodic\u0103 12,5%, Furaltadon\u0103 HCl 5%, Ronidazol 5%, excipien\u021bi p\u00e2n\u0103 la 100 g.<\/p>\n<p><i>COMPRIMATE INTESTINALE<\/i><br \/>\nTrimetoprim 37,5 mg\/g; Sulfametoxazol 187,5 mg\/g<\/p>\n","protected":false},"excerpt":{"rendered":"<p>Indica\u021bii: Sindrom Adeno-Coli, Coccidioz\u0103, Canker \u0219i infec\u021bii bacteriene \u00een general. Acest amestec con\u021bine o combina\u021bie de componente active eficiente \u00eempotriva sindromului Adeno\/E-coli&hellip;<\/p>\n","protected":false},"featured_media":11393,"template":"","meta":[],"product_cat":[225],"product_tag":[],"class_list":{"0":"post-11392","1":"product","2":"type-product","3":"status-publish","4":"has-post-thumbnail","6":"product_cat-medicamente-pentru-porumbei","8":"first","9":"instock","10":"shipping-taxable","11":"product-type-simple"},"_links":{"self":[{"href":"https:\/\/care4birds.bg\/ro\/wp-json\/wp\/v2\/product\/11392","targetHints":{"allow":["GET"]}}],"collection":[{"href":"https:\/\/care4birds.bg\/ro\/wp-json\/wp\/v2\/product"}],"about":[{"href":"https:\/\/care4birds.bg\/ro\/wp-json\/wp\/v2\/types\/product"}],"wp:featuredmedia":[{"embeddable":true,"href":"https:\/\/care4birds.bg\/ro\/wp-json\/wp\/v2\/media\/11393"}],"wp:attachment":[{"href":"https:\/\/care4birds.bg\/ro\/wp-json\/wp\/v2\/media?parent=11392"}],"wp:term":[{"taxonomy":"product_cat","embeddable":true,"href":"https:\/\/care4birds.bg\/ro\/wp-json\/wp\/v2\/product_cat?post=11392"},{"taxonomy":"product_tag","embeddable":true,"href":"https:\/\/care4birds.bg\/ro\/wp-json\/wp\/v2\/product_tag?post=11392"}],"curies":[{"name":"wp","href":"https:\/\/api.w.org\/{rel}","templated":true}]}}