{"id":11409,"date":"2025-11-03T10:52:08","date_gmt":"2025-11-03T10:52:08","guid":{"rendered":"https:\/\/care4birds.bg\/product\/eye-drops\/"},"modified":"2026-03-30T09:25:26","modified_gmt":"2026-03-30T09:25:26","slug":"eye-drops","status":"publish","type":"product","link":"https:\/\/care4birds.bg\/ro\/produs\/eye-drops\/","title":{"rendered":"Eye drops"},"content":{"rendered":"<div>\n<h6>Indica\u021bii<\/h6>\n<\/div>\n<div>Toate tipurile de infec\u021bii; boli ale ochilor sau urechilor cauzate de bacterii gram-pozitive \u0219i gram-negative<\/div>\n<h6>Dozaj<\/h6>\n<div>1-2 pic\u0103turi sau conform recomand\u0103rii medicului veterinar<\/div>\n<h6>Tratament<\/h6>\n<div>\nDe 1-2 ori pe zi p\u00e2n\u0103 la ameliorare sau conform recomand\u0103rii medicului veterinar\n<\/div>\n<div><b>PRODUSUL CON\u021aINE STEROID.<\/b><\/div>\n<h6>Formul\u0103<\/h6>\n<div>con\u021bine: Fosfat de prednisolon sodic 55 mg\/g, Sulfat de neomicin\u0103 50 mg\/g<\/div>\n<h6>Con\u021binut<\/h6>\n<div>10 ml medicament veterinar pentru p\u0103s\u0103ri<\/div>\n","protected":false},"excerpt":{"rendered":"<p>Indica\u021bii Toate tipurile de infec\u021bii; boli ale ochilor sau urechilor cauzate de bacterii gram-pozitive \u0219i gram-negative Dozaj 1-2 pic\u0103turi sau conform recomand\u0103rii&hellip;<\/p>\n","protected":false},"featured_media":11410,"template":"","meta":[],"product_cat":[225],"product_tag":[],"class_list":{"0":"post-11409","1":"product","2":"type-product","3":"status-publish","4":"has-post-thumbnail","6":"product_cat-medicamente-pentru-porumbei","8":"first","9":"instock","10":"shipping-taxable","11":"product-type-simple"},"_links":{"self":[{"href":"https:\/\/care4birds.bg\/ro\/wp-json\/wp\/v2\/product\/11409","targetHints":{"allow":["GET"]}}],"collection":[{"href":"https:\/\/care4birds.bg\/ro\/wp-json\/wp\/v2\/product"}],"about":[{"href":"https:\/\/care4birds.bg\/ro\/wp-json\/wp\/v2\/types\/product"}],"wp:featuredmedia":[{"embeddable":true,"href":"https:\/\/care4birds.bg\/ro\/wp-json\/wp\/v2\/media\/11410"}],"wp:attachment":[{"href":"https:\/\/care4birds.bg\/ro\/wp-json\/wp\/v2\/media?parent=11409"}],"wp:term":[{"taxonomy":"product_cat","embeddable":true,"href":"https:\/\/care4birds.bg\/ro\/wp-json\/wp\/v2\/product_cat?post=11409"},{"taxonomy":"product_tag","embeddable":true,"href":"https:\/\/care4birds.bg\/ro\/wp-json\/wp\/v2\/product_tag?post=11409"}],"curies":[{"name":"wp","href":"https:\/\/api.w.org\/{rel}","templated":true}]}}