{"id":11426,"date":"2025-11-03T10:51:24","date_gmt":"2025-11-03T10:51:24","guid":{"rendered":"https:\/\/care4birds.bg\/product\/general-care\/"},"modified":"2026-03-30T09:01:29","modified_gmt":"2026-03-30T09:01:29","slug":"general-care","status":"publish","type":"product","link":"https:\/\/care4birds.bg\/ro\/produs\/general-care\/","title":{"rendered":"General Care"},"content":{"rendered":"<div>\n<h6>Indica\u021bii:<\/h6>\n<p>Canker (tricomonoz\u0103, hexamitiaz\u0103), paratifoid\u0103, E-coli \u0219i infec\u021bii bacteriene \u00een general.\n<\/p><\/div>\n<h6>Simptome:<\/h6>\n<div>pierdere \u00een greutate \u0219i stare general\u0103, fecale verzi mucilaginoase, articula\u021bii umflate, ou\u0103 nefertile, uneori \u00ee\u0219i r\u0103sucesc g\u00e2tul, boala p\u0103s\u0103rilor tinere, moarte subit\u0103.<\/div>\n<h6>Dozaj:<\/h6>\n<div><i>GENERAL CARE POWDER<\/i><br \/>\nPreven\u021bie: 1 m\u0103sur\u0103 (=5g) la 2 litri ap\u0103 de b\u0103ut timp de 1 sau 2 zile la fiecare 2 s\u0103pt\u0103m\u00e2ni,<\/div>\n<div>de preferat \u00eencep\u00e2nd a doua zi dup\u0103 curs\u0103.<\/div>\n<div>Ca tratament: 1 m\u0103sur\u0103 (=5g) la 2 litri ap\u0103 de b\u0103ut timp de 5-7 zile consecutive.<\/div>\n<div>Tratamentul poate fi repetat dac\u0103 este necesar. Agita\u021bi bine \u00eenainte de utilizare!<\/div>\n<div>General Care este o pulbere solubil\u0103 \u00een ap\u0103 care poate fi administrat\u0103 \u0219i \u00een furaj.<\/div>\n<div>\n<p>Lingur\u0103 de m\u0103surare 1+5 g inclus\u0103.<\/p>\n<p><i>GENERAL CARE comprimate<\/i><br \/>\nPreventiv: 1 tablet\u0103 per porumbel (400-500 g greutate corporal\u0103) timp de 1-2 zile.<br \/>\nCurativ: 1 tablet\u0103 per porumbel (400-500 g greutate corporal\u0103) timp de 3-5 zile sau conform recomand\u0103rii medicului veterinar.\n<\/div>\n<h6>Compozi\u021bie:<\/h6>\n<div><i>GENERAL CARE POWDER<\/i><br \/>\nFuraltadon\u0103 HCI 12%, Metronidazol 20%, Clortetraciclin\u0103 HCI 10%, excipien\u021bi p\u00e2n\u0103 la 100 g.<i>GENERAL CARE TABS<\/i><br \/>\nFuraltadon\u0103 HCl 75 mg\/g; Ronidazol 25 mg\/g<\/div>\n","protected":false},"excerpt":{"rendered":"<p>Indica\u021bii: Canker (tricomonoz\u0103, hexamitiaz\u0103), paratifoid\u0103, E-coli \u0219i infec\u021bii bacteriene \u00een general. Simptome: pierdere \u00een greutate \u0219i stare general\u0103, fecale verzi mucilaginoase, articula\u021bii&hellip;<\/p>\n","protected":false},"featured_media":11427,"template":"","meta":[],"product_cat":[225],"product_tag":[],"class_list":{"0":"post-11426","1":"product","2":"type-product","3":"status-publish","4":"has-post-thumbnail","6":"product_cat-medicamente-pentru-porumbei","8":"first","9":"instock","10":"shipping-taxable","11":"product-type-simple"},"_links":{"self":[{"href":"https:\/\/care4birds.bg\/ro\/wp-json\/wp\/v2\/product\/11426","targetHints":{"allow":["GET"]}}],"collection":[{"href":"https:\/\/care4birds.bg\/ro\/wp-json\/wp\/v2\/product"}],"about":[{"href":"https:\/\/care4birds.bg\/ro\/wp-json\/wp\/v2\/types\/product"}],"wp:featuredmedia":[{"embeddable":true,"href":"https:\/\/care4birds.bg\/ro\/wp-json\/wp\/v2\/media\/11427"}],"wp:attachment":[{"href":"https:\/\/care4birds.bg\/ro\/wp-json\/wp\/v2\/media?parent=11426"}],"wp:term":[{"taxonomy":"product_cat","embeddable":true,"href":"https:\/\/care4birds.bg\/ro\/wp-json\/wp\/v2\/product_cat?post=11426"},{"taxonomy":"product_tag","embeddable":true,"href":"https:\/\/care4birds.bg\/ro\/wp-json\/wp\/v2\/product_tag?post=11426"}],"curies":[{"name":"wp","href":"https:\/\/api.w.org\/{rel}","templated":true}]}}