{"id":11443,"date":"2025-11-03T10:49:37","date_gmt":"2025-11-03T10:49:37","guid":{"rendered":"https:\/\/care4birds.bg\/product\/coli-stop\/"},"modified":"2026-03-30T08:46:18","modified_gmt":"2026-03-30T08:46:18","slug":"coli-stop","status":"publish","type":"product","link":"https:\/\/care4birds.bg\/ro\/produs\/coli-stop\/","title":{"rendered":"Coli Stop"},"content":{"rendered":"<h6>Indica\u021bii:<\/h6>\n<div>E-Coli, paratifoid\u0103, streptococi, stafilococi \u0219i infec\u021bii bacteriene \u00een general.<\/div>\n<h6>Simptome:<\/h6>\n<div>pierderea apetitului, golirea lent\u0103 a gu\u0219ii, pierdere \u00een greutate, v\u0103rs\u0103turi, fecale maron-verzui apoase sau mucilaginoase, moarte subit\u0103.<\/div>\n<h6>Dozaj:<\/h6>\n<div><i>COLI STOP POWDER:<\/i><br \/>\nPrevenire: 1 lingur\u0103 de m\u0103surare (=5 g) la 2 litri de ap\u0103 de b\u0103ut timp de 1 sau 2 zile la fiecare 2 s\u0103pt\u0103m\u00e2ni,<\/div>\n<div>de preferin\u021b\u0103 \u00eencep\u00e2nd din ziua dup\u0103 curs\u0103.<\/div>\n<div>Tratament: 1 lingur\u0103 de m\u0103surare (=5 g) la 2 litri de ap\u0103 de b\u0103ut timp de 5-7 zile consecutive.<\/div>\n<div>Acest tratament poate fi repetat dac\u0103 este necesar dup\u0103 c\u00e2teva zile.<\/div>\n<div>Coli Stop este o pulbere solubil\u0103 \u00een ap\u0103 care poate fi administrat\u0103 \u0219i \u00een hran\u0103.<\/div>\n<div>\n<p>Lingur\u0103 de m\u0103surare 1+5 g inclus\u0103.<\/p>\n<p><i>COLI STOP TABS:<\/i><br \/>\nPreventiv: 1 tablet\u0103 per porumbel (400-500 g greutate corporal\u0103) timp de 1-2 zile consecutive.<br \/>\nCurativ: 1 tablet\u0103 per porumbel (400-500 g greutate corporal\u0103) timp de 3-5 zile consecutive sau conform prescrip\u021biei medicului veterinar.<\/p>\n<\/div>\n<h6>Con\u021bine:<\/h6>\n<div><i>COLI STOP POWDER:<\/i><br \/>\nSulfat de streptomicin\u0103 13,9%, sulfat de neomicin\u0103 4%, sulfat de colistin\u0103 2%. Ingrediente inactive p\u00e2n\u0103 la 100 g.<\/div>\n<div><i>COLI STOP TABS<\/i><br \/>\nSulfat de neomicin\u0103 5,0 mg\/g; sulfat de streptomicin\u0103 17,4 mg\/g; sulfat de colistin\u0103 2,5 mg\/g<\/div>\n","protected":false},"excerpt":{"rendered":"<p>Indica\u021bii: E-Coli, paratifoid\u0103, streptococi, stafilococi \u0219i infec\u021bii bacteriene \u00een general. Simptome: pierderea apetitului, golirea lent\u0103 a gu\u0219ii, pierdere \u00een greutate, v\u0103rs\u0103turi, fecale&hellip;<\/p>\n","protected":false},"featured_media":11444,"template":"","meta":[],"product_cat":[225],"product_tag":[],"class_list":{"0":"post-11443","1":"product","2":"type-product","3":"status-publish","4":"has-post-thumbnail","6":"product_cat-medicamente-pentru-porumbei","8":"first","9":"instock","10":"shipping-taxable","11":"product-type-simple"},"_links":{"self":[{"href":"https:\/\/care4birds.bg\/ro\/wp-json\/wp\/v2\/product\/11443","targetHints":{"allow":["GET"]}}],"collection":[{"href":"https:\/\/care4birds.bg\/ro\/wp-json\/wp\/v2\/product"}],"about":[{"href":"https:\/\/care4birds.bg\/ro\/wp-json\/wp\/v2\/types\/product"}],"wp:featuredmedia":[{"embeddable":true,"href":"https:\/\/care4birds.bg\/ro\/wp-json\/wp\/v2\/media\/11444"}],"wp:attachment":[{"href":"https:\/\/care4birds.bg\/ro\/wp-json\/wp\/v2\/media?parent=11443"}],"wp:term":[{"taxonomy":"product_cat","embeddable":true,"href":"https:\/\/care4birds.bg\/ro\/wp-json\/wp\/v2\/product_cat?post=11443"},{"taxonomy":"product_tag","embeddable":true,"href":"https:\/\/care4birds.bg\/ro\/wp-json\/wp\/v2\/product_tag?post=11443"}],"curies":[{"name":"wp","href":"https:\/\/api.w.org\/{rel}","templated":true}]}}