{"id":11478,"date":"2025-11-03T10:44:11","date_gmt":"2025-11-03T10:44:11","guid":{"rendered":"https:\/\/care4birds.bg\/product\/endo-ecto-drops\/"},"modified":"2026-03-30T08:18:45","modified_gmt":"2026-03-30T08:18:45","slug":"endo-ecto-drops","status":"publish","type":"product","link":"https:\/\/care4birds.bg\/ro\/produs\/endo-ecto-drops\/","title":{"rendered":"Endo-ecto drops"},"content":{"rendered":"<h6>Indica\u021bii:<\/h6>\n<div>Pentru prevenirea \u0219i tratamentul p\u0103duchilor, acarienilor \u0219i infest\u0103rilor cu viermi.<\/div>\n<h6>Contraindica\u021bii:<\/h6>\n<div>Supradozaj, nu se administreaz\u0103 \u00een perioada de n\u0103p\u00e2rlire \u0219i la p\u0103s\u0103ri sub 14 zile.<\/div>\n<h6>Interac\u021biuni:<\/h6>\n<div>La aceast\u0103 doz\u0103 nu sunt cunoscute<\/div>\n<h6>Compozi\u021bie:<\/h6>\n<div>Ivermectin\u0103 0,3%, excipien\u021bi p\u00e2n\u0103 la 10 ml.<\/div>\n<div><\/div>\n<h6>Con\u021binut:<\/h6>\n<div>10 ml solu\u021bie pentru tratament local (picur\u0103tor) pentru porumbei \u0219i p\u0103s\u0103ri de la 250 p\u00e2n\u0103 la 3000 g greutate vie.<\/div>\n<h6>Dozaj:<\/h6>\n<div>Pe g\u00e2t, pe pielea goal\u0103: 1 pic\u0103tur\u0103 la 200 g greutate vie, 2 pic\u0103turi la 500 g greutate vie<\/div>\n<div>Dac\u0103 este necesar, repeta\u021bi tratamentul dup\u0103 4-6 s\u0103pt\u0103m\u00e2ni sau conform prescrip\u021biei medicului veterinar.<\/div>\n<div>Dozaj pentru apa de baie: 40 pic\u0103turi la 10 litri de ap\u0103 de baie.<\/div>\n","protected":false},"excerpt":{"rendered":"<p>Indica\u021bii: Pentru prevenirea \u0219i tratamentul p\u0103duchilor, acarienilor \u0219i infest\u0103rilor cu viermi. Contraindica\u021bii: Supradozaj, nu se administreaz\u0103 \u00een perioada de n\u0103p\u00e2rlire \u0219i la&hellip;<\/p>\n","protected":false},"featured_media":11479,"template":"","meta":[],"product_cat":[225],"product_tag":[],"class_list":{"0":"post-11478","1":"product","2":"type-product","3":"status-publish","4":"has-post-thumbnail","6":"product_cat-medicamente-pentru-porumbei","8":"first","9":"instock","10":"shipping-taxable","11":"product-type-simple"},"_links":{"self":[{"href":"https:\/\/care4birds.bg\/ro\/wp-json\/wp\/v2\/product\/11478","targetHints":{"allow":["GET"]}}],"collection":[{"href":"https:\/\/care4birds.bg\/ro\/wp-json\/wp\/v2\/product"}],"about":[{"href":"https:\/\/care4birds.bg\/ro\/wp-json\/wp\/v2\/types\/product"}],"wp:featuredmedia":[{"embeddable":true,"href":"https:\/\/care4birds.bg\/ro\/wp-json\/wp\/v2\/media\/11479"}],"wp:attachment":[{"href":"https:\/\/care4birds.bg\/ro\/wp-json\/wp\/v2\/media?parent=11478"}],"wp:term":[{"taxonomy":"product_cat","embeddable":true,"href":"https:\/\/care4birds.bg\/ro\/wp-json\/wp\/v2\/product_cat?post=11478"},{"taxonomy":"product_tag","embeddable":true,"href":"https:\/\/care4birds.bg\/ro\/wp-json\/wp\/v2\/product_tag?post=11478"}],"curies":[{"name":"wp","href":"https:\/\/api.w.org\/{rel}","templated":true}]}}