{"id":11496,"date":"2025-11-03T10:20:24","date_gmt":"2025-11-03T10:20:24","guid":{"rendered":"https:\/\/care4birds.bg\/product\/salmo-stop\/"},"modified":"2026-03-30T08:05:13","modified_gmt":"2026-03-30T08:05:13","slug":"salmo-stop","status":"publish","type":"product","link":"https:\/\/care4birds.bg\/ro\/produs\/salmo-stop\/","title":{"rendered":"Salmo-Stop"},"content":{"rendered":"<div>\n<h6>Indica\u021bii:<\/h6>\n<p>Salmonella (paratifoid\u0103), E-Coli \u0219i infec\u021bii bacteriene.<\/p>\n<\/div>\n<h6>Simptome:<\/h6>\n<div>Diaree (diaree verde \u0219i unele p\u0103s\u0103ri pot vomita), golire lent\u0103 a gu\u0219ii, artrit\u0103 infec\u021bioas\u0103 (\u0219chiop\u0103tare sau arip\u0103 l\u0103sat\u0103), abcese subcutanate (de obicei sub ochi ca o mic\u0103 umfl\u0103tur\u0103 con\u021bin\u00e2nd puroi dur, galben \u0219i uscat), infertilitate, moarte subit\u0103<\/div>\n<h6>Dozaj:<\/h6>\n<div><i>SALMO STOP POWDER<\/i><br \/>\nPrevenire: 1 lingur\u0103 de m\u0103surare (=5g) la 2 litri de ap\u0103 de b\u0103ut timp de 1 sau 2 zile la fiecare 2 s\u0103pt\u0103m\u00e2ni, de preferin\u021b\u0103<\/div>\n<div>\u00eencep\u00e2nd din ziua dup\u0103 curs\u0103.<\/div>\n<div>Tratament: 1 lingur\u0103 de m\u0103surare (=5g) la 2 litri de ap\u0103 de b\u0103ut timp de 5-7 zile consecutive.<\/div>\n<div>Acest tratament poate fi repetat dac\u0103 este necesar dup\u0103 c\u00e2teva zile. Amesteca\u021bi bine \u00eenainte de utilizare!<\/div>\n<div>Salmo Stop este o pulbere solubil\u0103 \u00een ap\u0103 care poate fi administrat\u0103 \u0219i \u00een hran\u0103.<\/div>\n<div>\n<p>Lingur\u0103 de m\u0103surare 1+5 g inclus\u0103.<\/p>\n<p><i>SALMO STOP TABS<\/i><br \/>\nPreventiv: 1 tablet\u0103 per porumbel (400-500 g greutate corporal\u0103) timp de 1-2 zile consecutive.<br \/>\nCurativ: 1 tablet\u0103 per porumbel (400-500 g greutate corporal\u0103) timp de 3-5 zile consecutive sau conform prescrip\u021biei medicului veterinar.<\/p>\n<\/div>\n<h6>Con\u021bine:<\/h6>\n<div><i>SALMO STOP POWDER<\/i><br \/>\nFuraltadon\u0103 HCI 12,5%, Clortetraciclin\u0103 HCl 12,5%, Cloramfenicol 8%. Ingrediente inactive p\u00e2n\u0103 la 100 g<br \/>\n<i>SALMO STOP TABS<\/i><br \/>\nClortetraciclin\u0103 HCl 78 mg\/g; Furaltadon\u0103 HCl 80 mg\/g; Cloramfenicol 50 mg\/g;<\/div>\n","protected":false},"excerpt":{"rendered":"<p>Indica\u021bii: Salmonella (paratifoid\u0103), E-Coli \u0219i infec\u021bii bacteriene. Simptome: Diaree (diaree verde \u0219i unele p\u0103s\u0103ri pot vomita), golire lent\u0103 a gu\u0219ii, artrit\u0103 infec\u021bioas\u0103&hellip;<\/p>\n","protected":false},"featured_media":11497,"template":"","meta":[],"product_cat":[225],"product_tag":[],"class_list":{"0":"post-11496","1":"product","2":"type-product","3":"status-publish","4":"has-post-thumbnail","6":"product_cat-medicamente-pentru-porumbei","8":"first","9":"instock","10":"shipping-taxable","11":"product-type-simple"},"_links":{"self":[{"href":"https:\/\/care4birds.bg\/ro\/wp-json\/wp\/v2\/product\/11496","targetHints":{"allow":["GET"]}}],"collection":[{"href":"https:\/\/care4birds.bg\/ro\/wp-json\/wp\/v2\/product"}],"about":[{"href":"https:\/\/care4birds.bg\/ro\/wp-json\/wp\/v2\/types\/product"}],"wp:featuredmedia":[{"embeddable":true,"href":"https:\/\/care4birds.bg\/ro\/wp-json\/wp\/v2\/media\/11497"}],"wp:attachment":[{"href":"https:\/\/care4birds.bg\/ro\/wp-json\/wp\/v2\/media?parent=11496"}],"wp:term":[{"taxonomy":"product_cat","embeddable":true,"href":"https:\/\/care4birds.bg\/ro\/wp-json\/wp\/v2\/product_cat?post=11496"},{"taxonomy":"product_tag","embeddable":true,"href":"https:\/\/care4birds.bg\/ro\/wp-json\/wp\/v2\/product_tag?post=11496"}],"curies":[{"name":"wp","href":"https:\/\/api.w.org\/{rel}","templated":true}]}}