{"id":13674,"date":"2025-11-03T11:38:17","date_gmt":"2025-11-03T11:38:17","guid":{"rendered":"https:\/\/care4birds.bg\/product\/intestinal-2\/"},"modified":"2026-04-09T09:40:41","modified_gmt":"2026-04-09T09:40:41","slug":"intestinal-2","status":"publish","type":"product","link":"https:\/\/care4birds.bg\/sr\/\u043f\u0440\u043e\u0438\u0437\u0432\u043e\u0434\/intestinal-2\/","title":{"rendered":"Intestinal"},"content":{"rendered":"<div>\n<h6>Indikacije:<\/h6>\n<p>Bakterijske gastrointestinalne infekcije kod ptica, kao \u0161to su Staphylococcus, Streptococcus i Enterococcus.\n<\/p><\/div>\n<h6>Simptomi:<\/h6>\n<div>\u2022 Vidljive promene u pona\u0161anju i izgledu<\/div>\n<div>\u2022 Nakostre\u0161eno perje<\/div>\n<div>\u2022 Crvene, suzne o\u010di, iscjedak iz nosa<\/div>\n<div>\u2022 Dijareja<\/div>\n<div>\u2022 Ote\u017eano ili neuobi\u010dajeno disanje<\/div>\n<div>\u2022 Smanjen apetit i sedenje nisko na pre\u010dki<\/div>\n<h6>Doziranje<\/h6>\n<div>Kao standardna terapija: 5 g u 2 L mlake vode za pi\u0107e tokom 3\u20135 dana.<\/div>\n<div>Kod te\u017eih infekcija: produ\u017eiti terapiju na 5\u20137 dana.<\/div>\n<div>Tretman se mo\u017ee ponoviti nakon nekoliko dana. Ka\u0161ika za merenje 1+5 g uklju\u010dena.<\/div>\n<h6>Interakcije: nisu poznate.<\/h6>\n<h6>Kontraindikacije: predoziranje.<\/h6>\n<h6>Saveti za upotrebu:<\/h6>\n<p>Izolovati bolesne ptice (28\u201333 \u00baC, prigu\u0161eno svetlo).<br \/>\nTokom le\u010denja obezbediti preventivni tretman za ostale ptice.<br \/>\nOsigurati unos preporu\u010dene koli\u010dine leka.<br \/>\nDavati glukozu i MULTIVIT MIX tokom tretmana.<br \/>\nKod te\u017eih stanja preporu\u010duje se produ\u017eeno le\u010denje.<br \/>\nDezinfikovati prostor.<br \/>\nAko nema pobolj\u0161anja, konsultovati stru\u010dnjaka.<\/p>\n<h6>NAPOMENA: PRO\u010cITATI UPUTSTVO PRE UPOTREBE.<\/h6>\n<p>\u010cuvati na suvom mestu, dalje od sun\u010deve svetlosti, na 0\u201330 \u00b0C.<br \/>\nRok trajanja nakon otvaranja: 1 godina.<br \/>\nBroj serije i rok trajanja: videti pakovanje.<br \/>\nIzbegavati kontakt sa rukama.<br \/>\nDr\u017eati van doma\u0161aja dece.<br \/>\nSamo za upotrebu kod \u017eivotinja.<br \/>\nOdlagati ambala\u017eu u ku\u0107ni otpad.<\/p>\n<h6>Sastav:<\/h6>\n<p>Trimetoprim 4%, Natrijum sulfadiazin 20%, pomo\u0107ne supstance do 100 g<\/p>\n<h6>VA\u017dNO<\/h6>\n<p>Mogu\u0107e je blago stvrdnjavanje praha tokom vremena, \u0161to ne uti\u010de na kvalitet proizvoda.<\/p>\n","protected":false},"excerpt":{"rendered":"<p>Indikacije: Bakterijske gastrointestinalne infekcije kod ptica, kao \u0161to su Staphylococcus, Streptococcus i Enterococcus. Simptomi: \u2022 Vidljive promene u pona\u0161anju i izgledu \u2022&hellip;<\/p>\n","protected":false},"featured_media":13675,"template":"","meta":[],"product_cat":[299],"product_tag":[],"class_list":{"0":"post-13674","1":"product","2":"type-product","3":"status-publish","4":"has-post-thumbnail","6":"product_cat-299","8":"first","9":"instock","10":"shipping-taxable","11":"product-type-simple"},"_links":{"self":[{"href":"https:\/\/care4birds.bg\/sr\/wp-json\/wp\/v2\/product\/13674","targetHints":{"allow":["GET"]}}],"collection":[{"href":"https:\/\/care4birds.bg\/sr\/wp-json\/wp\/v2\/product"}],"about":[{"href":"https:\/\/care4birds.bg\/sr\/wp-json\/wp\/v2\/types\/product"}],"wp:featuredmedia":[{"embeddable":true,"href":"https:\/\/care4birds.bg\/sr\/wp-json\/wp\/v2\/media\/13675"}],"wp:attachment":[{"href":"https:\/\/care4birds.bg\/sr\/wp-json\/wp\/v2\/media?parent=13674"}],"wp:term":[{"taxonomy":"product_cat","embeddable":true,"href":"https:\/\/care4birds.bg\/sr\/wp-json\/wp\/v2\/product_cat?post=13674"},{"taxonomy":"product_tag","embeddable":true,"href":"https:\/\/care4birds.bg\/sr\/wp-json\/wp\/v2\/product_tag?post=13674"}],"curies":[{"name":"wp","href":"https:\/\/api.w.org\/{rel}","templated":true}]}}