{"id":13681,"date":"2025-11-03T11:34:48","date_gmt":"2025-11-03T11:34:48","guid":{"rendered":"https:\/\/care4birds.bg\/product\/salmo-mix\/"},"modified":"2026-04-09T09:42:22","modified_gmt":"2026-04-09T09:42:22","slug":"salmo-mix","status":"publish","type":"product","link":"https:\/\/care4birds.bg\/sr\/\u043f\u0440\u043e\u0438\u0437\u0432\u043e\u0434\/salmo-mix\/","title":{"rendered":"Salmo-mix"},"content":{"rendered":"<h6>Indikacije:<\/h6>\n<div>Salmoneloza, kolibaciloza (bolest znojenja) i bakterijske infekcije \u010deste kod ptica.<\/div>\n<h6>Simptomi:<\/h6>\n<div>OP\u0160TI SIMPTOMI BAKTERIJSKIH INFEKCIJA:<\/div>\n<div>DODATNI SIMPTOMI KOLIBACILOZE (BOLESTI ZNOJENJA):<\/div>\n<div>\u2022 Vidljive promene u pona\u0161anju i izgledu<\/div>\n<div>\u2022 Nakostre\u0161eno perje<\/div>\n<div>\u2022 Dijareja<\/div>\n<div>\u2022 Ote\u017eano ili neuobi\u010dajeno disanje<\/div>\n<div>\u2022 Smanjen apetit i sedenje nisko na pre\u010dki<\/div>\n<div>\u2022 Unutra\u0161njost gnezda zaprljana \u017eutom dijarejom mladunaca<\/div>\n<div>\u2022 Zaostajanje u rastu mladih<\/div>\n<div>\u2022 Pove\u0107ana smrtnost u prvim danima \u017eivota<\/div>\n<div><\/div>\n<div>Salmoneloza je \u010de\u0161\u0107a u vla\u017enim periodima godine, u spoljnim volijerama, kada se ne po\u0161tuju higijenske mere ili pri kontaktu sa glodarima i izmetom divljih ptica.<\/div>\n<h6>Doziranje:<\/h6>\n<div>DOZIRANJE: KAO STANDARDNA TERAPIJA 5 g u 1 litru vode za pi\u0107e<\/div>\n<div>tokom 5\u20137 uzastopnih dana.<\/div>\n<div>U SLU\u010cAJU SALMONELOZE ILI KOLIBACILOZE ponoviti terapiju nakon 2 dana<\/div>\n<div>Ka\u0161ika za merenje 1+5 g uklju\u010dena.<\/div>\n<div><\/div>\n<p>Interakcije: nisu poznate.<\/p>\n<p>Kontraindikacije: predoziranje.<\/p>\n<h6>Saveti za upotrebu:<\/h6>\n<p>Izolovati bolesne ptice (28\u201333 \u00baC, prigu\u0161eno svetlo).<br \/>\nTokom le\u010denja obezbediti preventivni tretman za ostale ptice.<br \/>\nOsigurati unos preporu\u010dene koli\u010dine leka.<br \/>\nDavati glukozu i MULTIVIT MIX tokom tretmana.<br \/>\nKod te\u017eih stanja preporu\u010duje se produ\u017eeno le\u010denje.<br \/>\nDezinfikovati prostor.<br \/>\nAko nema pobolj\u0161anja, konsultovati stru\u010dnjaka.<\/p>\n<h6>NAPOMENA: PRO\u010cITATI UPUTSTVO PRE UPOTREBE.<\/h6>\n<p>\u010cuvati na suvom mestu, dalje od sun\u010deve svetlosti, na 0\u201330 \u00b0C.<br \/>\nRok trajanja nakon otvaranja: 1 godina.<br \/>\nBroj serije i rok trajanja: videti pakovanje.<br \/>\nIzbegavati kontakt sa rukama.<br \/>\nDr\u017eati van doma\u0161aja dece.<br \/>\nSamo za upotrebu kod \u017eivotinja.<br \/>\nOdlagati ambala\u017eu u ku\u0107ni otpad.<\/p>\n<h6>Sastav:<\/h6>\n<p>Furaltadon HCl 12,8%, Hloramfenikol 8%, Hlortetraciklin HCl 12,5%, pomo\u0107ne supstance do 100 g<\/p>\n","protected":false},"excerpt":{"rendered":"<p>Indikacije: Salmoneloza, kolibaciloza (bolest znojenja) i bakterijske infekcije \u010deste kod ptica. Simptomi: OP\u0160TI SIMPTOMI BAKTERIJSKIH INFEKCIJA: DODATNI SIMPTOMI KOLIBACILOZE (BOLESTI ZNOJENJA): \u2022&hellip;<\/p>\n","protected":false},"featured_media":13682,"template":"","meta":[],"product_cat":[299],"product_tag":[],"class_list":{"0":"post-13681","1":"product","2":"type-product","3":"status-publish","4":"has-post-thumbnail","6":"product_cat-299","8":"first","9":"instock","10":"shipping-taxable","11":"product-type-simple"},"_links":{"self":[{"href":"https:\/\/care4birds.bg\/sr\/wp-json\/wp\/v2\/product\/13681","targetHints":{"allow":["GET"]}}],"collection":[{"href":"https:\/\/care4birds.bg\/sr\/wp-json\/wp\/v2\/product"}],"about":[{"href":"https:\/\/care4birds.bg\/sr\/wp-json\/wp\/v2\/types\/product"}],"wp:featuredmedia":[{"embeddable":true,"href":"https:\/\/care4birds.bg\/sr\/wp-json\/wp\/v2\/media\/13682"}],"wp:attachment":[{"href":"https:\/\/care4birds.bg\/sr\/wp-json\/wp\/v2\/media?parent=13681"}],"wp:term":[{"taxonomy":"product_cat","embeddable":true,"href":"https:\/\/care4birds.bg\/sr\/wp-json\/wp\/v2\/product_cat?post=13681"},{"taxonomy":"product_tag","embeddable":true,"href":"https:\/\/care4birds.bg\/sr\/wp-json\/wp\/v2\/product_tag?post=13681"}],"curies":[{"name":"wp","href":"https:\/\/api.w.org\/{rel}","templated":true}]}}