{"id":13687,"date":"2025-11-03T11:34:46","date_gmt":"2025-11-03T11:34:46","guid":{"rendered":"https:\/\/care4birds.bg\/product\/worm-mix\/"},"modified":"2026-04-09T09:43:53","modified_gmt":"2026-04-09T09:43:53","slug":"worm-mix","status":"publish","type":"product","link":"https:\/\/care4birds.bg\/sr\/\u043f\u0440\u043e\u0438\u0437\u0432\u043e\u0434\/worm-mix\/","title":{"rendered":"Worm-mix"},"content":{"rendered":"<div>\n<h6>Indikacije:<\/h6>\n<\/div>\n<div>Prevencija i le\u010denje infekcija okruglim i vlasastim crvima kod ptica.<\/div>\n<h6>Simptomi:<\/h6>\n<div>SIMPTOMI CREVNIH PARAZITA<\/div>\n<div><\/div>\n<div>\u2022 Gubitak te\u017eine<\/div>\n<div>\u2022 Lo\u0161a kondicija<\/div>\n<div>\u2022 Pove\u0107ana osetljivost na druge bolesti<\/div>\n<h6>KADA TREBA TRETIRATI \u017dIVOTINJE:<\/h6>\n<div>\u2022 Rutinski nakon mitarenja<\/div>\n<div>\u2022 Prilikom kupovine novih ptica<\/div>\n<div>\u2022 U slu\u010daju infekcije crvima<\/div>\n<h6>Doziranje:<\/h6>\n<div>DOZIRANJE: OP\u0160TA TERAPIJA ZA PTICE:<\/div>\n<div>1 g na 500 g telesne mase \/ 5 g na 2500 g telesne mase tokom 2 uzastopna dana<\/div>\n<div>Davati Worm-mix sa hranom ili u vodi za pi\u0107e.<\/div>\n<div>Ponoviti tretman nakon 10\u201312 dana.<\/div>\n<div>Ka\u0161ika za merenje 1+5 g uklju\u010dena<\/div>\n<h6>Interakcije: nisu poznate.<\/h6>\n<h6>Kontraindikacije: predoziranje: Ne koristiti<\/h6>\n<div>tokom parenja, hranjenja mladih, mitarenja velikih pera i kod ptica mla\u0111ih od 14 dana.<\/div>\n<h6>Saveti za upotrebu:<\/h6>\n<p>Izolovati bolesne ptice (28\u201333 \u00baC, prigu\u0161eno svetlo).<br \/>\nTokom le\u010denja obezbediti preventivni tretman za ostale ptice.<br \/>\nOsigurati unos preporu\u010dene koli\u010dine leka.<br \/>\nDavati glukozu i MULTIVIT MIX tokom tretmana.<br \/>\nKod te\u017eih stanja preporu\u010duje se produ\u017eeno le\u010denje.<br \/>\nDezinfikovati prostor.<br \/>\nAko nema pobolj\u0161anja, konsultovati stru\u010dnjaka.<\/p>\n<h6>NAPOMENA: PRO\u010cITATI UPUTSTVO PRE UPOTREBE.<\/h6>\n<p>\u010cuvati na suvom mestu, dalje od sun\u010deve svetlosti, na 0\u201330 \u00b0C.<br \/>\nRok trajanja nakon otvaranja: 1 godina.<br \/>\nBroj serije i rok trajanja: videti pakovanje.<br \/>\nIzbegavati kontakt sa rukama.<br \/>\nDr\u017eati van doma\u0161aja dece.<br \/>\nSamo za upotrebu kod \u017eivotinja.<br \/>\nOdlagati ambala\u017eu u ku\u0107ni otpad.<\/p>\n<h6>Sastav:<\/h6>\n<p>Levamisol HCl 2%, pomo\u0107ne supstance do 100 g<\/p>\n","protected":false},"excerpt":{"rendered":"<p>Indikacije: Prevencija i le\u010denje infekcija okruglim i vlasastim crvima kod ptica. Simptomi: SIMPTOMI CREVNIH PARAZITA \u2022 Gubitak te\u017eine \u2022 Lo\u0161a kondicija \u2022&hellip;<\/p>\n","protected":false},"featured_media":13688,"template":"","meta":[],"product_cat":[299],"product_tag":[],"class_list":{"0":"post-13687","1":"product","2":"type-product","3":"status-publish","4":"has-post-thumbnail","6":"product_cat-299","8":"first","9":"instock","10":"shipping-taxable","11":"product-type-simple"},"_links":{"self":[{"href":"https:\/\/care4birds.bg\/sr\/wp-json\/wp\/v2\/product\/13687","targetHints":{"allow":["GET"]}}],"collection":[{"href":"https:\/\/care4birds.bg\/sr\/wp-json\/wp\/v2\/product"}],"about":[{"href":"https:\/\/care4birds.bg\/sr\/wp-json\/wp\/v2\/types\/product"}],"wp:featuredmedia":[{"embeddable":true,"href":"https:\/\/care4birds.bg\/sr\/wp-json\/wp\/v2\/media\/13688"}],"wp:attachment":[{"href":"https:\/\/care4birds.bg\/sr\/wp-json\/wp\/v2\/media?parent=13687"}],"wp:term":[{"taxonomy":"product_cat","embeddable":true,"href":"https:\/\/care4birds.bg\/sr\/wp-json\/wp\/v2\/product_cat?post=13687"},{"taxonomy":"product_tag","embeddable":true,"href":"https:\/\/care4birds.bg\/sr\/wp-json\/wp\/v2\/product_tag?post=13687"}],"curies":[{"name":"wp","href":"https:\/\/api.w.org\/{rel}","templated":true}]}}