{"id":13693,"date":"2025-11-03T11:33:19","date_gmt":"2025-11-03T11:33:19","guid":{"rendered":"https:\/\/care4birds.bg\/product\/fungi-mix\/"},"modified":"2026-04-09T09:45:35","modified_gmt":"2026-04-09T09:45:35","slug":"fungi-mix","status":"publish","type":"product","link":"https:\/\/care4birds.bg\/sr\/\u043f\u0440\u043e\u0438\u0437\u0432\u043e\u0434\/fungi-mix\/","title":{"rendered":"Fungi-mix"},"content":{"rendered":"<div>\n<h6>Indikacije:<\/h6>\n<\/div>\n<div>Gljivi\u010dne infekcije kao \u0161to su kandidijaza, monilijaza i aspergiloza kod ptica.<\/div>\n<div>Kvasci su prisutni svuda u okru\u017eenju, uklju\u010duju\u0107i i pokvarenu hranu. Zato sve\u017ee vo\u0107e i povr\u0107e ne treba dugo ostavljati u kavezu. U letnjim uslovima toplote i vlage hrana se mo\u017ee pokvariti za samo nekoliko sati. Lo\u0161a higijena tako\u0111e doprinosi \u0161irenju infekcija. Nesterilizovana oprema za ru\u010dno hranjenje, nepravilno \u010di\u0161\u0107enje kaveza i neoprane ruke mogu preneti infekciju. Ve\u0107ina zdravih ptica ne\u0107e biti pogo\u0111ena. Starije, mlade, bolesne i stresirane ptice \u010de\u0161\u0107e razvijaju sekundarne infekcije. Ove infekcije<\/div>\n<div>dodatno optere\u0107uju imuni sistem i usporavaju proces oporavka.<\/div>\n<h6>Simptomi:<\/h6>\n<div>\u2022 Opadanje perja<\/div>\n<div>\u2022 Slab apetit<\/div>\n<div>\u2022 Povra\u0107anje<\/div>\n<div>\u2022 Ote\u010den voljak<\/div>\n<div>\u2022 Problemi sa disanjem<\/div>\n<div>\u2022 \u010cesto pra\u0107eno dijarejom<\/div>\n<h6>Doziranje:<\/h6>\n<p>Doziranje sa hranom: op\u0161te za ptice: 5 g \/ 500 g meke hrane, dva puta dnevno, 5\u20137 dana<br \/>\nDoziranje u vodi: op\u0161te za ptice: 5 g \/ 1 L vode za pi\u0107e, dva puta dnevno, 5\u20137 dana (dobro prome\u0161ati pre upotrebe!) Nistatin se mo\u017ee me\u0161ati direktno sa hranom, ali je efikasniji ako se daje zasebno oko 30 minuta pre hranjenja. To omogu\u0107ava da oblo\u017ei voljak i deluje na Candida organizam. Za prevenciju davati limunsku kiselinu 5 ml \/ 1 L vode dnevno. Ka\u0161ika za merenje 1+5 g uklju\u010dena.<\/p>\n<p>Interaction(s): nisu poznate.<\/p>\n<p>Contra-indication(s): predoziranje.<\/p>\n<h6>Saveti za upotrebu:<\/h6>\n<p>Izolovati bolesne ptice (28\u201333 \u00baC, prigu\u0161eno svetlo).<br \/>\nTokom le\u010denja obezbediti preventivni tretman za ostale ptice.<br \/>\nOsigurati unos preporu\u010dene koli\u010dine leka.<br \/>\nDavati glukozu i MULTIVIT MIX tokom tretmana.<br \/>\nKod te\u017eih stanja preporu\u010duje se produ\u017eeno le\u010denje.<br \/>\nDezinfikovati prostor.<br \/>\nAko nema pobolj\u0161anja, konsultovati stru\u010dnjaka.<\/p>\n<h6>NAPOMENA: PRO\u010cITATI UPUTSTVO PRE UPOTREBE.<\/h6>\n<p>\u010cuvati na suvom mestu, dalje od sun\u010deve svetlosti, na 0\u201330 \u00b0C.<br \/>\nRok trajanja nakon otvaranja: 1 godina.<br \/>\nBroj serije i rok trajanja: videti pakovanje.<br \/>\nIzbegavati kontakt sa rukama.<br \/>\nDr\u017eati van doma\u0161aja dece.<br \/>\nSamo za upotrebu kod \u017eivotinja.<br \/>\nOdlagati ambala\u017eu u ku\u0107ni otpad.<\/p>\n<h6>Sastav:<\/h6>\n<p>100 g Nistatin (200.000 IJ\/gram)<\/p>\n","protected":false},"excerpt":{"rendered":"<p>Indikacije: Gljivi\u010dne infekcije kao \u0161to su kandidijaza, monilijaza i aspergiloza kod ptica. Kvasci su prisutni svuda u okru\u017eenju, uklju\u010duju\u0107i i pokvarenu hranu.&hellip;<\/p>\n","protected":false},"featured_media":13694,"template":"","meta":[],"product_cat":[299],"product_tag":[],"class_list":{"0":"post-13693","1":"product","2":"type-product","3":"status-publish","4":"has-post-thumbnail","6":"product_cat-299","8":"first","9":"instock","10":"shipping-taxable","11":"product-type-simple"},"_links":{"self":[{"href":"https:\/\/care4birds.bg\/sr\/wp-json\/wp\/v2\/product\/13693","targetHints":{"allow":["GET"]}}],"collection":[{"href":"https:\/\/care4birds.bg\/sr\/wp-json\/wp\/v2\/product"}],"about":[{"href":"https:\/\/care4birds.bg\/sr\/wp-json\/wp\/v2\/types\/product"}],"wp:featuredmedia":[{"embeddable":true,"href":"https:\/\/care4birds.bg\/sr\/wp-json\/wp\/v2\/media\/13694"}],"wp:attachment":[{"href":"https:\/\/care4birds.bg\/sr\/wp-json\/wp\/v2\/media?parent=13693"}],"wp:term":[{"taxonomy":"product_cat","embeddable":true,"href":"https:\/\/care4birds.bg\/sr\/wp-json\/wp\/v2\/product_cat?post=13693"},{"taxonomy":"product_tag","embeddable":true,"href":"https:\/\/care4birds.bg\/sr\/wp-json\/wp\/v2\/product_tag?post=13693"}],"curies":[{"name":"wp","href":"https:\/\/api.w.org\/{rel}","templated":true}]}}