{"id":13699,"date":"2025-11-03T11:31:54","date_gmt":"2025-11-03T11:31:54","guid":{"rendered":"https:\/\/care4birds.bg\/product\/protozoal-mix\/"},"modified":"2026-04-09T09:48:41","modified_gmt":"2026-04-09T09:48:41","slug":"protozoal-mix","status":"publish","type":"product","link":"https:\/\/care4birds.bg\/sr\/\u043f\u0440\u043e\u0438\u0437\u0432\u043e\u0434\/protozoal-mix\/","title":{"rendered":"Protozoal-mix"},"content":{"rendered":"<div>\n<div>\n<h6>Indikacije:<\/h6>\n<\/div>\n<div>Protozoarne infekcije: trihomonijaza (Canker), giardijaza<\/div>\n<\/div>\n<div>\n<div>i Cochlosoma kod ptica.<\/div>\n<\/div>\n<h6>Simptomi:<\/h6>\n<div>\n<div>\u2022 Trihomonijaza: gubitak te\u017eine, vra\u0107anje hrane, osu\u0161ena pljuva\u010dka oko kljuna<\/div>\n<\/div>\n<div>\n<div>\u2022 Giardijaza: dijareja i povremeni uginu\u0107i<\/div>\n<\/div>\n<div>\n<div>\u2022 Cochlosomoza: kod mladih ptica dehidracija, slabost i \u017euta dijareja<\/div>\n<\/div>\n<div>\n<div>Kod zeba koje odgajaju bengalske zebe, koje mogu biti bez simptoma prenosioci.<\/div>\n<\/div>\n<div>\n<div>Simptomi su najizra\u017eeniji kod mladih ptica starosti od 10 dana do 6 nedelja. Infekcija se mo\u017ee \u0161iriti putem izmeta, hrane i vode.<\/div>\n<\/div>\n<h6>Doziranje<\/h6>\n<div>DOZIRANJE: Trihomonijaza i giardijaza: dodati 5 g u 1 litar vode za pi\u0107e<\/div>\n<div>tokom 5\u20137 uzastopnih dana.<\/div>\n<div>Papagaji: 1 g u 1 litar vode za pi\u0107e tokom 5\u20137 dana.<\/div>\n<div>DOZIRANJE: Cochlosomoza: dodati 5 g u 1 litar vode ili 500 g meke hrane<\/div>\n<div>tokom 5 uzastopnih dana. Tretman ponavljati mese\u010dno tokom 6 meseci.<\/div>\n<div>Ka\u0161ika za merenje 1+5 g uklju\u010dena.<\/div>\n<h6>Interakcije: nisu poznate.<\/h6>\n<h6>Kontraindikacije: predoziranje.<\/h6>\n<h6>Saveti za upotrebu:<\/h6>\n<p>Izolovati bolesne ptice (28\u201333 \u00baC, prigu\u0161eno svetlo).<br \/>\nTokom le\u010denja obezbediti preventivni tretman za ostale ptice.<br \/>\nOsigurati unos preporu\u010dene koli\u010dine leka.<br \/>\nDavati glukozu i MULTIVIT MIX tokom tretmana.<br \/>\nKod te\u017eih stanja preporu\u010duje se produ\u017eeno le\u010denje.<br \/>\nDezinfikovati prostor.<br \/>\nAko nema pobolj\u0161anja, konsultovati stru\u010dnjaka.<\/p>\n<h6>NAPOMENA: PRO\u010cITATI UPUTSTVO PRE UPOTREBE.<\/h6>\n<p>Rok trajanja nakon otvaranja: 1 godina.<br \/>\nBroj serije i rok trajanja: videti pakovanje.<br \/>\nIzbegavati kontakt sa rukama.<br \/>\nDr\u017eati van doma\u0161aja dece.<br \/>\nSamo za upotrebu kod \u017eivotinja.<br \/>\nOdlagati ambala\u017eu u ku\u0107ni otpad.<br \/>\nOvaj veterinarski proizvod se prodaje u skladu sa \u0161emom izuze\u0107a za male \u017eivotinje.<\/p>\n<h6>Sastav:<\/h6>\n<p>Ronidazol 10%, pomo\u0107ne supstance do 100 g<\/p>\n","protected":false},"excerpt":{"rendered":"<p>Indikacije: Protozoarne infekcije: trihomonijaza (Canker), giardijaza i Cochlosoma kod ptica. Simptomi: \u2022 Trihomonijaza: gubitak te\u017eine, vra\u0107anje hrane, osu\u0161ena pljuva\u010dka oko kljuna \u2022&hellip;<\/p>\n","protected":false},"featured_media":13700,"template":"","meta":[],"product_cat":[299],"product_tag":[],"class_list":{"0":"post-13699","1":"product","2":"type-product","3":"status-publish","4":"has-post-thumbnail","6":"product_cat-299","8":"first","9":"instock","10":"shipping-taxable","11":"product-type-simple"},"_links":{"self":[{"href":"https:\/\/care4birds.bg\/sr\/wp-json\/wp\/v2\/product\/13699","targetHints":{"allow":["GET"]}}],"collection":[{"href":"https:\/\/care4birds.bg\/sr\/wp-json\/wp\/v2\/product"}],"about":[{"href":"https:\/\/care4birds.bg\/sr\/wp-json\/wp\/v2\/types\/product"}],"wp:featuredmedia":[{"embeddable":true,"href":"https:\/\/care4birds.bg\/sr\/wp-json\/wp\/v2\/media\/13700"}],"wp:attachment":[{"href":"https:\/\/care4birds.bg\/sr\/wp-json\/wp\/v2\/media?parent=13699"}],"wp:term":[{"taxonomy":"product_cat","embeddable":true,"href":"https:\/\/care4birds.bg\/sr\/wp-json\/wp\/v2\/product_cat?post=13699"},{"taxonomy":"product_tag","embeddable":true,"href":"https:\/\/care4birds.bg\/sr\/wp-json\/wp\/v2\/product_tag?post=13699"}],"curies":[{"name":"wp","href":"https:\/\/api.w.org\/{rel}","templated":true}]}}