{"id":13705,"date":"2025-11-03T11:31:44","date_gmt":"2025-11-03T11:31:44","guid":{"rendered":"https:\/\/care4birds.bg\/product\/combi-mix-2\/"},"modified":"2026-04-09T09:50:09","modified_gmt":"2026-04-09T09:50:09","slug":"combi-mix-2","status":"publish","type":"product","link":"https:\/\/care4birds.bg\/sr\/\u043f\u0440\u043e\u0438\u0437\u0432\u043e\u0434\/combi-mix-2\/","title":{"rendered":"Combi-mix"},"content":{"rendered":"<div>\n<h6>Indikacije:<\/h6>\n<\/div>\n<div>Kokcidioza i atoksoplazmoza (Lankesterella) kod ptica.<\/div>\n<h6>Simptomi:<\/h6>\n<div>\u2022 Gubitak apetita<\/div>\n<div>\u2022 Nakostre\u0161eno perje<\/div>\n<div>\u2022 Vodena, sluzava stolica<\/div>\n<div>\u2022 Prljavo perje oko kloake<\/div>\n<div>\u2022 Uve\u0107ana jetra<\/div>\n<div>\u2022 Ote\u010dena creva<\/div>\n<h6>Doziranje:<\/h6>\n<div>Doziranje kokcidioze: kavezne ptice, kanarinci: 1 g\/200 ml vode za pi\u0107e (5 g\/1 L), 7 dana; ponoviti tretman nakon 2 dana.<\/div>\n<div>Doziranje atoksoplazmoze (Lankesterella): kavezne ptice, kanarinci: 1 g\/400 ml vode za pi\u0107e (5 g\/2 L), kontinuirano tokom perioda razmno\u017eavanja do prve mitarenja. Ka\u0161ika za merenje 1+5 g uklju\u010dena.<\/div>\n<p>Interakcije: nisu poznate.<\/p>\n<p>Kontraindikacije: predoziranje.<\/p>\n<h6>Saveti za upotrebu:<\/h6>\n<p>Izolovati bolesne ptice (28\u201333 \u00baC, prigu\u0161eno svetlo).<br \/>\nTokom le\u010denja obezbediti preventivni tretman za ostale ptice.<br \/>\nOsigurati unos preporu\u010dene koli\u010dine leka.<br \/>\nDavati glukozu i MULTIVIT MIX tokom tretmana.<br \/>\nKod te\u017eih stanja preporu\u010duje se produ\u017eeno le\u010denje.<br \/>\nDezinfikovati prostor.<br \/>\nAko nema pobolj\u0161anja, konsultovati stru\u010dnjaka.<\/p>\n<h6>NAPOMENA: PRO\u010cITATI UPUTSTVO PRE UPOTREBE.<\/h6>\n<p>\u010cuvati na suvom mestu, dalje od sun\u010deve svetlosti, na 0\u201330 \u00b0C.<br \/>\nRok trajanja nakon otvaranja: 1 godina.<br \/>\nBroj serije i rok trajanja: videti pakovanje.<br \/>\nIzbegavati kontakt sa rukama.<br \/>\nDr\u017eati van doma\u0161aja dece.<br \/>\nSamo za upotrebu kod \u017eivotinja.<br \/>\nOdlagati ambala\u017eu u ku\u0107ni otpad.<\/p>\n<h6>Sastav:<\/h6>\n<p>Natrijum sulfaklorpiridazin 5%, pomo\u0107ne supstance do 100 g<\/p>\n<h6>VA\u017dNO<\/h6>\n<p>Mo\u017ee do\u0107i do blagog stvrdnjavanja praha tokom vremena, ali to ne uti\u010de na kvalitet niti efikasnost proizvoda.<\/p>\n","protected":false},"excerpt":{"rendered":"<p>Indikacije: Kokcidioza i atoksoplazmoza (Lankesterella) kod ptica. Simptomi: \u2022 Gubitak apetita \u2022 Nakostre\u0161eno perje \u2022 Vodena, sluzava stolica \u2022 Prljavo perje oko&hellip;<\/p>\n","protected":false},"featured_media":13706,"template":"","meta":[],"product_cat":[299],"product_tag":[],"class_list":{"0":"post-13705","1":"product","2":"type-product","3":"status-publish","4":"has-post-thumbnail","6":"product_cat-299","8":"first","9":"instock","10":"shipping-taxable","11":"product-type-simple"},"_links":{"self":[{"href":"https:\/\/care4birds.bg\/sr\/wp-json\/wp\/v2\/product\/13705","targetHints":{"allow":["GET"]}}],"collection":[{"href":"https:\/\/care4birds.bg\/sr\/wp-json\/wp\/v2\/product"}],"about":[{"href":"https:\/\/care4birds.bg\/sr\/wp-json\/wp\/v2\/types\/product"}],"wp:featuredmedia":[{"embeddable":true,"href":"https:\/\/care4birds.bg\/sr\/wp-json\/wp\/v2\/media\/13706"}],"wp:attachment":[{"href":"https:\/\/care4birds.bg\/sr\/wp-json\/wp\/v2\/media?parent=13705"}],"wp:term":[{"taxonomy":"product_cat","embeddable":true,"href":"https:\/\/care4birds.bg\/sr\/wp-json\/wp\/v2\/product_cat?post=13705"},{"taxonomy":"product_tag","embeddable":true,"href":"https:\/\/care4birds.bg\/sr\/wp-json\/wp\/v2\/product_tag?post=13705"}],"curies":[{"name":"wp","href":"https:\/\/api.w.org\/{rel}","templated":true}]}}