{"id":13711,"date":"2025-11-03T11:29:59","date_gmt":"2025-11-03T11:29:59","guid":{"rendered":"https:\/\/care4birds.bg\/product\/orni-mix\/"},"modified":"2026-04-09T09:51:32","modified_gmt":"2026-04-09T09:51:32","slug":"orni-mix","status":"publish","type":"product","link":"https:\/\/care4birds.bg\/sr\/\u043f\u0440\u043e\u0438\u0437\u0432\u043e\u0434\/orni-mix\/","title":{"rendered":"Orni-mix"},"content":{"rendered":"<div>\n<h6>Indikacije:<\/h6>\n<\/div>\n<div>\n<div>Infekcije disajnih puteva izazvane ornitozom, pneumonijom, mikoplazmozom, psitakozom (hlamidiozom) kod ptica.<\/div>\n<\/div>\n<h6>Simptomi:<\/h6>\n<div>\n<div>\u2022 Upala sinusa, ote\u017eano disanje, kratak dah, bu\u010dno disanje ili curenje iz nosa<\/div>\n<\/div>\n<div>\n<div>\u2022 Iscedak iz o\u010diju ili otok, slepljeno perje oko o\u010diju<\/div>\n<\/div>\n<div>\n<div>\u2022 Letargija, nakostre\u0161eno perje, gubitak apetita, mr\u0161avljenje, slabost<\/div>\n<\/div>\n<h6>Doziranje<\/h6>\n<div>\n<div>Doziranje: kavezne i volijerne ptice (kanarinci, zebe):<\/div>\n<\/div>\n<div>\n<div>5 g \/ 2 litra vode za pi\u0107e tokom 5\u201310 uzastopnih dana.<\/div>\n<\/div>\n<div>\n<div>Doziranje: papagaji:<\/div>\n<\/div>\n<div>\n<div>1 g \/ 2 kg telesne mase ili 3 g \/ 200 ml vode za pi\u0107e tokom 5\u201310 dana.<\/div>\n<\/div>\n<div>\n<div>Le\u010denje psitakoze (papagajska groznica): 1 g \/ 2 kg telesne mase ili 3 g \/ 200 ml vode za pi\u0107e. Terapija traje 45 dana. Tokom ovog perioda potrebno je ukloniti sve izvore kalcijuma jer uti\u010de na apsorpciju antibiotika.<\/div>\n<\/div>\n<div>\n<div>Ka\u0161ika za merenje 1+5 g uklju\u010dena.<\/div>\n<\/div>\n<div><\/div>\n<p>Interakcije: nisu poznate.<\/p>\n<p>Kontraindikacije: predoziranje.<\/p>\n<h6>Saveti za upotrebu:<\/h6>\n<p>Izolovati bolesne ptice (28\u201333 \u00baC, prigu\u0161eno svetlo).<br \/>\nTokom le\u010denja obezbediti preventivni tretman za ostale ptice.<br \/>\nOsigurati unos preporu\u010dene koli\u010dine leka.<br \/>\nDavati glukozu i MULTIVIT MIX tokom tretmana.<br \/>\nKod te\u017eih stanja preporu\u010duje se produ\u017eeno le\u010denje.<br \/>\nDezinfikovati prostor.<br \/>\nAko nema pobolj\u0161anja, konsultovati stru\u010dnjaka.<\/p>\n<h6>NAPOMENA: PRO\u010cITATI UPUTSTVO PRE UPOTREBE.<\/h6>\n<p>\u010cuvati na suvom mestu, dalje od sun\u010deve svetlosti, na 0\u201330 \u00b0C.<br \/>\nRok trajanja nakon otvaranja: 1 godina.<br \/>\nBroj serije i rok trajanja: videti pakovanje.<br \/>\nIzbegavati kontakt sa rukama.<br \/>\nDr\u017eati van doma\u0161aja dece.<br \/>\nSamo za upotrebu kod \u017eivotinja.<br \/>\nOdlagati ambala\u017eu u ku\u0107ni otpad.<\/p>\n<h6>Sastav:<\/h6>\n<p>Doksiciklin hiklat 6%, spiramicin adipat 10%, metronidazol 10%, bromheksin HCl 2%, pomo\u0107ne supstance do 100 g<\/p>\n","protected":false},"excerpt":{"rendered":"<p>Indikacije: Infekcije disajnih puteva izazvane ornitozom, pneumonijom, mikoplazmozom, psitakozom (hlamidiozom) kod ptica. Simptomi: \u2022 Upala sinusa, ote\u017eano disanje, kratak dah, bu\u010dno disanje&hellip;<\/p>\n","protected":false},"featured_media":13712,"template":"","meta":[],"product_cat":[299],"product_tag":[],"class_list":{"0":"post-13711","1":"product","2":"type-product","3":"status-publish","4":"has-post-thumbnail","6":"product_cat-299","8":"first","9":"instock","10":"shipping-taxable","11":"product-type-simple"},"_links":{"self":[{"href":"https:\/\/care4birds.bg\/sr\/wp-json\/wp\/v2\/product\/13711","targetHints":{"allow":["GET"]}}],"collection":[{"href":"https:\/\/care4birds.bg\/sr\/wp-json\/wp\/v2\/product"}],"about":[{"href":"https:\/\/care4birds.bg\/sr\/wp-json\/wp\/v2\/types\/product"}],"wp:featuredmedia":[{"embeddable":true,"href":"https:\/\/care4birds.bg\/sr\/wp-json\/wp\/v2\/media\/13712"}],"wp:attachment":[{"href":"https:\/\/care4birds.bg\/sr\/wp-json\/wp\/v2\/media?parent=13711"}],"wp:term":[{"taxonomy":"product_cat","embeddable":true,"href":"https:\/\/care4birds.bg\/sr\/wp-json\/wp\/v2\/product_cat?post=13711"},{"taxonomy":"product_tag","embeddable":true,"href":"https:\/\/care4birds.bg\/sr\/wp-json\/wp\/v2\/product_tag?post=13711"}],"curies":[{"name":"wp","href":"https:\/\/api.w.org\/{rel}","templated":true}]}}