{"id":13717,"date":"2025-11-03T11:29:04","date_gmt":"2025-11-03T11:29:04","guid":{"rendered":"https:\/\/care4birds.bg\/product\/multivit-mix\/"},"modified":"2026-04-09T09:52:53","modified_gmt":"2026-04-09T09:52:53","slug":"multivit-mix","status":"publish","type":"product","link":"https:\/\/care4birds.bg\/sr\/\u043f\u0440\u043e\u0438\u0437\u0432\u043e\u0434\/multivit-mix\/","title":{"rendered":"Multivit-Mix"},"content":{"rendered":"<div>Multivit-mix je specijalna me\u0161avina vitamina rastvorljivih u vodi i glukoze. Ovi vitamini su od velikog zna\u010daja za metabolizam ptica. Glukoza je dodata kako bi obezbedila direktnu energiju.<\/div>\n<div><\/div>\n<div>Multivit-mix doprinosi:<\/div>\n<div>Multivit-mix doprinosi:<\/div>\n<div>\u2022 pove\u0107anoj otpornosti<\/div>\n<div>\u2022 dobrom razmno\u017eavanju<\/div>\n<div>\u2022 optimalnom oporavku<\/div>\n<div><\/div>\n<div>Dnevne potrebe ptica za vitaminima su veoma va\u017ene; njihov nedostatak mo\u017ee izazvati razli\u010dite probleme, na primer:<\/div>\n<div>\u2022 Nedostatak vitamina A mo\u017ee izazvati smanjenu plodnost kod mu\u017ejaka i \u017eenki, promene na respiratornom i digestivnom sistemu, olak\u0161ati infekcije, uticati na vid i izazvati uginu\u0107e embriona.<\/div>\n<div>\u2022 Nedostatak vitamina B grupe mo\u017ee izazvati nervne poreme\u0107aje, usporen rast i razvoj perja, poreme\u0107aje metabolizma masti, slabu izlegljivost jaja i slab razvoj mladih ptica.<\/div>\n<div>\u2022 Nedostatak vitamina D izaziva rahitis i jaja sa mekom ljuskom.<\/div>\n<div><\/div>\n<div>Vitamini se daju najmanje jednom nedeljno:<\/div>\n<div>\u2022 Tokom rasta, mitarenja i razmno\u017eavanja<\/div>\n<div>\u2022 Tokom stresa i velikog optere\u0107enja<\/div>\n<div>\u2022 Nakon bolesti, tretmana protiv parazita i vakcinacije<\/div>\n<h6>Doziranje<\/h6>\n<p>Doziranje: ukrasne ptice:<br \/>\n\u2022 Jednokratna doza nakon terapije: 2 g\/0,5 l vode ili 2 g\/250 g hrane<br \/>\n\u2022 Odr\u017eavanje: dva puta nedeljno 1 g\/0,5 l vode ili 1 g\/250 g hrane<br \/>\nMultivit-mix se mo\u017ee dodati u vodu ili pome\u0161ati sa hranom. Ka\u0161ika za merenje 1+5 g uklju\u010dena.<\/p>\n<h6>Interakcije: nisu poznate.<\/h6>\n<h6>Kontraindikacije: predoziranje.<\/h6>\n<p>&nbsp;<\/p>\n<h6>NAPOMENA: PRO\u010cITATI UPUTSTVO PRE UPOTREBE.<\/h6>\n<p>\u010cuvati na suvom mestu, dalje od sun\u010deve svetlosti, na 0\u201330 \u00b0C.<br \/>\nRok trajanja nakon otvaranja: 1 godina.<br \/>\nBroj serije i rok trajanja: videti pakovanje.<br \/>\nIzbegavati kontakt sa rukama.<br \/>\nDr\u017eati van doma\u0161aja dece.<br \/>\nSamo za upotrebu kod \u017eivotinja.<br \/>\nOdlagati ambala\u017eu u ku\u0107ni otpad.<br \/>\nOvaj veterinarski proizvod je u skladu sa \u0161emom izuze\u0107a za male \u017eivotinje.<\/p>\n<h6>Sastav:<\/h6>\n<p>200 g multivitamina<\/p>\n","protected":false},"excerpt":{"rendered":"<p>Multivit-mix je specijalna me\u0161avina vitamina rastvorljivih u vodi i glukoze. Ovi vitamini su od velikog zna\u010daja za metabolizam ptica. Glukoza je dodata&hellip;<\/p>\n","protected":false},"featured_media":13718,"template":"","meta":[],"product_cat":[299],"product_tag":[],"class_list":{"0":"post-13717","1":"product","2":"type-product","3":"status-publish","4":"has-post-thumbnail","6":"product_cat-299","8":"first","9":"instock","10":"shipping-taxable","11":"product-type-simple"},"_links":{"self":[{"href":"https:\/\/care4birds.bg\/sr\/wp-json\/wp\/v2\/product\/13717","targetHints":{"allow":["GET"]}}],"collection":[{"href":"https:\/\/care4birds.bg\/sr\/wp-json\/wp\/v2\/product"}],"about":[{"href":"https:\/\/care4birds.bg\/sr\/wp-json\/wp\/v2\/types\/product"}],"wp:featuredmedia":[{"embeddable":true,"href":"https:\/\/care4birds.bg\/sr\/wp-json\/wp\/v2\/media\/13718"}],"wp:attachment":[{"href":"https:\/\/care4birds.bg\/sr\/wp-json\/wp\/v2\/media?parent=13717"}],"wp:term":[{"taxonomy":"product_cat","embeddable":true,"href":"https:\/\/care4birds.bg\/sr\/wp-json\/wp\/v2\/product_cat?post=13717"},{"taxonomy":"product_tag","embeddable":true,"href":"https:\/\/care4birds.bg\/sr\/wp-json\/wp\/v2\/product_tag?post=13717"}],"curies":[{"name":"wp","href":"https:\/\/api.w.org\/{rel}","templated":true}]}}