{"id":13723,"date":"2025-11-03T11:28:39","date_gmt":"2025-11-03T11:28:39","guid":{"rendered":"https:\/\/care4birds.bg\/product\/eye-drops-2\/"},"modified":"2026-04-09T09:54:17","modified_gmt":"2026-04-09T09:54:17","slug":"eye-drops-2","status":"publish","type":"product","link":"https:\/\/care4birds.bg\/sr\/\u043f\u0440\u043e\u0438\u0437\u0432\u043e\u0434\/eye-drops-2\/","title":{"rendered":"Eye drops"},"content":{"rendered":"<h6>Indikacija:<\/h6>\n<div>Svi tipovi infekcija; bolesti o\u010diju ili u\u0161iju izazvane gram + i &#8211; bakterijama<\/div>\n<h6>Doziranje<\/h6>\n<div>1-2 kapi ili po uputstvu veterinara<\/div>\n<h6>Tretman<\/h6>\n<div>1-2 puta dnevno dok se ne pojavi pobolj\u0161anje,<\/div>\n<div>ili po uputstvu veterinara<\/div>\n<div><\/div>\n<div>NAPOMENA: PRO\u010cITATI UPUTSTVO PRE UPOTREBE.<\/div>\n<ul>\n<li>\u010cuvati na suvom mestu, dalje od direktne sun\u010deve svetlosti, 0-30 \u00b0C.<\/li>\n<li>Ograni\u010deno \u010duvanje nakon otvaranja.<\/li>\n<li>Izbegavati kontakt leka sa rukama.<\/li>\n<li>Dr\u017eati van doma\u0161aja dece.<\/li>\n<li>Samo za le\u010denje \u017eivotinja. Ne koristiti kod \u017eivotinja namenjenih za ishranu ljudi.<\/li>\n<li>U slu\u010daju sumnje ili trajnih problema, konsultovati stru\u010dnjaka.<\/li>\n<\/ul>\n<div><b>PROIZVOD SADR\u017dI STEROIDE, NE KORISTITI PRED TRKE.<\/b><\/div>\n<h6>Formula<\/h6>\n<div>Sadr\u017ei: Prednisolon natrijum fosfat 55 mg\/g, Neomicin sulfat 50 mg\/g<\/div>\n<h6>Sadr\u017ei:<\/h6>\n<div>10 ml veterinarskog leka za ptice<\/div>\n","protected":false},"excerpt":{"rendered":"<p>Indikacija: Svi tipovi infekcija; bolesti o\u010diju ili u\u0161iju izazvane gram + i &#8211; bakterijama Doziranje 1-2 kapi ili po uputstvu veterinara Tretman&hellip;<\/p>\n","protected":false},"featured_media":13724,"template":"","meta":[],"product_cat":[299],"product_tag":[],"class_list":{"0":"post-13723","1":"product","2":"type-product","3":"status-publish","4":"has-post-thumbnail","6":"product_cat-299","8":"first","9":"instock","10":"shipping-taxable","11":"product-type-simple"},"_links":{"self":[{"href":"https:\/\/care4birds.bg\/sr\/wp-json\/wp\/v2\/product\/13723","targetHints":{"allow":["GET"]}}],"collection":[{"href":"https:\/\/care4birds.bg\/sr\/wp-json\/wp\/v2\/product"}],"about":[{"href":"https:\/\/care4birds.bg\/sr\/wp-json\/wp\/v2\/types\/product"}],"wp:featuredmedia":[{"embeddable":true,"href":"https:\/\/care4birds.bg\/sr\/wp-json\/wp\/v2\/media\/13724"}],"wp:attachment":[{"href":"https:\/\/care4birds.bg\/sr\/wp-json\/wp\/v2\/media?parent=13723"}],"wp:term":[{"taxonomy":"product_cat","embeddable":true,"href":"https:\/\/care4birds.bg\/sr\/wp-json\/wp\/v2\/product_cat?post=13723"},{"taxonomy":"product_tag","embeddable":true,"href":"https:\/\/care4birds.bg\/sr\/wp-json\/wp\/v2\/product_tag?post=13723"}],"curies":[{"name":"wp","href":"https:\/\/api.w.org\/{rel}","templated":true}]}}