{"id":13735,"date":"2025-11-03T11:22:42","date_gmt":"2025-11-03T11:22:42","guid":{"rendered":"https:\/\/care4birds.bg\/product\/multivitamin\/"},"modified":"2026-04-09T09:58:18","modified_gmt":"2026-04-09T09:58:18","slug":"multivitamin","status":"publish","type":"product","link":"https:\/\/care4birds.bg\/sr\/\u043f\u0440\u043e\u0438\u0437\u0432\u043e\u0434\/multivitamin\/","title":{"rendered":"Multivitamin"},"content":{"rendered":"<h6>POSEBNA ME\u0160AVINA VODORASTVORNIH VITAMINA I GLUKOZE<\/h6>\n<h6>Indikacija:<\/h6>\n<div>Multivit-mix je posebna me\u0161avina vodorastvornih vitamina i glukoze. Ovi vitamini su od velikog zna\u010daja za metabolizam ptica. Glukoza je dodata kako bi se pticama obezbedila direktna energija.<\/div>\n<div>Multivit-mix doprinosi:<\/div>\n<ul>\n<li>Pove\u0107anju otpornosti<\/li>\n<li>Dobrom razmno\u017eavanju<\/li>\n<li>Optimalnom oporavku<\/li>\n<\/ul>\n<div>Dnevne potrebe ptica za vitaminima su vrlo va\u017ene; nedostatak vitamina mo\u017ee izazvati razne probleme, npr.:<\/div>\n<ul>\n<li>Nedostatak vitamina A mo\u017ee izazvati neplodnost kod mu\u017ejaka i \u017eenke, promene u sluzoko\u017ei respiratornog i digestivnog trakta \u0161to olak\u0161ava infekciju, uti\u010de na vid i mo\u017ee izazvati smrt embriona.<\/li>\n<li>Nedostatak vitamina B mo\u017ee izazvati nervne poreme\u0107aje, usporen rast i razvoj perja, poreme\u0107aje u metabolizmu masti, lo\u0161u izlegljivost jaja i lo\u0161 razvoj mladunaca.<\/li>\n<li>Nedostatak vitamina D izaziva rahitis i jaja sa mekim ljuskom.<\/li>\n<\/ul>\n<div>Multivitamine dajemo najmanje jednom nedeljno:<\/div>\n<ul>\n<li>Tokom rasta, presvla\u010denja perja i razmno\u017eavanja<\/li>\n<li>Tokom velikog napora i stresa<\/li>\n<li>Nakon le\u010denja bolesti, odparazitiranja i vakcinacija<\/li>\n<\/ul>\n<h6>Primena: Doziranje: Golubovi:<\/h6>\n<p><i>MULTIVITAMINSKI PRAH<\/i><\/p>\n<ul>\n<li>Jednokratna doza nakon terapije: 5 g \/ 1 l vode ili 5 g \/ 500 g hrane<\/li>\n<li>Odr\u017eavaju\u0107a doza: dva puta nedeljno 5 g \/ 2 l vode ili 5 g \/ 1 kg hrane<\/li>\n<\/ul>\n<div>Multivit-mix se mo\u017ee dodati u vodu ili dati sa hranom.<\/div>\n<div>Uklju\u010dena merica 1+5 g.<\/div>\n<p><i>MULTIVITAMINSKE TABLETE<\/i><\/p>\n<ul>\n<li>Odr\u017eavanje: 1 tableta po golubu (400-500 g telesne te\u017eine) 1-2 dana nedeljno<\/li>\n<li>Tretman: 1 tableta po golubu (400-500 g telesne te\u017eine) 5 uzastopnih dana ili po uputstvu veterinara<\/li>\n<\/ul>\n<h6>Interakcije:<\/h6>\n<div>Nepoznato<\/div>\n<h6>Kontraindikacije:<\/h6>\n<div>Prekomerna doza<\/div>\n<h6>Sadr\u017ei:<\/h6>\n<p><i>MULTIVITAMINSKI PRAH<\/i><\/p>\n<div class=\"separator\"><a href=\"https:\/\/blogger.googleusercontent.com\/img\/b\/R29vZ2xl\/AVvXsEj7g4Mx4Rvf9SUsWl0-swRcF2lmXal96ez5iMt5o76zV9C2qXmevPTOzIo8bbnuiRiJShjPp-RN_5DKs0AuVhrDoMv95Xf-WRTlYWIjqKO5mpEkvDQCxLV4rzUt6NfKnXPzuPfqHPDr0IKr\/s1600\/composition_multivitamin.JPG\" target=\"_blank\" rel=\"noopener\"><img fetchpriority=\"high\" decoding=\"async\" src=\"https:\/\/blogger.googleusercontent.com\/img\/b\/R29vZ2xl\/AVvXsEj7g4Mx4Rvf9SUsWl0-swRcF2lmXal96ez5iMt5o76zV9C2qXmevPTOzIo8bbnuiRiJShjPp-RN_5DKs0AuVhrDoMv95Xf-WRTlYWIjqKO5mpEkvDQCxLV4rzUt6NfKnXPzuPfqHPDr0IKr\/s320\/composition_multivitamin.JPG\" width=\"238\" height=\"320\" border=\"0\" \/><\/a><\/div>\n<div><\/div>\n<div><i>MULTIVITAMINSKE TABLETE<\/i><\/div>\n<div>Vitamini (A, B-kompleks, C, D, E), Aminokiseline, Elementi u tragovima.<\/div>\n","protected":false},"excerpt":{"rendered":"<p>POSEBNA ME\u0160AVINA VODORASTVORNIH VITAMINA I GLUKOZE Indikacija: Multivit-mix je posebna me\u0161avina vodorastvornih vitamina i glukoze. Ovi vitamini su od velikog zna\u010daja za&hellip;<\/p>\n","protected":false},"featured_media":13736,"template":"","meta":[],"product_cat":[306],"product_tag":[],"class_list":{"0":"post-13735","1":"product","2":"type-product","3":"status-publish","4":"has-post-thumbnail","6":"product_cat-306","8":"first","9":"instock","10":"shipping-taxable","11":"product-type-simple"},"_links":{"self":[{"href":"https:\/\/care4birds.bg\/sr\/wp-json\/wp\/v2\/product\/13735","targetHints":{"allow":["GET"]}}],"collection":[{"href":"https:\/\/care4birds.bg\/sr\/wp-json\/wp\/v2\/product"}],"about":[{"href":"https:\/\/care4birds.bg\/sr\/wp-json\/wp\/v2\/types\/product"}],"wp:featuredmedia":[{"embeddable":true,"href":"https:\/\/care4birds.bg\/sr\/wp-json\/wp\/v2\/media\/13736"}],"wp:attachment":[{"href":"https:\/\/care4birds.bg\/sr\/wp-json\/wp\/v2\/media?parent=13735"}],"wp:term":[{"taxonomy":"product_cat","embeddable":true,"href":"https:\/\/care4birds.bg\/sr\/wp-json\/wp\/v2\/product_cat?post=13735"},{"taxonomy":"product_tag","embeddable":true,"href":"https:\/\/care4birds.bg\/sr\/wp-json\/wp\/v2\/product_tag?post=13735"}],"curies":[{"name":"wp","href":"https:\/\/api.w.org\/{rel}","templated":true}]}}