{"id":13741,"date":"2025-11-03T11:20:06","date_gmt":"2025-11-03T11:20:06","guid":{"rendered":"https:\/\/care4birds.bg\/product\/breeding-tabs\/"},"modified":"2026-04-09T10:00:46","modified_gmt":"2026-04-09T10:00:46","slug":"breeding-tabs","status":"publish","type":"product","link":"https:\/\/care4birds.bg\/sr\/\u043f\u0440\u043e\u0438\u0437\u0432\u043e\u0434\/breeding-tabs\/","title":{"rendered":"Breeding Tabs"},"content":{"rendered":"<h6>ZA OPTIMALAN RAST MLADIH PTICA<\/h6>\n<h6>Indikacija:<\/h6>\n<div>Tablete za uzgoj. Lako svarljivi proteini za optimalan rast mladih ptica. Sadr\u017ei vitamine, elemente u tragovima i aminokiseline neophodne za savr\u0161en rast mladunaca. Za starije uzgajiva\u010dke golubove radi o\u010duvanja vitalnosti i plodnosti.<\/div>\n<h6>Upotreba i doziranje<\/h6>\n<ul>\n<li>Od 1 nedelje: 2 puta nedeljno \u2013 1-2 tablete, zavisno od starosti<\/li>\n<li>Od 5 nedelja: 1 put nedeljno \u2013 2 tablete<\/li>\n<li>Uzgajiva\u010di: 1 put nedeljno \u2013 1-2 tablete, ili po preporuci veterinara<\/li>\n<\/ul>\n","protected":false},"excerpt":{"rendered":"<p>ZA OPTIMALAN RAST MLADIH PTICA Indikacija: Tablete za uzgoj. Lako svarljivi proteini za optimalan rast mladih ptica. Sadr\u017ei vitamine, elemente u tragovima&hellip;<\/p>\n","protected":false},"featured_media":13742,"template":"","meta":[],"product_cat":[306],"product_tag":[],"class_list":{"0":"post-13741","1":"product","2":"type-product","3":"status-publish","4":"has-post-thumbnail","6":"product_cat-306","8":"first","9":"instock","10":"shipping-taxable","11":"product-type-simple"},"_links":{"self":[{"href":"https:\/\/care4birds.bg\/sr\/wp-json\/wp\/v2\/product\/13741","targetHints":{"allow":["GET"]}}],"collection":[{"href":"https:\/\/care4birds.bg\/sr\/wp-json\/wp\/v2\/product"}],"about":[{"href":"https:\/\/care4birds.bg\/sr\/wp-json\/wp\/v2\/types\/product"}],"wp:featuredmedia":[{"embeddable":true,"href":"https:\/\/care4birds.bg\/sr\/wp-json\/wp\/v2\/media\/13742"}],"wp:attachment":[{"href":"https:\/\/care4birds.bg\/sr\/wp-json\/wp\/v2\/media?parent=13741"}],"wp:term":[{"taxonomy":"product_cat","embeddable":true,"href":"https:\/\/care4birds.bg\/sr\/wp-json\/wp\/v2\/product_cat?post=13741"},{"taxonomy":"product_tag","embeddable":true,"href":"https:\/\/care4birds.bg\/sr\/wp-json\/wp\/v2\/product_tag?post=13741"}],"curies":[{"name":"wp","href":"https:\/\/api.w.org\/{rel}","templated":true}]}}