{"id":13748,"date":"2025-11-03T11:19:23","date_gmt":"2025-11-03T11:19:23","guid":{"rendered":"https:\/\/care4birds.bg\/product\/brewers-yeast\/"},"modified":"2026-04-09T10:03:02","modified_gmt":"2026-04-09T10:03:02","slug":"brewers-yeast","status":"publish","type":"product","link":"https:\/\/care4birds.bg\/sr\/\u043f\u0440\u043e\u0438\u0437\u0432\u043e\u0434\/brewers-yeast\/","title":{"rendered":"Brewer`s yeast"},"content":{"rendered":"<div>\n<h6>Indikacija:<\/h6>\n<\/div>\n<div>Pivarski kvasac je prirodna hrana sa svojstvima koja pobolj\u0161avaju zdravlje. Pivarski kvasac je bogat prirodnim vitaminima (uklju\u010duju\u0107i B-kompleks), mineralima, proteinima, aminokiselinama i elementima u tragovima. Ovo je va\u017eno za kondiciju i oblik va\u0161ih golubova. Dajte svojim golubovima pivarski kvasac barem jednom nedeljno, uz beli luk ulje tokom cele godine.<\/div>\n<div>\n<h6>Doziranje<\/h6>\n<\/div>\n<div>25 grama (oko 1 puna supena ka\u0161ika) preko hrane 1-2 dana nedeljno za 40-50 golubova ili ptice te\u017eine 20 kg.<\/div>\n<div>\n<h6>Kontraindikacija:<\/h6>\n<\/div>\n<div>U ovoj dozi nije poznata<\/div>\n<div>\n<h6>Sadr\u017eaj:<\/h6>\n<p>800 g dijetetskog proizvoda za sportske ptice.\n<\/p><\/div>\n","protected":false},"excerpt":{"rendered":"<p>Indikacija: Pivarski kvasac je prirodna hrana sa svojstvima koja pobolj\u0161avaju zdravlje. Pivarski kvasac je bogat prirodnim vitaminima (uklju\u010duju\u0107i B-kompleks), mineralima, proteinima, aminokiselinama&hellip;<\/p>\n","protected":false},"featured_media":13569,"template":"","meta":[],"product_cat":[306],"product_tag":[],"class_list":{"0":"post-13748","1":"product","2":"type-product","3":"status-publish","4":"has-post-thumbnail","6":"product_cat-306","8":"first","9":"instock","10":"shipping-taxable","11":"product-type-simple"},"_links":{"self":[{"href":"https:\/\/care4birds.bg\/sr\/wp-json\/wp\/v2\/product\/13748","targetHints":{"allow":["GET"]}}],"collection":[{"href":"https:\/\/care4birds.bg\/sr\/wp-json\/wp\/v2\/product"}],"about":[{"href":"https:\/\/care4birds.bg\/sr\/wp-json\/wp\/v2\/types\/product"}],"wp:featuredmedia":[{"embeddable":true,"href":"https:\/\/care4birds.bg\/sr\/wp-json\/wp\/v2\/media\/13569"}],"wp:attachment":[{"href":"https:\/\/care4birds.bg\/sr\/wp-json\/wp\/v2\/media?parent=13748"}],"wp:term":[{"taxonomy":"product_cat","embeddable":true,"href":"https:\/\/care4birds.bg\/sr\/wp-json\/wp\/v2\/product_cat?post=13748"},{"taxonomy":"product_tag","embeddable":true,"href":"https:\/\/care4birds.bg\/sr\/wp-json\/wp\/v2\/product_tag?post=13748"}],"curies":[{"name":"wp","href":"https:\/\/api.w.org\/{rel}","templated":true}]}}