{"id":13751,"date":"2025-11-03T11:18:21","date_gmt":"2025-11-03T11:18:21","guid":{"rendered":"https:\/\/care4birds.bg\/product\/garlic-oil\/"},"modified":"2026-04-09T10:04:28","modified_gmt":"2026-04-09T10:04:28","slug":"garlic-oil","status":"publish","type":"product","link":"https:\/\/care4birds.bg\/sr\/\u043f\u0440\u043e\u0438\u0437\u0432\u043e\u0434\/garlic-oil\/","title":{"rendered":"Garlic Oil"},"content":{"rendered":"<div>\nSpecijalno razvijen da pru\u017ei prirodne prednosti belog luka pticama na siguran i efikasan na\u010din. Beli luk je izuzetno bogat hranljivim materijama, uklju\u010duju\u0107i kalcijum, fosfor, sumporne jedinjenja, gvo\u017e\u0111e, tiamin, riboflavin i vitamin C, kao i antioksidansima poput germanijuma i selena. Zbog toga je Beli Luk Ulje veoma va\u017eno za kondicioniranje perja. Zna\u010daj belog luka za golubove i ptice kao prirodni sredstvo protiv parazita, kondicioner i pospe\u0161iva\u010d gubitka puhastog perja poznat je ve\u0107 dugi niz godina. Beli luk tako\u0111e pobolj\u0161ava cirkulaciju krvi, a Beli Luk Ulje se sastoji od \u010distih ekstrakata belog luka i rafinisanog sojinog ulja bogatog linolenskom i linolnom kiselinom. Nema dodatih hemikalija i nema termi\u010dke obrade \u0161to osigurava da njegova efikasnost ne opada. Pru\u017ea za\u0161titu disajnim putevima.\n<\/div>\n<h6>Doziranje<\/h6>\n<div>\n15 ml (1\/2 merica) Beli Luk Ulja po kg hrane \/ zrna<br \/>\n&#8211; Zimi, tokom uzgoja i sezone trka: 1 dan nedeljno.<br \/>\n&#8211; Priprema za sezonu trka: tokom cele nedelje.<br \/>\n&#8211; Tokom perioda menjanja perja: 2 dana nedeljno.<br \/>\nNe me\u0161ati ovaj proizvod sa vodom!\n<\/div>\n<h6>Sastav:<\/h6>\n<div>\nAnaliza Beli Luk Ulja: sirova mast 100 % <br \/>\nNutritivni dodaci: Vitamin E 1.400 mg\/kg\n<\/div>\n","protected":false},"excerpt":{"rendered":"<p>Specijalno razvijen da pru\u017ei prirodne prednosti belog luka pticama na siguran i efikasan na\u010din. Beli luk je izuzetno bogat hranljivim materijama, uklju\u010duju\u0107i&hellip;<\/p>\n","protected":false},"featured_media":13568,"template":"","meta":[],"product_cat":[306],"product_tag":[],"class_list":{"0":"post-13751","1":"product","2":"type-product","3":"status-publish","4":"has-post-thumbnail","6":"product_cat-306","8":"first","9":"instock","10":"shipping-taxable","11":"product-type-simple"},"_links":{"self":[{"href":"https:\/\/care4birds.bg\/sr\/wp-json\/wp\/v2\/product\/13751","targetHints":{"allow":["GET"]}}],"collection":[{"href":"https:\/\/care4birds.bg\/sr\/wp-json\/wp\/v2\/product"}],"about":[{"href":"https:\/\/care4birds.bg\/sr\/wp-json\/wp\/v2\/types\/product"}],"wp:featuredmedia":[{"embeddable":true,"href":"https:\/\/care4birds.bg\/sr\/wp-json\/wp\/v2\/media\/13568"}],"wp:attachment":[{"href":"https:\/\/care4birds.bg\/sr\/wp-json\/wp\/v2\/media?parent=13751"}],"wp:term":[{"taxonomy":"product_cat","embeddable":true,"href":"https:\/\/care4birds.bg\/sr\/wp-json\/wp\/v2\/product_cat?post=13751"},{"taxonomy":"product_tag","embeddable":true,"href":"https:\/\/care4birds.bg\/sr\/wp-json\/wp\/v2\/product_tag?post=13751"}],"curies":[{"name":"wp","href":"https:\/\/api.w.org\/{rel}","templated":true}]}}