{"id":13756,"date":"2025-11-03T11:18:01","date_gmt":"2025-11-03T11:18:01","guid":{"rendered":"https:\/\/care4birds.bg\/product\/optimal-caps\/"},"modified":"2026-04-09T10:06:50","modified_gmt":"2026-04-09T10:06:50","slug":"optimal-caps","status":"publish","type":"product","link":"https:\/\/care4birds.bg\/sr\/\u043f\u0440\u043e\u0438\u0437\u0432\u043e\u0434\/optimal-caps\/","title":{"rendered":"Optimal caps"},"content":{"rendered":"<div>\nKapsule ulja iz jetre bakalara su prirodan izvor vitamina A i D3, oboga\u0107ene dodatnim vitaminom E za podr\u0161ku plodnosti tokom perioda parenja. Ove kapsule podsti\u010du:<br \/>\n&#8211; razvoj kostura i rast mladih golubova<br \/>\n&#8211; seksualni nagon kod petlova<br \/>\n&#8211; zdrav imunolo\u0161ki sistem\n<\/div>\n<div>\nKapsula ulja iz jetre bakalara sa dodatkom vitamina E je prirodan izvor vitamina A, D3, E i bogata omega-3 masnim kiselinama, va\u017ena za izgradnju kostura, kostiju, plodnosti i rasta. Kapsula je tako\u0111e dobar izvor fosfora i joda, koji podsti\u010du otpornost i energiju.\n<\/div>\n<h6>Sastav:<\/h6>\n<div>\nUljni ekstrakt iz jetre bakalara 18\/12; Vitamin A 300 \u00b5g RE (1000 IU); Vitamin D 2,5 \u00b5g RE (100 IU); Vitamin E 6,7 mg a-TE (10 IU), Gelatin<br \/>\n<i>Analiti\u010dki sastojci:<\/i> Sirovi protein 18,12%, Sirova vlakna 18,20%, Sirova mast 0,05%, Sirova pepeo 0,03%\n<\/div>\n<h6>Uputstvo za upotrebu:<\/h6>\n<div>\n&#8211; 1 kapsula se daje direktno u kljun<br \/>\n&#8211; Tokom perioda parenja: svakodnevno od 8 dana pre parenja do drugog jajeta<br \/>\n&#8211; Tokom sezone trka: 2 kapsule nedeljno<br \/>\n&#8211; Mladim golubovima u rastu: 1 kapsula dnevno\n<\/div>\n<div>\n<i>Saveti: Mo\u017ee se koristiti i kod starijih golubova za stimulaciju plodnosti<\/i>\n<\/div>\n<h6>NAPOMENA: PRO\u010cITAJTE UPUTSTVO PRE UPOTREBE!<\/h6>\n<ul>\n<li>\u010cuvati na suvom mestu, van direktnog sun\u010devog svetla, na temperaturi 0-30 \u00b0C<\/li>\n<li>Rok trajanja nakon prvog otvaranja: jedna (1) godina<\/li>\n<li>Broj serije i datum isteka: pogledajte pakovanje<\/li>\n<li>Samo za tretman \u017eivotinja. Nije za \u017eivotinje namenjene za ljudsku ishranu<\/li>\n<li>Dr\u017eati van doma\u0161aja dece<\/li>\n<\/ul>\n<h6>Sadr\u017eaj:<\/h6>\n<div>300 kapsula, dijetetski proizvod za ptice<\/div>\n","protected":false},"excerpt":{"rendered":"<p>Kapsule ulja iz jetre bakalara su prirodan izvor vitamina A i D3, oboga\u0107ene dodatnim vitaminom E za podr\u0161ku plodnosti tokom perioda parenja.&hellip;<\/p>\n","protected":false},"featured_media":13757,"template":"","meta":[],"product_cat":[306],"product_tag":[],"class_list":{"0":"post-13756","1":"product","2":"type-product","3":"status-publish","4":"has-post-thumbnail","6":"product_cat-306","8":"first","9":"instock","10":"shipping-taxable","11":"product-type-simple"},"_links":{"self":[{"href":"https:\/\/care4birds.bg\/sr\/wp-json\/wp\/v2\/product\/13756","targetHints":{"allow":["GET"]}}],"collection":[{"href":"https:\/\/care4birds.bg\/sr\/wp-json\/wp\/v2\/product"}],"about":[{"href":"https:\/\/care4birds.bg\/sr\/wp-json\/wp\/v2\/types\/product"}],"wp:featuredmedia":[{"embeddable":true,"href":"https:\/\/care4birds.bg\/sr\/wp-json\/wp\/v2\/media\/13757"}],"wp:attachment":[{"href":"https:\/\/care4birds.bg\/sr\/wp-json\/wp\/v2\/media?parent=13756"}],"wp:term":[{"taxonomy":"product_cat","embeddable":true,"href":"https:\/\/care4birds.bg\/sr\/wp-json\/wp\/v2\/product_cat?post=13756"},{"taxonomy":"product_tag","embeddable":true,"href":"https:\/\/care4birds.bg\/sr\/wp-json\/wp\/v2\/product_tag?post=13756"}],"curies":[{"name":"wp","href":"https:\/\/api.w.org\/{rel}","templated":true}]}}