{"id":13761,"date":"2025-11-03T11:17:18","date_gmt":"2025-11-03T11:17:18","guid":{"rendered":"https:\/\/care4birds.bg\/product\/protein-mix\/"},"modified":"2026-04-09T10:08:50","modified_gmt":"2026-04-09T10:08:50","slug":"protein-mix","status":"publish","type":"product","link":"https:\/\/care4birds.bg\/sr\/\u043f\u0440\u043e\u0438\u0437\u0432\u043e\u0434\/protein-mix\/","title":{"rendered":"Protein Mix"},"content":{"rendered":"<h6>Indikacija:<\/h6>\n<div>\nOvaj \u010disti oblik sadr\u017ei 65% proteina po te\u017eini. Ovi proteini poma\u017eu u spre\u010davanju razgradnje mi\u0161i\u0107a i obezbe\u0111uju zalihe glikogena tokom treninga i letova. Istovremeno, ovi proteini su va\u017ean izvor esencijalnih aminokiselina i aminokiselina razgranatog lanca kao \u0161to su valin, leucin i izoleucin. Ove aminokiseline su prisutne u mi\u0161i\u0107ima, a tokom intenzivnog napora mi\u0161i\u0107ne \u0107elije brzo mogu pretvoriti ove tri aminokiseline u energiju. Esencijalne aminokiseline telo ne mo\u017ee sintetisati, ve\u0107 moraju biti obezbe\u0111ene u ishrani. Izvori proteina koji sadr\u017ee sve esencijalne aminokiseline nazivaju se potpunim proteinima. PROTEIN MIX je potpuni protein i poma\u017ee pticama da dobiju sve esencijalne aminokiseline. Potreba za proteinom zavisi od starosti ptica, godi\u0161njeg doba i tra\u017eenih performansi.\n<\/div>\n<h6>Doziranje:<\/h6>\n<div>\nOp\u0161ta doza (me\u0161anje sa jogurtom):<br \/>\n&#8211; Tokom takmi\u010darske sezone za brzi oporavak i velike rezerve energije: 20 g \/ kg vla\u017eene hrane, odmah po dolasku ku\u0107i, 3 uzastopna dana.<br \/>\n&#8211; Tokom presvla\u010denja za zdravo, sna\u017eno perje: 20 g \/ kg vla\u017eene hrane, dva puta nedeljno.<br \/>\n&#8211; Tokom uzgoja za dobro razvijene mlade: 20 g \/ kg vla\u017eene hrane, dva puta nedeljno.<br \/>\nJedna puna merica je oko 20 g proizvoda.\n<\/div>\n<h6>Sadr\u017ei:<\/h6>\n<div>500 g dijetetskog proizvoda za sportske ptice<\/div>\n","protected":false},"excerpt":{"rendered":"<p>Indikacija: Ovaj \u010disti oblik sadr\u017ei 65% proteina po te\u017eini. Ovi proteini poma\u017eu u spre\u010davanju razgradnje mi\u0161i\u0107a i obezbe\u0111uju zalihe glikogena tokom treninga&hellip;<\/p>\n","protected":false},"featured_media":13566,"template":"","meta":[],"product_cat":[306,305],"product_tag":[],"class_list":{"0":"post-13761","1":"product","2":"type-product","3":"status-publish","4":"has-post-thumbnail","6":"product_cat-306","7":"product_cat-305","9":"first","10":"instock","11":"shipping-taxable","12":"product-type-simple"},"_links":{"self":[{"href":"https:\/\/care4birds.bg\/sr\/wp-json\/wp\/v2\/product\/13761","targetHints":{"allow":["GET"]}}],"collection":[{"href":"https:\/\/care4birds.bg\/sr\/wp-json\/wp\/v2\/product"}],"about":[{"href":"https:\/\/care4birds.bg\/sr\/wp-json\/wp\/v2\/types\/product"}],"wp:featuredmedia":[{"embeddable":true,"href":"https:\/\/care4birds.bg\/sr\/wp-json\/wp\/v2\/media\/13566"}],"wp:attachment":[{"href":"https:\/\/care4birds.bg\/sr\/wp-json\/wp\/v2\/media?parent=13761"}],"wp:term":[{"taxonomy":"product_cat","embeddable":true,"href":"https:\/\/care4birds.bg\/sr\/wp-json\/wp\/v2\/product_cat?post=13761"},{"taxonomy":"product_tag","embeddable":true,"href":"https:\/\/care4birds.bg\/sr\/wp-json\/wp\/v2\/product_tag?post=13761"}],"curies":[{"name":"wp","href":"https:\/\/api.w.org\/{rel}","templated":true}]}}