{"id":13764,"date":"2025-11-03T11:16:18","date_gmt":"2025-11-03T11:16:18","guid":{"rendered":"https:\/\/care4birds.bg\/product\/fast-form\/"},"modified":"2026-04-09T10:11:58","modified_gmt":"2026-04-09T10:11:58","slug":"fast-form","status":"publish","type":"product","link":"https:\/\/care4birds.bg\/sr\/\u043f\u0440\u043e\u0438\u0437\u0432\u043e\u0434\/fast-form\/","title":{"rendered":"Fast Form"},"content":{"rendered":"<h6>Pobolj\u0161anje performansi i dezinfekcija vode za pi\u0107e. Golubovima visokih performansi nije dovoljno davati samo zrno i vodu, ptice \u0107e biti u vrhunskoj formi uz FASTFORM!<\/h6>\n<h6>Doziranje:<\/h6>\n<div>\nZa pobolj\u0161anje performansi tokom takmi\u010darske sezone: svakog dana 5 ml na 2-3 litre (2 ml\/litar) \u010diste vode za pi\u0107e. Tokom vrlo toplih dana pove\u0107ajte koli\u010dinu vode na 5 litara. Na dan leta davati samo \u010distu vodu!<br \/>\nTokom uzgoja i presvla\u010denja: 5 ml na 5 litara (1 ml\/litar) \u010diste vode, 1-2 puta nedeljno.<\/p>\n<p>Za dezinfekciju vode u hranilicama tokom ostatka godine: jednom nedeljno 5 ml na 5 litara (1 ml\/litar) vode.<br \/>\nPre upotrebe prome\u0161ati!<br \/>\n<b>Va\u017eno:<\/b> Ne koristiti pocinkovane ili bakarne posude za vodu.<br \/>\nMo\u017ee se koristiti posuda od ner\u0111aju\u0107eg \u010delika.\n<\/div>\n<h6>Sastav (na 1000 ml proizvoda):<\/h6>\n<div>\nSulfat kobalta(II) 7H2O \u00a0 60 mg<br \/>\nJodid kalijuma \u00a0 90.000 mg<br \/>\nMolibdat natrijuma 2H2O \u00a0 20 mg<br \/>\nCitrati\u010dnan gvo\u017e\u0111a amonijum \u00a0 50.000 mg\n<\/div>\n<h4>Napomene<\/h4>\n<div>\n&#8211; \u010cuvati na suvom mestu, van direktne sun\u010deve svetlosti, izme\u0111u 0-30 \u00b0C.<br \/>\n&#8211; Rok trajanja nakon prvog otvaranja: jedna (1) godina.<br \/>\n&#8211; Dr\u017eati van doma\u0161aja dece.<br \/>\n&#8211; Samo za veterinarsku upotrebu. Nije za \u017eivotinje namenjene za ljudsku ishranu.\n<\/div>\n","protected":false},"excerpt":{"rendered":"<p>Pobolj\u0161anje performansi i dezinfekcija vode za pi\u0107e. Golubovima visokih performansi nije dovoljno davati samo zrno i vodu, ptice \u0107e biti u vrhunskoj&hellip;<\/p>\n","protected":false},"featured_media":13573,"template":"","meta":[],"product_cat":[306],"product_tag":[],"class_list":{"0":"post-13764","1":"product","2":"type-product","3":"status-publish","4":"has-post-thumbnail","6":"product_cat-306","8":"first","9":"instock","10":"shipping-taxable","11":"product-type-simple"},"_links":{"self":[{"href":"https:\/\/care4birds.bg\/sr\/wp-json\/wp\/v2\/product\/13764","targetHints":{"allow":["GET"]}}],"collection":[{"href":"https:\/\/care4birds.bg\/sr\/wp-json\/wp\/v2\/product"}],"about":[{"href":"https:\/\/care4birds.bg\/sr\/wp-json\/wp\/v2\/types\/product"}],"wp:featuredmedia":[{"embeddable":true,"href":"https:\/\/care4birds.bg\/sr\/wp-json\/wp\/v2\/media\/13573"}],"wp:attachment":[{"href":"https:\/\/care4birds.bg\/sr\/wp-json\/wp\/v2\/media?parent=13764"}],"wp:term":[{"taxonomy":"product_cat","embeddable":true,"href":"https:\/\/care4birds.bg\/sr\/wp-json\/wp\/v2\/product_cat?post=13764"},{"taxonomy":"product_tag","embeddable":true,"href":"https:\/\/care4birds.bg\/sr\/wp-json\/wp\/v2\/product_tag?post=13764"}],"curies":[{"name":"wp","href":"https:\/\/api.w.org\/{rel}","templated":true}]}}