{"id":13770,"date":"2025-11-03T11:15:22","date_gmt":"2025-11-03T11:15:22","guid":{"rendered":"https:\/\/care4birds.bg\/product\/wonder-care\/"},"modified":"2026-04-09T10:13:13","modified_gmt":"2026-04-09T10:13:13","slug":"wonder-care","status":"publish","type":"product","link":"https:\/\/care4birds.bg\/sr\/\u043f\u0440\u043e\u0438\u0437\u0432\u043e\u0434\/wonder-care\/","title":{"rendered":"Wonder Care"},"content":{"rendered":"<h6>Pobolj\u0161anje zdravlja creva i prevencija bakterijskih infekcija.<\/h6>\n<div>\nWonder Care ima pozitivne efekte, koje mnogi drugi proizvodi nemaju. Efikasan je protiv bakterijskih infekcija, E-coli, Salmonela, ali i problema sa Adenovirus infekcijama.<br \/>\nWonder Care pobolj\u0161ava mikrofloru u \u017eelucu i spre\u010dava infekciju Entero bakterijama kod golubova, \u0161to je vrlo va\u017eno nakon iscrpljuju\u0107ih trka i stresa.\n<\/div>\n<h6>Doziranje i uputstvo za upotrebu:<\/h6>\n<div>\nPeriod uzgoja i mladi golubovi za sna\u017ean rast: 1,5 ml \/ 1 l vode: 1-2 puta nedeljno<br \/>\nSezona trka:<br \/>\n&#8211; Dan nakon dolaska: 1 ml \/ 1 l vode<br \/>\n&#8211; Dan pre slanja: 1 ml \/ 1 l vode<br \/>\nPeriod presvla\u010denja i zimski period: 1,5 ml \/ 1 l vode: 1-2 puta nedeljno\n<\/div>\n","protected":false},"excerpt":{"rendered":"<p>Pobolj\u0161anje zdravlja creva i prevencija bakterijskih infekcija. Wonder Care ima pozitivne efekte, koje mnogi drugi proizvodi nemaju. Efikasan je protiv bakterijskih infekcija,&hellip;<\/p>\n","protected":false},"featured_media":13771,"template":"","meta":[],"product_cat":[306],"product_tag":[],"class_list":{"0":"post-13770","1":"product","2":"type-product","3":"status-publish","4":"has-post-thumbnail","6":"product_cat-306","8":"first","9":"instock","10":"shipping-taxable","11":"product-type-simple"},"_links":{"self":[{"href":"https:\/\/care4birds.bg\/sr\/wp-json\/wp\/v2\/product\/13770","targetHints":{"allow":["GET"]}}],"collection":[{"href":"https:\/\/care4birds.bg\/sr\/wp-json\/wp\/v2\/product"}],"about":[{"href":"https:\/\/care4birds.bg\/sr\/wp-json\/wp\/v2\/types\/product"}],"wp:featuredmedia":[{"embeddable":true,"href":"https:\/\/care4birds.bg\/sr\/wp-json\/wp\/v2\/media\/13771"}],"wp:attachment":[{"href":"https:\/\/care4birds.bg\/sr\/wp-json\/wp\/v2\/media?parent=13770"}],"wp:term":[{"taxonomy":"product_cat","embeddable":true,"href":"https:\/\/care4birds.bg\/sr\/wp-json\/wp\/v2\/product_cat?post=13770"},{"taxonomy":"product_tag","embeddable":true,"href":"https:\/\/care4birds.bg\/sr\/wp-json\/wp\/v2\/product_tag?post=13770"}],"curies":[{"name":"wp","href":"https:\/\/api.w.org\/{rel}","templated":true}]}}