{"id":13776,"date":"2025-11-03T11:15:11","date_gmt":"2025-11-03T11:15:11","guid":{"rendered":"https:\/\/care4birds.bg\/product\/carni-form\/"},"modified":"2026-04-09T10:14:41","modified_gmt":"2026-04-09T10:14:41","slug":"carni-form","status":"publish","type":"product","link":"https:\/\/care4birds.bg\/sr\/\u043f\u0440\u043e\u0438\u0437\u0432\u043e\u0434\/carni-form\/","title":{"rendered":"Carni Form"},"content":{"rendered":"<div>\nOva kombinacija ima centralnu ulogu u metabolizmu lipida kod golubova. Golub dobija potrebnu koli\u010dinu L-karnitina. Pored toga, proizvod sadr\u017ei magnezijum i selen za bolju funkciju mi\u0161i\u0107a.\n<\/div>\n<h6>Doziranje<\/h6>\n<div>\nCarni-Form se mo\u017ee davati putem vode za pi\u0107e ili hrane:<br \/>\n&#8211; 10 ml na jedan litar vode za pi\u0107e ili<br \/>\n&#8211; 15 ml na 1 kg hrane<br \/>\n&#8211; Davati radi za\u0161tite mi\u0161i\u0107a najmanje 14 dana pre prvog leta, ili svakodnevno pre po\u010detka takmi\u010darskih letova.<br \/>\n&#8211; Tokom trka\u010dke sezone izme\u0111u letova 1-5 puta nedeljno.\n<\/div>\n<h6>Sastav:<\/h6>\n<div>\nL-Karnitin &#8211; 150 000 mg<br \/>\nMagnezijum hlorid &#8211; 50 000 mg<br \/>\nNatrijum selenit &#8211; 70 mg<br \/>\nSredstvo za konzerviranje &#8211; 7000 mg\n<\/div>\n","protected":false},"excerpt":{"rendered":"<p>Ova kombinacija ima centralnu ulogu u metabolizmu lipida kod golubova. Golub dobija potrebnu koli\u010dinu L-karnitina. Pored toga, proizvod sadr\u017ei magnezijum i selen&hellip;<\/p>\n","protected":false},"featured_media":13577,"template":"","meta":[],"product_cat":[306],"product_tag":[],"class_list":{"0":"post-13776","1":"product","2":"type-product","3":"status-publish","4":"has-post-thumbnail","6":"product_cat-306","8":"first","9":"instock","10":"shipping-taxable","11":"product-type-simple"},"_links":{"self":[{"href":"https:\/\/care4birds.bg\/sr\/wp-json\/wp\/v2\/product\/13776","targetHints":{"allow":["GET"]}}],"collection":[{"href":"https:\/\/care4birds.bg\/sr\/wp-json\/wp\/v2\/product"}],"about":[{"href":"https:\/\/care4birds.bg\/sr\/wp-json\/wp\/v2\/types\/product"}],"wp:featuredmedia":[{"embeddable":true,"href":"https:\/\/care4birds.bg\/sr\/wp-json\/wp\/v2\/media\/13577"}],"wp:attachment":[{"href":"https:\/\/care4birds.bg\/sr\/wp-json\/wp\/v2\/media?parent=13776"}],"wp:term":[{"taxonomy":"product_cat","embeddable":true,"href":"https:\/\/care4birds.bg\/sr\/wp-json\/wp\/v2\/product_cat?post=13776"},{"taxonomy":"product_tag","embeddable":true,"href":"https:\/\/care4birds.bg\/sr\/wp-json\/wp\/v2\/product_tag?post=13776"}],"curies":[{"name":"wp","href":"https:\/\/api.w.org\/{rel}","templated":true}]}}