{"id":13780,"date":"2025-11-03T11:14:27","date_gmt":"2025-11-03T11:14:27","guid":{"rendered":"https:\/\/care4birds.bg\/product\/energy-mix\/"},"modified":"2026-04-09T10:16:35","modified_gmt":"2026-04-09T10:16:35","slug":"energy-mix","status":"publish","type":"product","link":"https:\/\/care4birds.bg\/sr\/\u043f\u0440\u043e\u0438\u0437\u0432\u043e\u0434\/energy-mix\/","title":{"rendered":"Energy Mix"},"content":{"rendered":"<h6>Energijska me\u0161avina sa kreatinom i karnitinom.<\/h6>\n<div>\nEnergy Mix pobolj\u0161ava izdr\u017eljivost va\u0161ih golubova. Za mi\u0161i\u0107nu masu visokih performansi. Energy Mix podsti\u010de br\u017ei oporavak nakon napora.\n<\/div>\n<h6>Doziranje:<\/h6>\n<div>\n1 merica (12,5 g) na 1 l vode za pi\u0107e ili 1 kg hrane<br \/>\nPre leta: 2 uzastopna dana<br \/>\nPo povratku ku\u0107i: 1 dan\n<\/div>\n<h6>Sastav:<\/h6>\n<div class=\"separator\"><a href=\"https:\/\/blogger.googleusercontent.com\/img\/b\/R29vZ2xl\/AVvXsEinZnxGHEvWyAoLHJO8gwn2RmFmXd7W5mzsNBXRGuW0JC_nj-f6LDa_nceKJVowWxFKn1d2D6QtfXsocQfoPvBztRN2C2k7pQzjkEr7cszJ35-vM2XDClwYrqi8j6nh36VAGRDaNXMwYvr4\/s1600\/composition_energy_mix1.jpg\" target=\"_blank\" rel=\"noopener\"><img decoding=\"async\" src=\"https:\/\/blogger.googleusercontent.com\/img\/b\/R29vZ2xl\/AVvXsEinZnxGHEvWyAoLHJO8gwn2RmFmXd7W5mzsNBXRGuW0JC_nj-f6LDa_nceKJVowWxFKn1d2D6QtfXsocQfoPvBztRN2C2k7pQzjkEr7cszJ35-vM2XDClwYrqi8j6nh36VAGRDaNXMwYvr4\/s320\/composition_energy_mix1.jpg\" width=\"320\" height=\"147\" border=\"0\" data-original-height=\"426\" data-original-width=\"922\" \/><\/a><\/div>\n<h6>Pakovanje:<\/h6>\n<div>650 g PVC tegle<\/div>\n","protected":false},"excerpt":{"rendered":"<p>Energijska me\u0161avina sa kreatinom i karnitinom. Energy Mix pobolj\u0161ava izdr\u017eljivost va\u0161ih golubova. Za mi\u0161i\u0107nu masu visokih performansi. Energy Mix podsti\u010de br\u017ei oporavak&hellip;<\/p>\n","protected":false},"featured_media":13578,"template":"","meta":[],"product_cat":[306],"product_tag":[],"class_list":{"0":"post-13780","1":"product","2":"type-product","3":"status-publish","4":"has-post-thumbnail","6":"product_cat-306","8":"first","9":"instock","10":"shipping-taxable","11":"product-type-simple"},"_links":{"self":[{"href":"https:\/\/care4birds.bg\/sr\/wp-json\/wp\/v2\/product\/13780","targetHints":{"allow":["GET"]}}],"collection":[{"href":"https:\/\/care4birds.bg\/sr\/wp-json\/wp\/v2\/product"}],"about":[{"href":"https:\/\/care4birds.bg\/sr\/wp-json\/wp\/v2\/types\/product"}],"wp:featuredmedia":[{"embeddable":true,"href":"https:\/\/care4birds.bg\/sr\/wp-json\/wp\/v2\/media\/13578"}],"wp:attachment":[{"href":"https:\/\/care4birds.bg\/sr\/wp-json\/wp\/v2\/media?parent=13780"}],"wp:term":[{"taxonomy":"product_cat","embeddable":true,"href":"https:\/\/care4birds.bg\/sr\/wp-json\/wp\/v2\/product_cat?post=13780"},{"taxonomy":"product_tag","embeddable":true,"href":"https:\/\/care4birds.bg\/sr\/wp-json\/wp\/v2\/product_tag?post=13780"}],"curies":[{"name":"wp","href":"https:\/\/api.w.org\/{rel}","templated":true}]}}