{"id":13783,"date":"2025-11-03T11:13:35","date_gmt":"2025-11-03T11:13:35","guid":{"rendered":"https:\/\/care4birds.bg\/product\/energy-oil\/"},"modified":"2026-04-09T10:18:58","modified_gmt":"2026-04-09T10:18:58","slug":"energy-oil","status":"publish","type":"product","link":"https:\/\/care4birds.bg\/sr\/\u043f\u0440\u043e\u0438\u0437\u0432\u043e\u0434\/energy-oil\/","title":{"rendered":"Energy Oil"},"content":{"rendered":"<h6>Energijsko ulje sa 10 razli\u010ditih ulja bogatih omega-3 i omega-6<\/h6>\n<div>\nEnergijsko ulje je visokokalori\u010dan izvor energije. Idealno za izgradnju op\u0161te kondicije i pru\u017eanje masti potrebnih tokom leta.\n<\/div>\n<ul>\n<li>Idealni izvor energije.<\/li>\n<li>Poma\u017ee u izgradnji kondicije.<\/li>\n<li>Poma\u017ee u ja\u010danju prirodne otpornosti.<\/li>\n<\/ul>\n<h6>Doziranje:<\/h6>\n<div>\nDodajte jedan \u010dep (15 ml) Care 4 Birds Energy Oil na 1 kg hrane.<br \/>\n<b>Sezona trka:<\/b> Jednom ili dva puta nedeljno<br \/>\n<b>Duge distance:<\/b> Dva puta nedeljno<br \/>\n<b>Mladi golubovi:<\/b> Jednom ili dva puta nedeljno<br \/>\n<b>Period linjanja:<\/b> Dva puta nedeljno<br \/>\n<b>Period razmno\u017eavanja:<\/b> Jednom ili dva puta nedeljno\n<\/div>\n<div>Ne me\u0161ajte ovaj proizvod sa vodom!<\/div>\n<h6>Sastav:<\/h6>\n<div>\nLecitin (Hrani mi\u0161i\u0107e i nervni sistem) ; Lososovo ulje (Bogato masnim kiselinama za izdr\u017eljivost) ; Ulje klica kukuruza (Pove\u0107ava energiju) ; Laneno ulje (Za plodnost i rast mi\u0161i\u0107a) ; Kikiriki ulje (Za optimalno stanje mi\u0161i\u0107a) ; Konopljino ulje (Pobolj\u0161ava energiju i formu) ; P\u0161eni\u010dno klice ulje (Prirodni vitamin E) ; Sojino ulje (Optimalno osloba\u0111anje energije) ; Ulje crnog kima (Za zdravlje i kondiciju) ; Ulje bora\u017ea (Ja\u010da metabolizam i prirodni imunitet)\n<\/div>\n","protected":false},"excerpt":{"rendered":"<p>Energijsko ulje sa 10 razli\u010ditih ulja bogatih omega-3 i omega-6 Energijsko ulje je visokokalori\u010dan izvor energije. Idealno za izgradnju op\u0161te kondicije i&hellip;<\/p>\n","protected":false},"featured_media":13564,"template":"","meta":[],"product_cat":[306],"product_tag":[],"class_list":{"0":"post-13783","1":"product","2":"type-product","3":"status-publish","4":"has-post-thumbnail","6":"product_cat-306","8":"first","9":"instock","10":"shipping-taxable","11":"product-type-simple"},"_links":{"self":[{"href":"https:\/\/care4birds.bg\/sr\/wp-json\/wp\/v2\/product\/13783","targetHints":{"allow":["GET"]}}],"collection":[{"href":"https:\/\/care4birds.bg\/sr\/wp-json\/wp\/v2\/product"}],"about":[{"href":"https:\/\/care4birds.bg\/sr\/wp-json\/wp\/v2\/types\/product"}],"wp:featuredmedia":[{"embeddable":true,"href":"https:\/\/care4birds.bg\/sr\/wp-json\/wp\/v2\/media\/13564"}],"wp:attachment":[{"href":"https:\/\/care4birds.bg\/sr\/wp-json\/wp\/v2\/media?parent=13783"}],"wp:term":[{"taxonomy":"product_cat","embeddable":true,"href":"https:\/\/care4birds.bg\/sr\/wp-json\/wp\/v2\/product_cat?post=13783"},{"taxonomy":"product_tag","embeddable":true,"href":"https:\/\/care4birds.bg\/sr\/wp-json\/wp\/v2\/product_tag?post=13783"}],"curies":[{"name":"wp","href":"https:\/\/api.w.org\/{rel}","templated":true}]}}