{"id":13789,"date":"2025-11-03T11:13:33","date_gmt":"2025-11-03T11:13:33","guid":{"rendered":"https:\/\/care4birds.bg\/product\/entero-care\/"},"modified":"2026-04-09T10:20:12","modified_gmt":"2026-04-09T10:20:12","slug":"entero-care","status":"publish","type":"product","link":"https:\/\/care4birds.bg\/sr\/\u043f\u0440\u043e\u0438\u0437\u0432\u043e\u0434\/entero-care\/","title":{"rendered":"Entero Care"},"content":{"rendered":"<h6>Probiotik za golubove<\/h6>\n<div>\nOva probiotska me\u0161avina koja sadr\u017ei prirodne mle\u010dne bakterije obezbe\u0111uje dobar balans crevne flore. Bakterije se dobro ose\u0107aju u crevnom traktu i stvaraju kiselu sredinu. Za optimalan proizvod dodati su i vitamini i minerali.\n<\/div>\n<div>Entero Care se preporu\u010duje koristiti:<\/div>\n<ul>\n<li>Nakon davanja vakcina i lekova<\/li>\n<li>Kada postoje problemi sa crevnom florom i izmetom<\/li>\n<li>Tokom stresnih perioda (prvi letovi, letovi mladih golubova)<\/li>\n<li>Nakon povratka ku\u0107i radi br\u017eeg oporavka<\/li>\n<\/ul>\n<h6>Doziranje i uputstvo za upotrebu:<\/h6>\n<div>\n1 merica (10 g) na 1 litar vode ili 1 prilo\u017eena merica na 1 kg hrane, 2 uzastopna dana.<br \/>\nEntero Care se mo\u017ee davati svake nedelje.\n<\/div>\n","protected":false},"excerpt":{"rendered":"<p>Probiotik za golubove Ova probiotska me\u0161avina koja sadr\u017ei prirodne mle\u010dne bakterije obezbe\u0111uje dobar balans crevne flore. Bakterije se dobro ose\u0107aju u crevnom&hellip;<\/p>\n","protected":false},"featured_media":13790,"template":"","meta":[],"product_cat":[306,305],"product_tag":[],"class_list":{"0":"post-13789","1":"product","2":"type-product","3":"status-publish","4":"has-post-thumbnail","6":"product_cat-306","7":"product_cat-305","9":"first","10":"instock","11":"shipping-taxable","12":"product-type-simple"},"_links":{"self":[{"href":"https:\/\/care4birds.bg\/sr\/wp-json\/wp\/v2\/product\/13789","targetHints":{"allow":["GET"]}}],"collection":[{"href":"https:\/\/care4birds.bg\/sr\/wp-json\/wp\/v2\/product"}],"about":[{"href":"https:\/\/care4birds.bg\/sr\/wp-json\/wp\/v2\/types\/product"}],"wp:featuredmedia":[{"embeddable":true,"href":"https:\/\/care4birds.bg\/sr\/wp-json\/wp\/v2\/media\/13790"}],"wp:attachment":[{"href":"https:\/\/care4birds.bg\/sr\/wp-json\/wp\/v2\/media?parent=13789"}],"wp:term":[{"taxonomy":"product_cat","embeddable":true,"href":"https:\/\/care4birds.bg\/sr\/wp-json\/wp\/v2\/product_cat?post=13789"},{"taxonomy":"product_tag","embeddable":true,"href":"https:\/\/care4birds.bg\/sr\/wp-json\/wp\/v2\/product_tag?post=13789"}],"curies":[{"name":"wp","href":"https:\/\/api.w.org\/{rel}","templated":true}]}}