{"id":13802,"date":"2025-11-03T11:12:01","date_gmt":"2025-11-03T11:12:01","guid":{"rendered":"https:\/\/care4birds.bg\/product\/carelyt\/"},"modified":"2026-04-09T10:24:30","modified_gmt":"2026-04-09T10:24:30","slug":"carelyt","status":"publish","type":"product","link":"https:\/\/care4birds.bg\/sr\/\u043f\u0440\u043e\u0438\u0437\u0432\u043e\u0434\/carelyt\/","title":{"rendered":"Carelyt"},"content":{"rendered":"<h6>Indikacija:<\/h6>\n<p>Flying Salt za trka\u010dke golubove<br \/>\nCARELYT kontroli\u0161e kiselinsku i vodenu ravnote\u017eu va\u0161ih ptica. Ubrzava oporavak golubova nakon dugih letova. U kratkom vremenu vra\u0107a ih u vrhunsku formu.<\/p>\n<h6>Doziranje:<\/h6>\n<p>Uputstvo za hranjenje:<br \/>\nKada se golubovi vrate sa letova, veoma su \u017eedni. Prvo im dajte sve\u017eu, \u010distu vodu. Nakon 2 sata ponovo im dajte sve\u017eu vodu, ali pome\u0161anu sa CARELYT-om. Rastvorite 25 g CARELYT (1 ka\u0161ika) u 2 litre pitke vode i ostavite im na raspolaganju 24 sata. Nakon toga uklonite i nastavite sa normalnom sve\u017eom vodom. CARELYT se mo\u017ee koristiti zajedno sa ve\u0107inom lekova za trka\u010dke golubove.<\/p>\n<h6>Sadr\u017ei:<\/h6>\n<div>600 g<\/div>\n","protected":false},"excerpt":{"rendered":"<p>Indikacija: Flying Salt za trka\u010dke golubove CARELYT kontroli\u0161e kiselinsku i vodenu ravnote\u017eu va\u0161ih ptica. Ubrzava oporavak golubova nakon dugih letova. U kratkom&hellip;<\/p>\n","protected":false},"featured_media":13570,"template":"","meta":[],"product_cat":[306],"product_tag":[],"class_list":{"0":"post-13802","1":"product","2":"type-product","3":"status-publish","4":"has-post-thumbnail","6":"product_cat-306","8":"first","9":"instock","10":"shipping-taxable","11":"product-type-simple"},"_links":{"self":[{"href":"https:\/\/care4birds.bg\/sr\/wp-json\/wp\/v2\/product\/13802","targetHints":{"allow":["GET"]}}],"collection":[{"href":"https:\/\/care4birds.bg\/sr\/wp-json\/wp\/v2\/product"}],"about":[{"href":"https:\/\/care4birds.bg\/sr\/wp-json\/wp\/v2\/types\/product"}],"wp:featuredmedia":[{"embeddable":true,"href":"https:\/\/care4birds.bg\/sr\/wp-json\/wp\/v2\/media\/13570"}],"wp:attachment":[{"href":"https:\/\/care4birds.bg\/sr\/wp-json\/wp\/v2\/media?parent=13802"}],"wp:term":[{"taxonomy":"product_cat","embeddable":true,"href":"https:\/\/care4birds.bg\/sr\/wp-json\/wp\/v2\/product_cat?post=13802"},{"taxonomy":"product_tag","embeddable":true,"href":"https:\/\/care4birds.bg\/sr\/wp-json\/wp\/v2\/product_tag?post=13802"}],"curies":[{"name":"wp","href":"https:\/\/api.w.org\/{rel}","templated":true}]}}