{"id":13805,"date":"2025-11-03T11:11:31","date_gmt":"2025-11-03T11:11:31","guid":{"rendered":"https:\/\/care4birds.bg\/product\/probiocare\/"},"modified":"2026-04-09T10:26:12","modified_gmt":"2026-04-09T10:26:12","slug":"probiocare","status":"publish","type":"product","link":"https:\/\/care4birds.bg\/sr\/\u043f\u0440\u043e\u0438\u0437\u0432\u043e\u0434\/probiocare\/","title":{"rendered":"ProbioCare"},"content":{"rendered":"<h6>Probiotici i prebiotici za regeneraciju crevne flore<\/h6>\n<p>Kombinacija probiotik-prebiotik za regeneraciju i pobolj\u0161anje crevne flore. ProbioCare sadr\u017ei posebnu kombinaciju razli\u010ditih probiotika i prebiotika koji deluju sinergisti\u010dki kako bi pobolj\u0161ali regulaciju creva. ProbioCare je odli\u010dan izbor:<\/p>\n<ul>\n<li>nakon primene antibiotika<\/li>\n<li>nakon vakcinacija<\/li>\n<li>kao poja\u010diva\u010d imuniteta nakon takmi\u010darskog leta<\/li>\n<li>nakon izlo\u017ebi<\/li>\n<\/ul>\n<p>Probava je pokazatelj mnogih \u0161tetnih (patogenih) mikroorganizama i endoparazita. U mnogim slu\u010dajevima prime\u0107uje se tokom te\u0161kih letova i uzgoja. ProbioCare sadr\u017ei posebnu kombinaciju razli\u010ditih probiotika u mikroenkapsuliranoj formi, kao i jedinstvenu kombinaciju ugljenih hidrata koji reguli\u0161u crevnu floru. Razli\u010dite bakterije me\u0111usobno podr\u017eavaju sposobnost aktivnog zasi\u0107enja tankog creva goluba. Na ovaj na\u010din poma\u017eu u digestivnim procesima, generi\u0161u osnovne hranljive materije koje stabilizuju crevnu floru i ja\u010daju imuni sistem. Ove probiotik bakterije suprimiraju patogene bakterije kao \u0161to su Salmonela, E. coli, Staphylococcus, Streptococcus, kao i gljivi\u010dne infekcije poput Candide, Kokcidioze i Trihomonijaze. Ovo je veoma efikasan na\u010din za prevenciju crevnih bolesti, a crevna flora se brzo regeneri\u0161e. Redovna upotreba ProbioCare pove\u0107ava prirodnu otpornost, pobolj\u0161ava apetit, a golubovi imaju vi\u0161e energije tokom letova.<\/p>\n<h6>Doziranje<\/h6>\n<p>1 merica (12,5 g) na 1 kg hrane, dva puta nedeljno (doza za 25 golubova)<\/p>\n","protected":false},"excerpt":{"rendered":"<p>Probiotici i prebiotici za regeneraciju crevne flore Kombinacija probiotik-prebiotik za regeneraciju i pobolj\u0161anje crevne flore. ProbioCare sadr\u017ei posebnu kombinaciju razli\u010ditih probiotika i&hellip;<\/p>\n","protected":false},"featured_media":13567,"template":"","meta":[],"product_cat":[306,305],"product_tag":[],"class_list":{"0":"post-13805","1":"product","2":"type-product","3":"status-publish","4":"has-post-thumbnail","6":"product_cat-306","7":"product_cat-305","9":"first","10":"instock","11":"shipping-taxable","12":"product-type-simple"},"_links":{"self":[{"href":"https:\/\/care4birds.bg\/sr\/wp-json\/wp\/v2\/product\/13805","targetHints":{"allow":["GET"]}}],"collection":[{"href":"https:\/\/care4birds.bg\/sr\/wp-json\/wp\/v2\/product"}],"about":[{"href":"https:\/\/care4birds.bg\/sr\/wp-json\/wp\/v2\/types\/product"}],"wp:featuredmedia":[{"embeddable":true,"href":"https:\/\/care4birds.bg\/sr\/wp-json\/wp\/v2\/media\/13567"}],"wp:attachment":[{"href":"https:\/\/care4birds.bg\/sr\/wp-json\/wp\/v2\/media?parent=13805"}],"wp:term":[{"taxonomy":"product_cat","embeddable":true,"href":"https:\/\/care4birds.bg\/sr\/wp-json\/wp\/v2\/product_cat?post=13805"},{"taxonomy":"product_tag","embeddable":true,"href":"https:\/\/care4birds.bg\/sr\/wp-json\/wp\/v2\/product_tag?post=13805"}],"curies":[{"name":"wp","href":"https:\/\/api.w.org\/{rel}","templated":true}]}}