{"id":13809,"date":"2025-11-03T11:11:16","date_gmt":"2025-11-03T11:11:16","guid":{"rendered":"https:\/\/care4birds.bg\/product\/herbal-care\/"},"modified":"2026-04-09T10:28:09","modified_gmt":"2026-04-09T10:28:09","slug":"herbal-care","status":"publish","type":"product","link":"https:\/\/care4birds.bg\/sr\/\u043f\u0440\u043e\u0438\u0437\u0432\u043e\u0434\/herbal-care\/","title":{"rendered":"Herbal Care"},"content":{"rendered":"<h6>Biljna tinktura sa dodatim organskim kiselinama, vitaminima, mineralima i elementima u tragovima<\/h6>\n<p>Herbal Care je potpuno prirodan proizvod koji pru\u017ea sna\u017enu osnovu kako tokom sezone letenja, tako i van sezone. Proizvod je biljna tinktura sa dodatim organskim kiselinama, bogata vitaminima, mineralima i elementima u tragovima, koji su veoma efikasni protiv gastrointestinalnih problema. Herbal Care pobolj\u0161ava kondiciju golubova, pove\u0107ava otpornost i omogu\u0107ava br\u017ei oporavak nakon napora. Herbal Care pove\u0107ava plodnost i \u010dini mlade golubove otpornijim.<\/p>\n<h6>Doziranje<\/h6>\n<p>10 ml Herbal Care na 1 litar pija\u0107e vode<\/p>\n<ul>\n<li>Sezona muda: jednom do dva puta nedeljno<\/li>\n<li>Sezona trka: jednom do dva puta nedeljno<\/li>\n<li>Mladi golubovi: tri do \u010detiri puta nedeljno<\/li>\n<li>Sezona razmno\u017eavanja: dva puta nedeljno<\/li>\n<\/ul>\n<p>Dobro protresti pre upotrebe!<\/p>\n<h6>Savet<\/h6>\n<p>Pre po\u010detka sezone trka: 7\u201310 dana preventivne nege.<\/p>\n<h6>Sastav<\/h6>\n<p>Biljna tinktura: koren ginsenga, ljubi\u010dasta rudbekija, manji centaury, list borovnice, kora vrbe, alge, koren divljeg celera, satureja hortensis, cimet, \u0161afran; koncentrat zove; koncentrat borovnice; limunska kiselina; jabukovo sir\u0107e; glukoza<\/p>\n","protected":false},"excerpt":{"rendered":"<p>Biljna tinktura sa dodatim organskim kiselinama, vitaminima, mineralima i elementima u tragovima Herbal Care je potpuno prirodan proizvod koji pru\u017ea sna\u017enu osnovu&hellip;<\/p>\n","protected":false},"featured_media":13571,"template":"","meta":[],"product_cat":[306,305],"product_tag":[],"class_list":{"0":"post-13809","1":"product","2":"type-product","3":"status-publish","4":"has-post-thumbnail","6":"product_cat-306","7":"product_cat-305","9":"first","10":"instock","11":"shipping-taxable","12":"product-type-simple"},"_links":{"self":[{"href":"https:\/\/care4birds.bg\/sr\/wp-json\/wp\/v2\/product\/13809","targetHints":{"allow":["GET"]}}],"collection":[{"href":"https:\/\/care4birds.bg\/sr\/wp-json\/wp\/v2\/product"}],"about":[{"href":"https:\/\/care4birds.bg\/sr\/wp-json\/wp\/v2\/types\/product"}],"wp:featuredmedia":[{"embeddable":true,"href":"https:\/\/care4birds.bg\/sr\/wp-json\/wp\/v2\/media\/13571"}],"wp:attachment":[{"href":"https:\/\/care4birds.bg\/sr\/wp-json\/wp\/v2\/media?parent=13809"}],"wp:term":[{"taxonomy":"product_cat","embeddable":true,"href":"https:\/\/care4birds.bg\/sr\/wp-json\/wp\/v2\/product_cat?post=13809"},{"taxonomy":"product_tag","embeddable":true,"href":"https:\/\/care4birds.bg\/sr\/wp-json\/wp\/v2\/product_tag?post=13809"}],"curies":[{"name":"wp","href":"https:\/\/api.w.org\/{rel}","templated":true}]}}