{"id":13812,"date":"2025-11-03T11:10:18","date_gmt":"2025-11-03T11:10:18","guid":{"rendered":"https:\/\/care4birds.bg\/product\/caresol\/"},"modified":"2026-04-09T10:31:23","modified_gmt":"2026-04-09T10:31:23","slug":"caresol","status":"publish","type":"product","link":"https:\/\/care4birds.bg\/sr\/\u043f\u0440\u043e\u0438\u0437\u0432\u043e\u0434\/caresol\/","title":{"rendered":"Caresol"},"content":{"rendered":"<h6>Indikacija:<\/h6>\n<p>Jedinstvena kombinacija elektrolita i minerala (kalijum, natrijum, magnezijum) zasnovana na nosa\u010du energije glukozi poma\u017ee u ubrzanju procesa oporavka. Hidratizuje i podr\u017eava ptice tokom ekstremnih temperatura, transporta ili izlaganja. Pru\u017ea energiju i elektrolite kako bi pomogao pticama u oporavku od bolesti, stresa i velikog napora. Pove\u0107ava vitalnost i energiju ptica na izlo\u017ebama ili za prodaju. Pripremljeni rastvor se mo\u017ee primeniti direktno u hitnim slu\u010dajevima kako bi se obezbedila brza energija.<\/p>\n<h6>Doziranje i na\u010din upotrebe:<\/h6>\n<ul>\n<li>SEZONA RAZMNO\u017dAVANJA: za sna\u017ene, dobro rastu\u0107e mladunce: pribli\u017eno 25 ml u 1 litar vode tokom 5 uzastopnih dana, po\u010dev\u0161i kada mladunci imaju oko 1 nedelju.<\/li>\n<li>SEZONA TRKA: 2-3 puta nedeljno 15 ml na 1 litar vode.<\/li>\n<li>POSLE VELIKOG NAPORA (sezona trka): nakon povratka golubova ku\u0107i, prvo im dati \u010distu vodu, a zatim dodati CARESOL u vodu za pi\u0107e. 15 ml (1\/2 merica) po 1 litru vode.<\/li>\n<\/ul>\n<h6>Napomene:<\/h6>\n<ul>\n<li>\u2022 Dobro protresti pre upotrebe!<\/li>\n<li>\u2022 \u010cuvati van doma\u0161aja dece.<\/li>\n<li>\u2022 Samo za oralnu primenu kod \u017eivotinja koje nisu za ljudsku potro\u0161nju.<\/li>\n<li>\u2022 \u010cuvati na suvom mestu, dalje od direktne sun\u010deve svetlosti, na temperaturi izme\u0111u 0 i 30 \u00b0C.<\/li>\n<li>\u2022 Rok upotrebe: vidi pakovanje.<\/li>\n<li>\u2022 Sadr\u017eaj: 500 ml dodatka ishrani za golubove<\/li>\n<\/ul>\n","protected":false},"excerpt":{"rendered":"<p>Indikacija: Jedinstvena kombinacija elektrolita i minerala (kalijum, natrijum, magnezijum) zasnovana na nosa\u010du energije glukozi poma\u017ee u ubrzanju procesa oporavka. Hidratizuje i podr\u017eava&hellip;<\/p>\n","protected":false},"featured_media":13579,"template":"","meta":[],"product_cat":[306,305],"product_tag":[],"class_list":{"0":"post-13812","1":"product","2":"type-product","3":"status-publish","4":"has-post-thumbnail","6":"product_cat-306","7":"product_cat-305","9":"first","10":"instock","11":"shipping-taxable","12":"product-type-simple"},"_links":{"self":[{"href":"https:\/\/care4birds.bg\/sr\/wp-json\/wp\/v2\/product\/13812","targetHints":{"allow":["GET"]}}],"collection":[{"href":"https:\/\/care4birds.bg\/sr\/wp-json\/wp\/v2\/product"}],"about":[{"href":"https:\/\/care4birds.bg\/sr\/wp-json\/wp\/v2\/types\/product"}],"wp:featuredmedia":[{"embeddable":true,"href":"https:\/\/care4birds.bg\/sr\/wp-json\/wp\/v2\/media\/13579"}],"wp:attachment":[{"href":"https:\/\/care4birds.bg\/sr\/wp-json\/wp\/v2\/media?parent=13812"}],"wp:term":[{"taxonomy":"product_cat","embeddable":true,"href":"https:\/\/care4birds.bg\/sr\/wp-json\/wp\/v2\/product_cat?post=13812"},{"taxonomy":"product_tag","embeddable":true,"href":"https:\/\/care4birds.bg\/sr\/wp-json\/wp\/v2\/product_tag?post=13812"}],"curies":[{"name":"wp","href":"https:\/\/api.w.org\/{rel}","templated":true}]}}