{"id":13815,"date":"2025-11-03T11:08:49","date_gmt":"2025-11-03T11:08:49","guid":{"rendered":"https:\/\/care4birds.bg\/product\/fly-forma-drops\/"},"modified":"2026-04-09T10:33:08","modified_gmt":"2026-04-09T10:33:08","slug":"fly-forma-drops","status":"publish","type":"product","link":"https:\/\/care4birds.bg\/sr\/\u043f\u0440\u043e\u0438\u0437\u0432\u043e\u0434\/fly-forma-drops\/","title":{"rendered":"Fly forma drops"},"content":{"rendered":"<h6>Indikacija:<\/h6>\n<div>Za \u010di\u0161\u0107enje o\u010diju. Iritacija o\u010diju i suznih kanala mo\u017ee uticati na orijentaciju i performanse u letu, \u0161to dovodi do razo\u010daravaju\u0107ih rezultata.<\/div>\n<h6>FORMULA:<\/h6>\n<div>Biljni ekstrakt (Melilotus officinalis, Euphrasia, Plantago lanceolata) i Argenti proteinas.<\/div>\n<h6>Sadr\u017ei:<\/h6>\n<div>30 ml preparata za tretman trka\u010dkih i ukrasnih golubova<\/div>\n<h6>DOZIRANJE I UPUTSTVO ZA UPOTREBU:<\/h6>\n<div>Koristite 1 do 2 kapi po oku. Promu\u0107kajte pre upotrebe!<\/div>\n<h6>NA\u010cIN UPOTREBE:<\/h6>\n<div>Trka\u010dki golubovi: Po jedna kap svakom oku i nozdrvi pre i posle leta.<\/div>\n<div>Ako su golubovi u dobrom stanju, kap \u0107e se skoro odmah upiti.<\/div>\n","protected":false},"excerpt":{"rendered":"<p>Indikacija: Za \u010di\u0161\u0107enje o\u010diju. Iritacija o\u010diju i suznih kanala mo\u017ee uticati na orijentaciju i performanse u letu, \u0161to dovodi do razo\u010daravaju\u0107ih rezultata.&hellip;<\/p>\n","protected":false},"featured_media":13575,"template":"","meta":[],"product_cat":[306],"product_tag":[],"class_list":{"0":"post-13815","1":"product","2":"type-product","3":"status-publish","4":"has-post-thumbnail","6":"product_cat-306","8":"first","9":"instock","10":"shipping-taxable","11":"product-type-simple"},"_links":{"self":[{"href":"https:\/\/care4birds.bg\/sr\/wp-json\/wp\/v2\/product\/13815","targetHints":{"allow":["GET"]}}],"collection":[{"href":"https:\/\/care4birds.bg\/sr\/wp-json\/wp\/v2\/product"}],"about":[{"href":"https:\/\/care4birds.bg\/sr\/wp-json\/wp\/v2\/types\/product"}],"wp:featuredmedia":[{"embeddable":true,"href":"https:\/\/care4birds.bg\/sr\/wp-json\/wp\/v2\/media\/13575"}],"wp:attachment":[{"href":"https:\/\/care4birds.bg\/sr\/wp-json\/wp\/v2\/media?parent=13815"}],"wp:term":[{"taxonomy":"product_cat","embeddable":true,"href":"https:\/\/care4birds.bg\/sr\/wp-json\/wp\/v2\/product_cat?post=13815"},{"taxonomy":"product_tag","embeddable":true,"href":"https:\/\/care4birds.bg\/sr\/wp-json\/wp\/v2\/product_tag?post=13815"}],"curies":[{"name":"wp","href":"https:\/\/api.w.org\/{rel}","templated":true}]}}