{"id":13818,"date":"2025-11-03T11:08:27","date_gmt":"2025-11-03T11:08:27","guid":{"rendered":"https:\/\/care4birds.bg\/product\/carechol\/"},"modified":"2026-04-09T10:35:09","modified_gmt":"2026-04-09T10:35:09","slug":"carechol","status":"publish","type":"product","link":"https:\/\/care4birds.bg\/sr\/\u043f\u0440\u043e\u0438\u0437\u0432\u043e\u0434\/carechol\/","title":{"rendered":"Carechol"},"content":{"rendered":"<h6>Indikacija:<\/h6>\n<div>Metionin i holin su esencijalne sumporne aminokiseline koje \u0161tite jetru i bubrege, spre\u010davaju masnu degeneraciju jetre i obezbe\u0111uju transport masti do \u0107elija, \u0161to je neophodno za pravilno funkcionisanje nervnog sistema. Doprinosi optimalnom rastu mladih golubova i veoma su va\u017eni tokom perioda menjanja perja. Sve ovo \u010dini Carechol proizvodom koji se mo\u017ee davati tokom cele godine.<\/div>\n<h6>Doziranje:<\/h6>\n<div>Tokom menjanja perja: 10 ml na 1 l vode ili 1 kg hrane, dva puta nedeljno<\/div>\n<div>Tokom sezone letenja: 10 ml na 1 l vode ili 1 kg hrane, jednom nedeljno<\/div>\n<div>Kao terapijski tretman: 10 ml na 1 l vode ili 1 kg hrane, 5 uzastopnih dana<\/div>\n<h6>Paket:<\/h6>\n<div>1000 ml oralne te\u010dnosti za tretman golubova i kaveznih ptica od 300 do 3000 grama telesne te\u017eine.<\/div>\n<h6>Sastav:<\/h6>\n<div>Metionin: 1 % ; Holin: 15 % ; Glukoza: 60 % ; Neaktivni sastojci q.s. do 100 %<\/div>\n","protected":false},"excerpt":{"rendered":"<p>Indikacija: Metionin i holin su esencijalne sumporne aminokiseline koje \u0161tite jetru i bubrege, spre\u010davaju masnu degeneraciju jetre i obezbe\u0111uju transport masti do&hellip;<\/p>\n","protected":false},"featured_media":13572,"template":"","meta":[],"product_cat":[306,305],"product_tag":[],"class_list":{"0":"post-13818","1":"product","2":"type-product","3":"status-publish","4":"has-post-thumbnail","6":"product_cat-306","7":"product_cat-305","9":"first","10":"instock","11":"shipping-taxable","12":"product-type-simple"},"_links":{"self":[{"href":"https:\/\/care4birds.bg\/sr\/wp-json\/wp\/v2\/product\/13818","targetHints":{"allow":["GET"]}}],"collection":[{"href":"https:\/\/care4birds.bg\/sr\/wp-json\/wp\/v2\/product"}],"about":[{"href":"https:\/\/care4birds.bg\/sr\/wp-json\/wp\/v2\/types\/product"}],"wp:featuredmedia":[{"embeddable":true,"href":"https:\/\/care4birds.bg\/sr\/wp-json\/wp\/v2\/media\/13572"}],"wp:attachment":[{"href":"https:\/\/care4birds.bg\/sr\/wp-json\/wp\/v2\/media?parent=13818"}],"wp:term":[{"taxonomy":"product_cat","embeddable":true,"href":"https:\/\/care4birds.bg\/sr\/wp-json\/wp\/v2\/product_cat?post=13818"},{"taxonomy":"product_tag","embeddable":true,"href":"https:\/\/care4birds.bg\/sr\/wp-json\/wp\/v2\/product_tag?post=13818"}],"curies":[{"name":"wp","href":"https:\/\/api.w.org\/{rel}","templated":true}]}}