{"id":13821,"date":"2025-11-03T11:07:01","date_gmt":"2025-11-03T11:07:01","guid":{"rendered":"https:\/\/care4birds.bg\/product\/caremin\/"},"modified":"2026-04-09T10:36:39","modified_gmt":"2026-04-09T10:36:39","slug":"caremin","status":"publish","type":"product","link":"https:\/\/care4birds.bg\/sr\/\u043f\u0440\u043e\u0438\u0437\u0432\u043e\u0434\/caremin\/","title":{"rendered":"Caremin"},"content":{"rendered":"<h6>Indikacija:<\/h6>\n<div>CAREMIN doprinosi dobrom zdravlju i poma\u017ee ja\u010danju imunog sistema kod mladih i starih golubova! CAREMIN se mo\u017ee davati tokom cele godine, ali je neophodan u periodima kada se od golubova zahteva mnogo, kao \u0161to su period gajenja, sezona letenja, period menjanja perja i nakon kurseva antibiotika ili vakcinacije. Mo\u017ee se davati putem vode za pi\u0107e ili dodavanjem u hranu.<\/div>\n<h6>Doziranje:<\/h6>\n<div>10 ml na 1 l vode za pi\u0107e ili 15 ml na 1 kg hrane, 2 puta nedeljno.<\/div>\n<div>Pre upotrebe protresti!<\/div>\n<h6>Paket:<\/h6>\n<div>1000 ml oralne te\u010dnosti za tretman golubova i kaveznih ptica od 300 do 3000 grama telesne te\u017eine.<\/div>\n<h6>Sastav:<\/h6>\n<div>Vitamin A: 6250 I.E.<br \/>\nVitamin D3: 1250 I.E.<br \/>\nVitamin B1: 375 mg<br \/>\nVitamin B2: 313 mg<br \/>\nVitamin B6: 500 mg<br \/>\nVitamin B12: 125 mcg<br \/>\nVitamin B3: 5 mg<br \/>\nVitamin C: 5 mg<br \/>\nVitamin E: 2,5 mg<br \/>\nVitamin K3: 750 mg<br \/>\nFolna kiselina: 13 mg<br \/>\nKalcijum pantotenat: 1,625 mg<br \/>\nL-Arginin: 400 mg<br \/>\nL-Aspartinska kiselina: 1,8 g<br \/>\nGlicin: 340 mg<br \/>\nLeucin: 1,7 g<br \/>\nLizina: 1,56 g<br \/>\nMetionin: 360 mg<br \/>\nTirozin: 520 mg<br \/>\nValin: 960 mg<br \/>\nNeaktivni sastojci q.s. do 1000 ml<\/div>\n<div>Dr\u017eati van doma\u0161aja dece.<br \/>\nSamo za oralnu primenu kod \u017eivotinja koje nisu namenjene za ljudsku ishranu.<br \/>\n\u010cuvati na suvom mestu, van direktne sun\u010deve svetlosti, izme\u0111u 0 i 30\u02daC.<br \/>\nNajbolje upotrebiti do: pogledati pakovanje.<\/div>\n","protected":false},"excerpt":{"rendered":"<p>Indikacija: CAREMIN doprinosi dobrom zdravlju i poma\u017ee ja\u010danju imunog sistema kod mladih i starih golubova! CAREMIN se mo\u017ee davati tokom cele godine,&hellip;<\/p>\n","protected":false},"featured_media":13574,"template":"","meta":[],"product_cat":[306,305],"product_tag":[],"class_list":{"0":"post-13821","1":"product","2":"type-product","3":"status-publish","4":"has-post-thumbnail","6":"product_cat-306","7":"product_cat-305","9":"first","10":"instock","11":"shipping-taxable","12":"product-type-simple"},"_links":{"self":[{"href":"https:\/\/care4birds.bg\/sr\/wp-json\/wp\/v2\/product\/13821","targetHints":{"allow":["GET"]}}],"collection":[{"href":"https:\/\/care4birds.bg\/sr\/wp-json\/wp\/v2\/product"}],"about":[{"href":"https:\/\/care4birds.bg\/sr\/wp-json\/wp\/v2\/types\/product"}],"wp:featuredmedia":[{"embeddable":true,"href":"https:\/\/care4birds.bg\/sr\/wp-json\/wp\/v2\/media\/13574"}],"wp:attachment":[{"href":"https:\/\/care4birds.bg\/sr\/wp-json\/wp\/v2\/media?parent=13821"}],"wp:term":[{"taxonomy":"product_cat","embeddable":true,"href":"https:\/\/care4birds.bg\/sr\/wp-json\/wp\/v2\/product_cat?post=13821"},{"taxonomy":"product_tag","embeddable":true,"href":"https:\/\/care4birds.bg\/sr\/wp-json\/wp\/v2\/product_tag?post=13821"}],"curies":[{"name":"wp","href":"https:\/\/api.w.org\/{rel}","templated":true}]}}