{"id":13824,"date":"2025-11-03T11:06:31","date_gmt":"2025-11-03T11:06:31","guid":{"rendered":"https:\/\/care4birds.bg\/product\/bathsalt\/"},"modified":"2026-04-09T10:37:59","modified_gmt":"2026-04-09T10:37:59","slug":"bathsalt","status":"publish","type":"product","link":"https:\/\/care4birds.bg\/sr\/\u043f\u0440\u043e\u0438\u0437\u0432\u043e\u0434\/bathsalt\/","title":{"rendered":"Bathsalt"},"content":{"rendered":"<p><i>Idealna kupka so za golubove<\/i><\/p>\n<p>Preporu\u010duje se za sve sezone, a posebno tokom perjanja.<\/p>\n<ul>\n<li>\u010cini perje fleksibilnijim<\/li>\n<li>Podsti\u010de zamenu puha i uklanja ljuspice ko\u017ee<\/li>\n<li>Ja\u010de perje<\/li>\n<li>Opusta mi\u0161i\u0107e<\/li>\n<li>Uklanja ljuspice ko\u017ee bez uticaja na kondiciju golubova.<\/li>\n<\/ul>\n<h6>Doziranje:<\/h6>\n<p>1 puna merica (20 g) na 10 l vode, jednom ili dva puta nedeljno.<br \/>\nPosebno tokom sezone perjanja: 2 kupke nedeljno.<\/p>\n","protected":false},"excerpt":{"rendered":"<p>Idealna kupka so za golubove Preporu\u010duje se za sve sezone, a posebno tokom perjanja. \u010cini perje fleksibilnijim Podsti\u010de zamenu puha i uklanja&hellip;<\/p>\n","protected":false},"featured_media":13576,"template":"","meta":[],"product_cat":[306],"product_tag":[],"class_list":{"0":"post-13824","1":"product","2":"type-product","3":"status-publish","4":"has-post-thumbnail","6":"product_cat-306","8":"first","9":"instock","10":"shipping-taxable","11":"product-type-simple"},"_links":{"self":[{"href":"https:\/\/care4birds.bg\/sr\/wp-json\/wp\/v2\/product\/13824","targetHints":{"allow":["GET"]}}],"collection":[{"href":"https:\/\/care4birds.bg\/sr\/wp-json\/wp\/v2\/product"}],"about":[{"href":"https:\/\/care4birds.bg\/sr\/wp-json\/wp\/v2\/types\/product"}],"wp:featuredmedia":[{"embeddable":true,"href":"https:\/\/care4birds.bg\/sr\/wp-json\/wp\/v2\/media\/13576"}],"wp:attachment":[{"href":"https:\/\/care4birds.bg\/sr\/wp-json\/wp\/v2\/media?parent=13824"}],"wp:term":[{"taxonomy":"product_cat","embeddable":true,"href":"https:\/\/care4birds.bg\/sr\/wp-json\/wp\/v2\/product_cat?post=13824"},{"taxonomy":"product_tag","embeddable":true,"href":"https:\/\/care4birds.bg\/sr\/wp-json\/wp\/v2\/product_tag?post=13824"}],"curies":[{"name":"wp","href":"https:\/\/api.w.org\/{rel}","templated":true}]}}