{"id":13829,"date":"2025-11-03T11:03:01","date_gmt":"2025-11-03T11:03:01","guid":{"rendered":"https:\/\/care4birds.bg\/product\/orni-super-mix\/"},"modified":"2026-04-09T10:39:33","modified_gmt":"2026-04-09T10:39:33","slug":"orni-super-mix","status":"publish","type":"product","link":"https:\/\/care4birds.bg\/sr\/\u043f\u0440\u043e\u0438\u0437\u0432\u043e\u0434\/orni-super-mix\/","title":{"rendered":"Orni Super Mix"},"content":{"rendered":"<div>\n<h6>Indikacije:<\/h6>\n<p>Ornithosis, Mycoplasmosis, respiratorni problemi i kandida.\n<\/p><\/div>\n<h6>Simptomi:<\/h6>\n<div>\u010cupanje pera, \u010de\u0161anje glave, crveno grlo, zevanje, upala tre\u0107eg kapka (posebno kod mladih golubova), prljavi nos, plavi\u010dasta ko\u017ea, ote\u010dena glava, jedno hladno oko, mokre o\u010di, sekrecija.<\/div>\n<h6>Doziranje:<\/h6>\n<div><i>ORNI SUPER MIX PRAH<\/i><br \/>\nPrevencija: 1 merica (=5 g) za 2 litre vode za pi\u0107e 1-2 dana, svake 2 nedelje,\n<\/div>\n<div>po mogu\u0107stvu po\u010dev\u0161i dan nakon trke.<\/div>\n<div>Le\u010denje: 1 merica (=5 g) za 2 litre vode za pi\u0107e 5-7 uzastopnih dana.<\/div>\n<div>Ovaj tretman se mo\u017ee ponoviti po potrebi nakon nekoliko dana.<\/div>\n<div>Dobro prome\u0161ati pre upotrebe!<\/div>\n<div>Orni Super Mix je prah rastvorljiv u vodi, mo\u017ee se davati i sa hranom.<\/div>\n<div>\nMerica 1+5 g u pakovanju.<\/p>\n<p><i>ORNI SUPER MIX TABLETE<\/i><br \/>\nPreventivno: 1 tableta po golubu (400-500 g telesne mase) 1-2 uzastopna dana.<br \/>\nKuratvno: 1 tableta po golubu (400-500 g telesne mase) 3-5 uzastopnih dana ili po uputstvu veterinara.\n<\/div>\n<h6>Sadr\u017ei:<\/h6>\n<p><i>ORNI SUPER MIX PRAH<\/i><br \/>\nDoksiciklin Hiclat 6%, Spiramicin Adipat 10%, Metronidazol 10%, Bromheksin HCl 2%, neaktivni sastojci q.s. do 100 g.<\/p>\n<p><i>ORNI SUPER MIX TABLETE<\/i><br \/>\n<i>Doksiciklin Hiclat<\/i> 102 mg\/g; <i>Spiramicin Adipat<\/i> 80 mg\/g; <i>Metronidazol<\/i> 100 mg\/g; <i>Bromheksin HCl<\/i> 20 mg\/g<\/p>\n","protected":false},"excerpt":{"rendered":"<p>Indikacije: Ornithosis, Mycoplasmosis, respiratorni problemi i kandida. Simptomi: \u010cupanje pera, \u010de\u0161anje glave, crveno grlo, zevanje, upala tre\u0107eg kapka (posebno kod mladih golubova),&hellip;<\/p>\n","protected":false},"featured_media":13830,"template":"","meta":[],"product_cat":[300],"product_tag":[],"class_list":{"0":"post-13829","1":"product","2":"type-product","3":"status-publish","4":"has-post-thumbnail","6":"product_cat-300","8":"first","9":"instock","10":"shipping-taxable","11":"product-type-simple"},"_links":{"self":[{"href":"https:\/\/care4birds.bg\/sr\/wp-json\/wp\/v2\/product\/13829","targetHints":{"allow":["GET"]}}],"collection":[{"href":"https:\/\/care4birds.bg\/sr\/wp-json\/wp\/v2\/product"}],"about":[{"href":"https:\/\/care4birds.bg\/sr\/wp-json\/wp\/v2\/types\/product"}],"wp:featuredmedia":[{"embeddable":true,"href":"https:\/\/care4birds.bg\/sr\/wp-json\/wp\/v2\/media\/13830"}],"wp:attachment":[{"href":"https:\/\/care4birds.bg\/sr\/wp-json\/wp\/v2\/media?parent=13829"}],"wp:term":[{"taxonomy":"product_cat","embeddable":true,"href":"https:\/\/care4birds.bg\/sr\/wp-json\/wp\/v2\/product_cat?post=13829"},{"taxonomy":"product_tag","embeddable":true,"href":"https:\/\/care4birds.bg\/sr\/wp-json\/wp\/v2\/product_tag?post=13829"}],"curies":[{"name":"wp","href":"https:\/\/api.w.org\/{rel}","templated":true}]}}